{"id":23800,"date":"2026-02-04T01:11:36","date_gmt":"2026-02-03T22:11:36","guid":{"rendered":"https:\/\/a-pant.ee\/product\/akkumulyatornaya-drel-bosch-psb1800-li-2-komplekt\/"},"modified":"2026-02-22T12:39:43","modified_gmt":"2026-02-22T09:39:43","slug":"akkumulyatornaya-drel-bosch-psb1800-li-2-komplekt-chemodan","status":"publish","type":"product","link":"https:\/\/a-pant.ee\/ru\/product\/akkumulyatornaya-drel-bosch-psb1800-li-2-komplekt-chemodan\/","title":{"rendered":"\u0410\u043a\u043a\u0443\u043c\u0443\u043b\u044f\u0442\u043e\u0440\u043d\u0430\u044f \u0434\u0440\u0435\u043b\u044c Bosch PSB1800 Li-2 (\u043a\u043e\u043c\u043f\u043b\u0435\u043a\u0442) + \u0447\u0435\u043c\u043e\u0434\u0430\u043d"},"content":{"rendered":"\n<p> Akutrell Bosch PSB1800 Li-2 (komplekt) + kohver + tsekk\u00a0, heas seisu- ja t\u00f6\u00f6korras! <\/p><p> KIRJELDUS <\/p><p> Toode L\u00f6\u00f6ktrell <\/p><p> Toide Akuga <\/p><p> Kaal, kg 1.3 <\/p><p> RPM, min- 10 &#8212; 400; 0 \u2013 1350 <\/p><p> L\u00f6\u00f6kide arv minutis 0 \u2013 20250 <\/p><p> Max p\u00f6\u00f6rdemoment, Nm 38 <\/p><p> Padruni suurus, mm 1 \u2013 10 <\/p><p> Max l\u00e4bim\u00f5\u00f5t puidus, mm 30 <\/p><p> Max l\u00e4bim\u00f5\u00f5t metallis, mm 10 <\/p><p> Pinge, V 18 <\/p><p> Aku maht, ah 1.5 <\/p><p> Aku t\u00fc\u00fcp Li-Ion <\/p><p> Komplekti kuuluvate akude arv 2 Kohver J\u0101 <\/p><p> P\u00f6\u00f6rlemissuund Parem\/Vasak <\/p><p> L\u00f6\u00f6gire\u017eiim J\u0101 <\/p><p> Valgusallikas LED <\/p><p> Max l\u00e4bim\u00f5\u00f5t seinas, mm 10 <\/p><p> P\u00f6\u00f6rdemomendi asendid 20+2 <\/p><p> T\u00f6\u00f6valgus J\u0101 <\/p><p> Laadija kaasas J\u0101 <\/p><p> Min. p\u00f6\u00f6rdemoment, Nm 19 <\/p>\n","protected":false},"excerpt":{"rendered":"<p>Akutrell Bosch PSB1800 Li-2 (komplekt) + kohver + tsekk\u00a0, heas seisu- ja t\u00f6\u00f6korras! KIRJELDUS Toode L\u00f6\u00f6ktrell Toide Akuga Kaal, kg 1.3 RPM, min- 10 &#8212; 400; 0 \u2013 1350 L\u00f6\u00f6kide arv minutis 0 \u2013 20250 Max p\u00f6\u00f6rdemoment, Nm 38 Padruni suurus, mm 1 \u2013 10 Max l\u00e4bim\u00f5\u00f5t puidus, mm 30 Max l\u00e4bim\u00f5\u00f5t metallis, mm 10 [&hellip;]<\/p>\n","protected":false},"featured_media":23801,"comment_status":"closed","ping_status":"open","template":"","meta":{"inline_featured_image":false},"product_brand":[],"product_cat":[221],"product_tag":[],"class_list":{"0":"post-23800","1":"product","2":"type-product","3":"status-publish","4":"has-post-thumbnail","6":"product_cat-akkumulyatornye-dreli","7":"pa_asukoht-lasnamae","8":"pa_seisukord-ispolzovano","10":"first","11":"outofstock","12":"taxable","13":"shipping-taxable","14":"purchasable","15":"product-type-simple"},"_links":{"self":[{"href":"https:\/\/a-pant.ee\/ru\/wp-json\/wp\/v2\/product\/23800","targetHints":{"allow":["GET"]}}],"collection":[{"href":"https:\/\/a-pant.ee\/ru\/wp-json\/wp\/v2\/product"}],"about":[{"href":"https:\/\/a-pant.ee\/ru\/wp-json\/wp\/v2\/types\/product"}],"replies":[{"embeddable":true,"href":"https:\/\/a-pant.ee\/ru\/wp-json\/wp\/v2\/comments?post=23800"}],"wp:featuredmedia":[{"embeddable":true,"href":"https:\/\/a-pant.ee\/ru\/wp-json\/wp\/v2\/media\/23801"}],"wp:attachment":[{"href":"https:\/\/a-pant.ee\/ru\/wp-json\/wp\/v2\/media?parent=23800"}],"wp:term":[{"taxonomy":"product_brand","embeddable":true,"href":"https:\/\/a-pant.ee\/ru\/wp-json\/wp\/v2\/product_brand?post=23800"},{"taxonomy":"product_cat","embeddable":true,"href":"https:\/\/a-pant.ee\/ru\/wp-json\/wp\/v2\/product_cat?post=23800"},{"taxonomy":"product_tag","embeddable":true,"href":"https:\/\/a-pant.ee\/ru\/wp-json\/wp\/v2\/product_tag?post=23800"}],"curies":[{"name":"wp","href":"https:\/\/api.w.org\/{rel}","templated":true}]}}