{"id":23790,"date":"2026-02-04T01:11:36","date_gmt":"2026-02-03T22:11:36","guid":{"rendered":"https:\/\/a-pant.ee\/product\/kolonka-psk-e15\/"},"modified":"2026-02-22T12:39:43","modified_gmt":"2026-02-22T09:39:43","slug":"kolonka-psk-e15","status":"publish","type":"product","link":"https:\/\/a-pant.ee\/ru\/product\/kolonka-psk-e15\/","title":{"rendered":"\u041a\u043e\u043b\u043e\u043d\u043a\u0430 PSK E15"},"content":{"rendered":"\n<p> K\u00f5lar PSK E15, heas seisu- ja t\u00f6\u00f6korras! <\/p><p> Saadaval\u00a06 tk. <\/p><p> KIRJELDUS <br \/><br \/> &#171;15&#187; Two ways speaker <br \/> Woofer 15, <strong> V\u00e4ike tvitter puudub <\/strong><br \/> Impedence 8 Ohm <br \/> SPL 98 + \/ -2DB <br \/> Frequency responcy 30hz &#8212; 20Khz <\/p>\n","protected":false},"excerpt":{"rendered":"<p>K\u00f5lar PSK E15, heas seisu- ja t\u00f6\u00f6korras! Saadaval\u00a06 tk. KIRJELDUS &#171;15&#187; Two ways speaker Woofer 15, V\u00e4ike tvitter puudub Impedence 8 Ohm SPL 98 + \/ -2DB Frequency responcy 30hz &#8212; 20Khz<\/p>\n","protected":false},"featured_media":23791,"comment_status":"closed","ping_status":"closed","template":"","meta":{"inline_featured_image":false},"product_brand":[],"product_cat":[167],"product_tag":[],"class_list":{"0":"post-23790","1":"product","2":"type-product","3":"status-publish","4":"has-post-thumbnail","6":"product_cat-kolonki","7":"product_shipping_class-oversize","8":"pa_asukoht-lasnamae","9":"pa_seisukord-ispolzovano","11":"first","12":"instock","13":"taxable","14":"shipping-taxable","15":"purchasable","16":"product-type-simple"},"_links":{"self":[{"href":"https:\/\/a-pant.ee\/ru\/wp-json\/wp\/v2\/product\/23790","targetHints":{"allow":["GET"]}}],"collection":[{"href":"https:\/\/a-pant.ee\/ru\/wp-json\/wp\/v2\/product"}],"about":[{"href":"https:\/\/a-pant.ee\/ru\/wp-json\/wp\/v2\/types\/product"}],"replies":[{"embeddable":true,"href":"https:\/\/a-pant.ee\/ru\/wp-json\/wp\/v2\/comments?post=23790"}],"wp:featuredmedia":[{"embeddable":true,"href":"https:\/\/a-pant.ee\/ru\/wp-json\/wp\/v2\/media\/23791"}],"wp:attachment":[{"href":"https:\/\/a-pant.ee\/ru\/wp-json\/wp\/v2\/media?parent=23790"}],"wp:term":[{"taxonomy":"product_brand","embeddable":true,"href":"https:\/\/a-pant.ee\/ru\/wp-json\/wp\/v2\/product_brand?post=23790"},{"taxonomy":"product_cat","embeddable":true,"href":"https:\/\/a-pant.ee\/ru\/wp-json\/wp\/v2\/product_cat?post=23790"},{"taxonomy":"product_tag","embeddable":true,"href":"https:\/\/a-pant.ee\/ru\/wp-json\/wp\/v2\/product_tag?post=23790"}],"curies":[{"name":"wp","href":"https:\/\/api.w.org\/{rel}","templated":true}]}}