{"id":23784,"date":"2026-02-04T01:11:36","date_gmt":"2026-02-03T22:11:36","guid":{"rendered":"https:\/\/a-pant.ee\/product\/dron-dji-mavic-mini-korobka-pult\/"},"modified":"2026-02-22T12:39:43","modified_gmt":"2026-02-22T09:39:43","slug":"dron-dji-mavic-mini-korobka-pult","status":"publish","type":"product","link":"https:\/\/a-pant.ee\/ru\/product\/dron-dji-mavic-mini-korobka-pult\/","title":{"rendered":"\u0414\u0440\u043e\u043d DJI Mavic Mini + \u041a\u043e\u0440\u043e\u0431\u043a\u0430 + \u041f\u0443\u043b\u044c\u0442"},"content":{"rendered":"\n<p> DJI Mavic Mini + Karp + Pult, heas seisu- ja t\u00f6\u00f6korras! <\/p><p> KIRJELDUS <\/p><p> Lennuaeg 30 minutit <br \/> Vahemaa kuni 4 km <br \/> Kaamera 2.7K, FHD <br \/> M\u00e4lu toetab <br \/> Laadimisaeg kuni 1 tund <\/p>\n","protected":false},"excerpt":{"rendered":"<p>DJI Mavic Mini + Karp + Pult, heas seisu- ja t\u00f6\u00f6korras! KIRJELDUS Lennuaeg 30 minutit Vahemaa kuni 4 km Kaamera 2.7K, FHD M\u00e4lu toetab Laadimisaeg kuni 1 tund<\/p>\n","protected":false},"featured_media":23785,"comment_status":"closed","ping_status":"open","template":"","meta":{"inline_featured_image":false},"product_brand":[],"product_cat":[161],"product_tag":[],"class_list":{"0":"post-23784","1":"product","2":"type-product","3":"status-publish","4":"has-post-thumbnail","6":"product_cat-kvadrokoptery","7":"pa_asukoht-mustamae","8":"pa_seisukord-ispolzovano","10":"first","11":"instock","12":"taxable","13":"shipping-taxable","14":"purchasable","15":"product-type-simple"},"_links":{"self":[{"href":"https:\/\/a-pant.ee\/ru\/wp-json\/wp\/v2\/product\/23784","targetHints":{"allow":["GET"]}}],"collection":[{"href":"https:\/\/a-pant.ee\/ru\/wp-json\/wp\/v2\/product"}],"about":[{"href":"https:\/\/a-pant.ee\/ru\/wp-json\/wp\/v2\/types\/product"}],"replies":[{"embeddable":true,"href":"https:\/\/a-pant.ee\/ru\/wp-json\/wp\/v2\/comments?post=23784"}],"wp:featuredmedia":[{"embeddable":true,"href":"https:\/\/a-pant.ee\/ru\/wp-json\/wp\/v2\/media\/23785"}],"wp:attachment":[{"href":"https:\/\/a-pant.ee\/ru\/wp-json\/wp\/v2\/media?parent=23784"}],"wp:term":[{"taxonomy":"product_brand","embeddable":true,"href":"https:\/\/a-pant.ee\/ru\/wp-json\/wp\/v2\/product_brand?post=23784"},{"taxonomy":"product_cat","embeddable":true,"href":"https:\/\/a-pant.ee\/ru\/wp-json\/wp\/v2\/product_cat?post=23784"},{"taxonomy":"product_tag","embeddable":true,"href":"https:\/\/a-pant.ee\/ru\/wp-json\/wp\/v2\/product_tag?post=23784"}],"curies":[{"name":"wp","href":"https:\/\/api.w.org\/{rel}","templated":true}]}}