{"id":23777,"date":"2026-02-04T01:11:36","date_gmt":"2026-02-03T22:11:36","guid":{"rendered":"https:\/\/a-pant.ee\/product\/elektricheskiy-samokat-cityway-ar-m1-black\/"},"modified":"2026-02-22T12:39:42","modified_gmt":"2026-02-22T09:39:42","slug":"elektricheskij-samokat-cityway-ar-m1-black-zaryadka","status":"publish","type":"product","link":"https:\/\/a-pant.ee\/ru\/product\/elektricheskij-samokat-cityway-ar-m1-black-zaryadka\/","title":{"rendered":"\u042d\u043b\u0435\u043a\u0442\u0440\u0438\u0447\u0435\u0441\u043a\u0438\u0439 \u0441\u0430\u043c\u043e\u043a\u0430\u0442 CityWay AR-M1 Black + \u0417\u0430\u0440\u044f\u0434\u043a\u0430"},"content":{"rendered":"\n<p> Elektriline t\u00f5ukerattas CityWay AR-M1 Black + Laadija\u00a0, heas seisu- ja t\u00f6\u00f6korras! <\/p><p> KIRJELDUS <\/p><p> Kategooria: Elektrit\u00f5ukerattad <\/p><p> Kaubam\u00e4rk: Cityway <\/p><p> Nominaalne v\u00f5imsus: 500 W <\/p><p> Maksimaalne kasutaja kaal: 120 kg <\/p><p> Ratta l\u00e4bim\u00f5\u00f5t: 8.5&#8243; (21.6 cm) <\/p><p> Maks. kiirus: 25 km\/h <\/p><p> Istmega: Ei <\/p><p> K\u00f5ik tooted sellelt kaubam\u00e4rgilt: K\u00f5ik Cityway tooted <\/p>\n","protected":false},"excerpt":{"rendered":"<p>Elektriline t\u00f5ukerattas CityWay AR-M1 Black + Laadija\u00a0, heas seisu- ja t\u00f6\u00f6korras! KIRJELDUS Kategooria: Elektrit\u00f5ukerattad Kaubam\u00e4rk: Cityway Nominaalne v\u00f5imsus: 500 W Maksimaalne kasutaja kaal: 120 kg Ratta l\u00e4bim\u00f5\u00f5t: 8.5&#8243; (21.6 cm) Maks. kiirus: 25 km\/h Istmega: Ei K\u00f5ik tooted sellelt kaubam\u00e4rgilt: K\u00f5ik Cityway tooted<\/p>\n","protected":false},"featured_media":23778,"comment_status":"closed","ping_status":"open","template":"","meta":{"inline_featured_image":false},"product_brand":[],"product_cat":[215],"product_tag":[],"class_list":{"0":"post-23777","1":"product","2":"type-product","3":"status-publish","4":"has-post-thumbnail","6":"product_cat-elektricheskie-samokaty","7":"product_shipping_class-oversize","8":"pa_asukoht-lasnamae","9":"pa_seisukord-ispolzovano","11":"first","12":"instock","13":"taxable","14":"shipping-taxable","15":"purchasable","16":"product-type-simple"},"_links":{"self":[{"href":"https:\/\/a-pant.ee\/ru\/wp-json\/wp\/v2\/product\/23777","targetHints":{"allow":["GET"]}}],"collection":[{"href":"https:\/\/a-pant.ee\/ru\/wp-json\/wp\/v2\/product"}],"about":[{"href":"https:\/\/a-pant.ee\/ru\/wp-json\/wp\/v2\/types\/product"}],"replies":[{"embeddable":true,"href":"https:\/\/a-pant.ee\/ru\/wp-json\/wp\/v2\/comments?post=23777"}],"wp:featuredmedia":[{"embeddable":true,"href":"https:\/\/a-pant.ee\/ru\/wp-json\/wp\/v2\/media\/23778"}],"wp:attachment":[{"href":"https:\/\/a-pant.ee\/ru\/wp-json\/wp\/v2\/media?parent=23777"}],"wp:term":[{"taxonomy":"product_brand","embeddable":true,"href":"https:\/\/a-pant.ee\/ru\/wp-json\/wp\/v2\/product_brand?post=23777"},{"taxonomy":"product_cat","embeddable":true,"href":"https:\/\/a-pant.ee\/ru\/wp-json\/wp\/v2\/product_cat?post=23777"},{"taxonomy":"product_tag","embeddable":true,"href":"https:\/\/a-pant.ee\/ru\/wp-json\/wp\/v2\/product_tag?post=23777"}],"curies":[{"name":"wp","href":"https:\/\/api.w.org\/{rel}","templated":true}]}}