{"id":23765,"date":"2026-02-04T01:11:36","date_gmt":"2026-02-03T22:11:36","guid":{"rendered":"https:\/\/a-pant.ee\/product\/lazer-meganex-megl003\/"},"modified":"2026-02-22T12:39:42","modified_gmt":"2026-02-22T09:39:42","slug":"lazer-meganex-megl003","status":"publish","type":"product","link":"https:\/\/a-pant.ee\/ru\/product\/lazer-meganex-megl003\/","title":{"rendered":"\u041b\u0430\u0437\u0435\u0440 Meganex MEGL003"},"content":{"rendered":"\n<p> Ristjoonlaser Meganex MEGL003\u00a0, heas seisu- ja t\u00f6\u00f6korras! <\/p><p><br \/><br \/> &#8212; t\u00e4psus \u00b10,5 mm\/m <br \/> &#8212; t\u00f6\u00f6raadius 10 m <br \/> &#8212; iseloodimisulatus \u00b14\u00b0 <br \/> &#8212; iseloodimisaeg &lt; 5 sek <br \/> &#8212; kui seade on v\u00e4ljapool iseloodimisala, muutub LED punaseks ja laserjoon vilgub <br \/> &#8212; funktsioonid: ristjoon, horisontaalne joon, vertikaalne joon, lukustatud joonenurk (manuaalre\u017eiimil, kus on v\u00f5imalik seada nurk kahe mis tahes punkti vahele) <br \/> &#8212; \u00e4\u00e4rmiselt lihtne kasutada <br \/> &#8212; jalakinnitusel 1\/4&#8243; keere <br \/> &#8212; h\u00e4sti n\u00e4htav punane laserkiir (joonlaser 650 nm, klass 2, &lt; 1 mW) <br \/> &#8212; 2 x 1,5 V AA-patareid (komplektis) <br \/> &#8212; patareide t\u00f6\u00f6iga 15 h <br \/> &#8212; tolmu- ja pritsmekindel <br \/> &#8212; t\u00f6\u00f6keskkonna temperatuur 0&#8230;+40 \u00b0C <br \/> &#8212; m\u00f5\u00f5tmed (P x L x K) 71 x 56 x 86 mm <\/p>\n","protected":false},"excerpt":{"rendered":"<p>Ristjoonlaser Meganex MEGL003\u00a0, heas seisu- ja t\u00f6\u00f6korras! &#8212; t\u00e4psus \u00b10,5 mm\/m &#8212; t\u00f6\u00f6raadius 10 m &#8212; iseloodimisulatus \u00b14\u00b0 &#8212; iseloodimisaeg &lt; 5 sek &#8212; kui seade on v\u00e4ljapool iseloodimisala, muutub LED punaseks ja laserjoon vilgub &#8212; funktsioonid: ristjoon, horisontaalne joon, vertikaalne joon, lukustatud joonenurk (manuaalre\u017eiimil, kus on v\u00f5imalik seada nurk kahe mis tahes punkti vahele) [&hellip;]<\/p>\n","protected":false},"featured_media":23766,"comment_status":"closed","ping_status":"open","template":"","meta":{"inline_featured_image":false},"product_brand":[],"product_cat":[232],"product_tag":[],"class_list":{"0":"post-23765","1":"product","2":"type-product","3":"status-publish","4":"has-post-thumbnail","6":"product_cat-lazernye-niveliry","7":"pa_asukoht-mustamae","8":"pa_seisukord-ispolzovano","10":"first","11":"instock","12":"taxable","13":"shipping-taxable","14":"purchasable","15":"product-type-simple"},"_links":{"self":[{"href":"https:\/\/a-pant.ee\/ru\/wp-json\/wp\/v2\/product\/23765","targetHints":{"allow":["GET"]}}],"collection":[{"href":"https:\/\/a-pant.ee\/ru\/wp-json\/wp\/v2\/product"}],"about":[{"href":"https:\/\/a-pant.ee\/ru\/wp-json\/wp\/v2\/types\/product"}],"replies":[{"embeddable":true,"href":"https:\/\/a-pant.ee\/ru\/wp-json\/wp\/v2\/comments?post=23765"}],"wp:featuredmedia":[{"embeddable":true,"href":"https:\/\/a-pant.ee\/ru\/wp-json\/wp\/v2\/media\/23766"}],"wp:attachment":[{"href":"https:\/\/a-pant.ee\/ru\/wp-json\/wp\/v2\/media?parent=23765"}],"wp:term":[{"taxonomy":"product_brand","embeddable":true,"href":"https:\/\/a-pant.ee\/ru\/wp-json\/wp\/v2\/product_brand?post=23765"},{"taxonomy":"product_cat","embeddable":true,"href":"https:\/\/a-pant.ee\/ru\/wp-json\/wp\/v2\/product_cat?post=23765"},{"taxonomy":"product_tag","embeddable":true,"href":"https:\/\/a-pant.ee\/ru\/wp-json\/wp\/v2\/product_tag?post=23765"}],"curies":[{"name":"wp","href":"https:\/\/api.w.org\/{rel}","templated":true}]}}