{"id":23740,"date":"2026-02-04T01:11:36","date_gmt":"2026-02-03T22:11:36","guid":{"rendered":"https:\/\/a-pant.ee\/product\/udarnaia-aku-drel-skil-3071ea\/"},"modified":"2026-02-22T12:39:42","modified_gmt":"2026-02-22T09:39:42","slug":"udarnaya-aku-drel-skil-3071ea-bez-aku","status":"publish","type":"product","link":"https:\/\/a-pant.ee\/ru\/product\/udarnaya-aku-drel-skil-3071ea-bez-aku\/","title":{"rendered":"\u0423\u0434\u0430\u0440\u043d\u0430\u044f \u0430\u043a\u0443-\u0434\u0440\u0435\u043b\u044c Skil 3071EA \u0431\u0435\u0437 \u0430\u043a\u0443"},"content":{"rendered":"\n<p> Harjavaba akul\u00f6\u00f6ktrell Skil 3071 ilma aku\u00a0, heas seisu- ja t\u00f6\u00f6korras! <\/p><p><br \/> Kauba t\u00fc\u00fcp: akutrelli draiverid <br \/> Kaubam\u00e4rk: Skil <br \/> Kaal: 2,1 kg <br \/> Mootori t\u00fc\u00fcp: harjadeta <br \/> P\u00f6\u00f6rete arv t\u00fchik\u00e4igul: 0-2000, 0-550 <br \/> K\u00e4ikude arv: 2 <br \/> Maksimaalne p\u00f6\u00f6rdemoment, Nm: 120 <br \/> K\u00e4epideme l\u00e4bim\u00f5\u00f5t: 10 mm <br \/> Max . augu l\u00e4bim\u00f5\u00f5t puidus: 65 mm <br \/> Max augu l\u00e4bim\u00f5\u00f5t terases: 13 mm <br \/> Max augu l\u00e4bim\u00f5\u00f5t betoonis: 16 mm <br \/> M\u00f5jure\u017eiim: jah <br \/> L\u00f6\u00f6kide arv minutis: 32000 <br \/> Aku t\u00fc\u00fcp: Li-ion <br \/> Kaasas aku: ei <br \/> Kaasas olevate patareide arv: 0 <br \/> Aku pinge: 18V <br \/> Kaasas laadija: ei <br \/> Sisseehitatud LED-valgustus: Jah <br \/> Lisainfo: T\u00fchik\u00e4ik: 0-2000, 0-550. Kiiruste arv: 2 BPM: 32000 Sisseehitatud LED valgustus: Jah <\/p>\n","protected":false},"excerpt":{"rendered":"<p>Harjavaba akul\u00f6\u00f6ktrell Skil 3071 ilma aku\u00a0, heas seisu- ja t\u00f6\u00f6korras! Kauba t\u00fc\u00fcp: akutrelli draiverid Kaubam\u00e4rk: Skil Kaal: 2,1 kg Mootori t\u00fc\u00fcp: harjadeta P\u00f6\u00f6rete arv t\u00fchik\u00e4igul: 0-2000, 0-550 K\u00e4ikude arv: 2 Maksimaalne p\u00f6\u00f6rdemoment, Nm: 120 K\u00e4epideme l\u00e4bim\u00f5\u00f5t: 10 mm Max . augu l\u00e4bim\u00f5\u00f5t puidus: 65 mm Max augu l\u00e4bim\u00f5\u00f5t terases: 13 mm Max augu l\u00e4bim\u00f5\u00f5t betoonis: [&hellip;]<\/p>\n","protected":false},"featured_media":23741,"comment_status":"closed","ping_status":"open","template":"","meta":{"inline_featured_image":false},"product_brand":[],"product_cat":[221],"product_tag":[],"class_list":{"0":"post-23740","1":"product","2":"type-product","3":"status-publish","4":"has-post-thumbnail","6":"product_cat-akkumulyatornye-dreli","7":"pa_asukoht-mustamae","8":"pa_seisukord-ispolzovano","10":"first","11":"instock","12":"taxable","13":"shipping-taxable","14":"purchasable","15":"product-type-simple"},"_links":{"self":[{"href":"https:\/\/a-pant.ee\/ru\/wp-json\/wp\/v2\/product\/23740","targetHints":{"allow":["GET"]}}],"collection":[{"href":"https:\/\/a-pant.ee\/ru\/wp-json\/wp\/v2\/product"}],"about":[{"href":"https:\/\/a-pant.ee\/ru\/wp-json\/wp\/v2\/types\/product"}],"replies":[{"embeddable":true,"href":"https:\/\/a-pant.ee\/ru\/wp-json\/wp\/v2\/comments?post=23740"}],"wp:featuredmedia":[{"embeddable":true,"href":"https:\/\/a-pant.ee\/ru\/wp-json\/wp\/v2\/media\/23741"}],"wp:attachment":[{"href":"https:\/\/a-pant.ee\/ru\/wp-json\/wp\/v2\/media?parent=23740"}],"wp:term":[{"taxonomy":"product_brand","embeddable":true,"href":"https:\/\/a-pant.ee\/ru\/wp-json\/wp\/v2\/product_brand?post=23740"},{"taxonomy":"product_cat","embeddable":true,"href":"https:\/\/a-pant.ee\/ru\/wp-json\/wp\/v2\/product_cat?post=23740"},{"taxonomy":"product_tag","embeddable":true,"href":"https:\/\/a-pant.ee\/ru\/wp-json\/wp\/v2\/product_tag?post=23740"}],"curies":[{"name":"wp","href":"https:\/\/api.w.org\/{rel}","templated":true}]}}