{"id":23721,"date":"2026-02-04T01:04:35","date_gmt":"2026-02-03T22:04:35","guid":{"rendered":"https:\/\/a-pant.ee\/product\/noutbuk-lenovo-thinkpad-x250-zaryadka\/"},"modified":"2026-02-22T12:47:05","modified_gmt":"2026-02-22T09:47:05","slug":"noutbuk-lenovo-thinkpad-x250-zaryadka","status":"publish","type":"product","link":"https:\/\/a-pant.ee\/ru\/product\/noutbuk-lenovo-thinkpad-x250-zaryadka\/","title":{"rendered":"\u041d\u043e\u0443\u0442\u0431\u0443\u043a Lenovo Thinkpad x250 + \u0437\u0430\u0440\u044f\u0434\u043a\u0430"},"content":{"rendered":"\n<p> Sulearvuti Lenovo Thinkpad x250 + laadija\u00a0, heas seisu- ja t\u00f6\u00f6korras! <\/p><p> KIRJELDUS <\/p><p> Protsessor (CPU) :Intel Core i7-5600U <\/p><p> Operatiiv m\u00e4lu : 8 GB <\/p><p> Videokaart (CPU):Intel Graphics 5500 128mb <\/p><p> K\u00f5vaketas:256GB SSD <\/p><p> Operatsioonis\u00fcsteem: Windows 10 <\/p><p> display: 12 <\/p>\n","protected":false},"excerpt":{"rendered":"<p>Sulearvuti Lenovo Thinkpad x250 + laadija\u00a0, heas seisu- ja t\u00f6\u00f6korras! KIRJELDUS Protsessor (CPU) :Intel Core i7-5600U Operatiiv m\u00e4lu : 8 GB Videokaart (CPU):Intel Graphics 5500 128mb K\u00f5vaketas:256GB SSD Operatsioonis\u00fcsteem: Windows 10 display: 12<\/p>\n","protected":false},"featured_media":23722,"comment_status":"closed","ping_status":"open","template":"","meta":{"inline_featured_image":false},"product_brand":[],"product_cat":[179],"product_tag":[],"class_list":{"0":"post-23721","1":"product","2":"type-product","3":"status-publish","4":"has-post-thumbnail","6":"product_cat-noutbuki","7":"pa_asukoht-mustamae","8":"pa_seisukord-ispolzovano","10":"first","11":"instock","12":"taxable","13":"shipping-taxable","14":"purchasable","15":"product-type-simple"},"_links":{"self":[{"href":"https:\/\/a-pant.ee\/ru\/wp-json\/wp\/v2\/product\/23721","targetHints":{"allow":["GET"]}}],"collection":[{"href":"https:\/\/a-pant.ee\/ru\/wp-json\/wp\/v2\/product"}],"about":[{"href":"https:\/\/a-pant.ee\/ru\/wp-json\/wp\/v2\/types\/product"}],"replies":[{"embeddable":true,"href":"https:\/\/a-pant.ee\/ru\/wp-json\/wp\/v2\/comments?post=23721"}],"wp:featuredmedia":[{"embeddable":true,"href":"https:\/\/a-pant.ee\/ru\/wp-json\/wp\/v2\/media\/23722"}],"wp:attachment":[{"href":"https:\/\/a-pant.ee\/ru\/wp-json\/wp\/v2\/media?parent=23721"}],"wp:term":[{"taxonomy":"product_brand","embeddable":true,"href":"https:\/\/a-pant.ee\/ru\/wp-json\/wp\/v2\/product_brand?post=23721"},{"taxonomy":"product_cat","embeddable":true,"href":"https:\/\/a-pant.ee\/ru\/wp-json\/wp\/v2\/product_cat?post=23721"},{"taxonomy":"product_tag","embeddable":true,"href":"https:\/\/a-pant.ee\/ru\/wp-json\/wp\/v2\/product_tag?post=23721"}],"curies":[{"name":"wp","href":"https:\/\/api.w.org\/{rel}","templated":true}]}}