{"id":23703,"date":"2026-02-04T01:04:35","date_gmt":"2026-02-03T22:04:35","guid":{"rendered":"https:\/\/a-pant.ee\/product\/sadovye-nozhnitsy-fiskars-singlestep-hs22\/"},"modified":"2026-02-22T12:47:05","modified_gmt":"2026-02-22T09:47:05","slug":"sadovye-nozhniczy-fiskars-singlestep-hs22","status":"publish","type":"product","link":"https:\/\/a-pant.ee\/ru\/product\/sadovye-nozhniczy-fiskars-singlestep-hs22\/","title":{"rendered":"\u0421\u0430\u0434\u043e\u0432\u044b\u0435 \u043d\u043e\u0436\u043d\u0438\u0446\u044b FISKARS SingleStep HS22"},"content":{"rendered":"\n<p> Hekik\u00e4\u00e4rid FISKARS SingleStep HS22, heas seisu- ja t\u00f6\u00f6korras! <\/p><p> KIRJELDUS <\/p><p> Ametisse nimetamine <br \/> Puude jaoks <br \/> T\u00f6\u00f6riista pikkus <br \/> 580 mm <br \/> Tera pikkus <br \/> 210 mm <br \/> Ise\u00e4rasused <br \/> Labade kaitsev kate <br \/> Tera materjal <br \/> teras <br \/> K\u00e4epidemete materjal <br \/> plast <br \/> draivi t\u00fc\u00fcp <br \/> kang <br \/> Terade kuju <br \/> lainekujuline <br \/> Kaal <br \/> 0,84 kg <\/p>\n","protected":false},"excerpt":{"rendered":"<p>Hekik\u00e4\u00e4rid FISKARS SingleStep HS22, heas seisu- ja t\u00f6\u00f6korras! KIRJELDUS Ametisse nimetamine Puude jaoks T\u00f6\u00f6riista pikkus 580 mm Tera pikkus 210 mm Ise\u00e4rasused Labade kaitsev kate Tera materjal teras K\u00e4epidemete materjal plast draivi t\u00fc\u00fcp kang Terade kuju lainekujuline Kaal 0,84 kg<\/p>\n","protected":false},"featured_media":23704,"comment_status":"closed","ping_status":"open","template":"","meta":{"inline_featured_image":false},"product_brand":[],"product_cat":[220],"product_tag":[],"class_list":{"0":"post-23703","1":"product","2":"type-product","3":"status-publish","4":"has-post-thumbnail","6":"product_cat-sadovye-instrumenty","7":"pa_asukoht-mustamae","8":"pa_seisukord-ispolzovano","10":"first","11":"instock","12":"taxable","13":"shipping-taxable","14":"purchasable","15":"product-type-simple"},"_links":{"self":[{"href":"https:\/\/a-pant.ee\/ru\/wp-json\/wp\/v2\/product\/23703","targetHints":{"allow":["GET"]}}],"collection":[{"href":"https:\/\/a-pant.ee\/ru\/wp-json\/wp\/v2\/product"}],"about":[{"href":"https:\/\/a-pant.ee\/ru\/wp-json\/wp\/v2\/types\/product"}],"replies":[{"embeddable":true,"href":"https:\/\/a-pant.ee\/ru\/wp-json\/wp\/v2\/comments?post=23703"}],"wp:featuredmedia":[{"embeddable":true,"href":"https:\/\/a-pant.ee\/ru\/wp-json\/wp\/v2\/media\/23704"}],"wp:attachment":[{"href":"https:\/\/a-pant.ee\/ru\/wp-json\/wp\/v2\/media?parent=23703"}],"wp:term":[{"taxonomy":"product_brand","embeddable":true,"href":"https:\/\/a-pant.ee\/ru\/wp-json\/wp\/v2\/product_brand?post=23703"},{"taxonomy":"product_cat","embeddable":true,"href":"https:\/\/a-pant.ee\/ru\/wp-json\/wp\/v2\/product_cat?post=23703"},{"taxonomy":"product_tag","embeddable":true,"href":"https:\/\/a-pant.ee\/ru\/wp-json\/wp\/v2\/product_tag?post=23703"}],"curies":[{"name":"wp","href":"https:\/\/api.w.org\/{rel}","templated":true}]}}