{"id":23676,"date":"2026-02-04T01:04:35","date_gmt":"2026-02-03T22:04:35","guid":{"rendered":"https:\/\/a-pant.ee\/product\/listoduv-edward-tt-bv3405\/"},"modified":"2026-02-22T12:47:04","modified_gmt":"2026-02-22T09:47:04","slug":"listoduv-edward-bensiinimootoriga-tt-bv3405-korobka","status":"publish","type":"product","link":"https:\/\/a-pant.ee\/ru\/product\/listoduv-edward-bensiinimootoriga-tt-bv3405-korobka\/","title":{"rendered":"\u041b\u0438\u0441\u0442\u043e\u0434\u0443\u0432 Edward Bensiinimootoriga TT-BV3405 + \u043a\u043e\u0440\u043e\u0431\u043a\u0430"},"content":{"rendered":"\n<p> Lehepuhur Edward Bensiinimootoriga TT-BV3405 + karp, heas seisu- ja t\u00f6\u00f6korras! <\/p><p> KIRJELDUS <\/p><p> Riik <\/p><p> CN <\/p><p> Kaal <\/p><p> 8.40 <\/p><p> V\u00f6\u00f6tkood <\/p><p> 2770020288167 <\/p><p> Kaubam\u00e4rk <\/p><p> Edward <\/p><p> V\u00e4rv <\/p><p> Must\/Punane <\/p><p> V\u00f5imsus (W) <\/p><p> 750 <\/p><p> V\u00f5imsus (hj) <\/p><p> 1 <\/p><p> Kubatuur (cm3) <\/p><p> 25.4 <\/p><p> Tootja artikkel <\/p><p> TT-BV3405 <\/p><p> Puhuja <\/p><p> Jaa <\/p><p> Imeja <\/p><p> Jaa <\/p><p> P\u00f6\u00f6rlemiskiirus t\u00fchik\u00e4igul (p\u00f6\u00f6ret\/min) <\/p><p> 7500 <\/p><p> Mudel <\/p><p> TT-BV3405 <\/p><p> Puhumiskiirus (km\/h) <\/p><p> 226 <\/p>\n","protected":false},"excerpt":{"rendered":"<p>Lehepuhur Edward Bensiinimootoriga TT-BV3405 + karp, heas seisu- ja t\u00f6\u00f6korras! KIRJELDUS Riik CN Kaal 8.40 V\u00f6\u00f6tkood 2770020288167 Kaubam\u00e4rk Edward V\u00e4rv Must\/Punane V\u00f5imsus (W) 750 V\u00f5imsus (hj) 1 Kubatuur (cm3) 25.4 Tootja artikkel TT-BV3405 Puhuja Jaa Imeja Jaa P\u00f6\u00f6rlemiskiirus t\u00fchik\u00e4igul (p\u00f6\u00f6ret\/min) 7500 Mudel TT-BV3405 Puhumiskiirus (km\/h) 226<\/p>\n","protected":false},"featured_media":23677,"comment_status":"closed","ping_status":"closed","template":"","meta":{"inline_featured_image":false},"product_brand":[],"product_cat":[220],"product_tag":[],"class_list":{"0":"post-23676","1":"product","2":"type-product","3":"status-publish","4":"has-post-thumbnail","6":"product_cat-sadovye-instrumenty","7":"product_shipping_class-oversize","8":"pa_asukoht-lasnamae","9":"pa_seisukord-ispolzovano","11":"first","12":"instock","13":"taxable","14":"shipping-taxable","15":"purchasable","16":"product-type-simple"},"_links":{"self":[{"href":"https:\/\/a-pant.ee\/ru\/wp-json\/wp\/v2\/product\/23676","targetHints":{"allow":["GET"]}}],"collection":[{"href":"https:\/\/a-pant.ee\/ru\/wp-json\/wp\/v2\/product"}],"about":[{"href":"https:\/\/a-pant.ee\/ru\/wp-json\/wp\/v2\/types\/product"}],"replies":[{"embeddable":true,"href":"https:\/\/a-pant.ee\/ru\/wp-json\/wp\/v2\/comments?post=23676"}],"wp:featuredmedia":[{"embeddable":true,"href":"https:\/\/a-pant.ee\/ru\/wp-json\/wp\/v2\/media\/23677"}],"wp:attachment":[{"href":"https:\/\/a-pant.ee\/ru\/wp-json\/wp\/v2\/media?parent=23676"}],"wp:term":[{"taxonomy":"product_brand","embeddable":true,"href":"https:\/\/a-pant.ee\/ru\/wp-json\/wp\/v2\/product_brand?post=23676"},{"taxonomy":"product_cat","embeddable":true,"href":"https:\/\/a-pant.ee\/ru\/wp-json\/wp\/v2\/product_cat?post=23676"},{"taxonomy":"product_tag","embeddable":true,"href":"https:\/\/a-pant.ee\/ru\/wp-json\/wp\/v2\/product_tag?post=23676"}],"curies":[{"name":"wp","href":"https:\/\/api.w.org\/{rel}","templated":true}]}}