{"id":23669,"date":"2026-02-04T01:04:35","date_gmt":"2026-02-03T22:04:35","guid":{"rendered":"https:\/\/a-pant.ee\/product\/noutbuk-huawei-bohb-wax9-zaryadka\/"},"modified":"2026-02-22T12:47:04","modified_gmt":"2026-02-22T09:47:04","slug":"noutbuk-huawei-bohb-wax9-zaryadka","status":"publish","type":"product","link":"https:\/\/a-pant.ee\/ru\/product\/noutbuk-huawei-bohb-wax9-zaryadka\/","title":{"rendered":"\u041d\u043e\u0443\u0442\u0431\u0443\u043a HUAWEI BOHB-WAX9 + \u0417\u0430\u0440\u044f\u0434\u043a\u0430"},"content":{"rendered":"\n<p> S\u00fclearvuti HUAWEI BOHB-WAX9 + Laadija, heas seisu- ja t\u00f6\u00f6korras! <\/p><p> KIRJELDUS <\/p><p> Processor: Intel(R) Core(TM) i5-1021U CPU @ 1.60GHz (8CPUs), ~2.1GHz <\/p><p> Ram: 8GB <\/p><p> Video: Intel(R) UHD Graphics <\/p><p> SSD: WDC PC SN530 SDBNPZ-512G <\/p><p> Windows 11 Home <\/p>\n","protected":false},"excerpt":{"rendered":"<p>S\u00fclearvuti HUAWEI BOHB-WAX9 + Laadija, heas seisu- ja t\u00f6\u00f6korras! KIRJELDUS Processor: Intel(R) Core(TM) i5-1021U CPU @ 1.60GHz (8CPUs), ~2.1GHz Ram: 8GB Video: Intel(R) UHD Graphics SSD: WDC PC SN530 SDBNPZ-512G Windows 11 Home<\/p>\n","protected":false},"featured_media":23670,"comment_status":"closed","ping_status":"closed","template":"","meta":{"inline_featured_image":false},"product_brand":[],"product_cat":[179],"product_tag":[],"class_list":{"0":"post-23669","1":"product","2":"type-product","3":"status-publish","4":"has-post-thumbnail","6":"product_cat-noutbuki","7":"pa_asukoht-mustamae","8":"pa_seisukord-ispolzovano","10":"first","11":"outofstock","12":"taxable","13":"shipping-taxable","14":"purchasable","15":"product-type-simple"},"_links":{"self":[{"href":"https:\/\/a-pant.ee\/ru\/wp-json\/wp\/v2\/product\/23669","targetHints":{"allow":["GET"]}}],"collection":[{"href":"https:\/\/a-pant.ee\/ru\/wp-json\/wp\/v2\/product"}],"about":[{"href":"https:\/\/a-pant.ee\/ru\/wp-json\/wp\/v2\/types\/product"}],"replies":[{"embeddable":true,"href":"https:\/\/a-pant.ee\/ru\/wp-json\/wp\/v2\/comments?post=23669"}],"wp:featuredmedia":[{"embeddable":true,"href":"https:\/\/a-pant.ee\/ru\/wp-json\/wp\/v2\/media\/23670"}],"wp:attachment":[{"href":"https:\/\/a-pant.ee\/ru\/wp-json\/wp\/v2\/media?parent=23669"}],"wp:term":[{"taxonomy":"product_brand","embeddable":true,"href":"https:\/\/a-pant.ee\/ru\/wp-json\/wp\/v2\/product_brand?post=23669"},{"taxonomy":"product_cat","embeddable":true,"href":"https:\/\/a-pant.ee\/ru\/wp-json\/wp\/v2\/product_cat?post=23669"},{"taxonomy":"product_tag","embeddable":true,"href":"https:\/\/a-pant.ee\/ru\/wp-json\/wp\/v2\/product_tag?post=23669"}],"curies":[{"name":"wp","href":"https:\/\/api.w.org\/{rel}","templated":true}]}}