{"id":23656,"date":"2026-02-04T01:04:35","date_gmt":"2026-02-03T22:04:35","guid":{"rendered":"https:\/\/a-pant.ee\/product\/besprovodnye-naushniki-apple-airpods-3-2\/"},"modified":"2026-02-22T12:47:04","modified_gmt":"2026-02-22T09:47:04","slug":"besprovodnye-naushniki-apple-airpods-3-2","status":"publish","type":"product","link":"https:\/\/a-pant.ee\/ru\/product\/besprovodnye-naushniki-apple-airpods-3-2\/","title":{"rendered":"\u0411\u0435\u0441\u043f\u0440\u043e\u0432\u043e\u0434\u043d\u044b\u0435 \u043d\u0430\u0443\u0448\u043d\u0438\u043a\u0438 Apple AirPods 3"},"content":{"rendered":"\n<p> Apple AirPods 3 juhtmeta k\u00f5rvaklapid\u00a0heas seisu- ja t\u00f6\u00f6korras! <\/p><p> Disain <br \/> vooderdised avanevad <br \/> Bluetooth 5.0 \u00fchenduvus <br \/> Korpuse laadimise t\u00fc\u00fcp MagSafe, juhtmevaba laadimine <br \/> Kaitseaste IPX4 <br \/> Mikrofonide arv 4 <br \/> Emitterite t\u00fc\u00fcp d\u00fcnaamiline <br \/> T\u00f6\u00f6aeg 6 tundi <br \/> Aku eluiga 30 tundi <br \/> Kaal 8,56 g <br \/> Teiste riikide versioon <\/p>\n","protected":false},"excerpt":{"rendered":"<p>Apple AirPods 3 juhtmeta k\u00f5rvaklapid\u00a0heas seisu- ja t\u00f6\u00f6korras! Disain vooderdised avanevad Bluetooth 5.0 \u00fchenduvus Korpuse laadimise t\u00fc\u00fcp MagSafe, juhtmevaba laadimine Kaitseaste IPX4 Mikrofonide arv 4 Emitterite t\u00fc\u00fcp d\u00fcnaamiline T\u00f6\u00f6aeg 6 tundi Aku eluiga 30 tundi Kaal 8,56 g Teiste riikide versioon<\/p>\n","protected":false},"featured_media":23657,"comment_status":"closed","ping_status":"open","template":"","meta":{"inline_featured_image":false},"product_brand":[],"product_cat":[168],"product_tag":[],"class_list":{"0":"post-23656","1":"product","2":"type-product","3":"status-publish","4":"has-post-thumbnail","6":"product_cat-naushniki","7":"pa_asukoht-mustamae","8":"pa_seisukord-ispolzovano","10":"first","11":"instock","12":"taxable","13":"shipping-taxable","14":"purchasable","15":"product-type-simple"},"_links":{"self":[{"href":"https:\/\/a-pant.ee\/ru\/wp-json\/wp\/v2\/product\/23656","targetHints":{"allow":["GET"]}}],"collection":[{"href":"https:\/\/a-pant.ee\/ru\/wp-json\/wp\/v2\/product"}],"about":[{"href":"https:\/\/a-pant.ee\/ru\/wp-json\/wp\/v2\/types\/product"}],"replies":[{"embeddable":true,"href":"https:\/\/a-pant.ee\/ru\/wp-json\/wp\/v2\/comments?post=23656"}],"wp:featuredmedia":[{"embeddable":true,"href":"https:\/\/a-pant.ee\/ru\/wp-json\/wp\/v2\/media\/23657"}],"wp:attachment":[{"href":"https:\/\/a-pant.ee\/ru\/wp-json\/wp\/v2\/media?parent=23656"}],"wp:term":[{"taxonomy":"product_brand","embeddable":true,"href":"https:\/\/a-pant.ee\/ru\/wp-json\/wp\/v2\/product_brand?post=23656"},{"taxonomy":"product_cat","embeddable":true,"href":"https:\/\/a-pant.ee\/ru\/wp-json\/wp\/v2\/product_cat?post=23656"},{"taxonomy":"product_tag","embeddable":true,"href":"https:\/\/a-pant.ee\/ru\/wp-json\/wp\/v2\/product_tag?post=23656"}],"curies":[{"name":"wp","href":"https:\/\/api.w.org\/{rel}","templated":true}]}}