{"id":23649,"date":"2026-02-04T01:04:35","date_gmt":"2026-02-03T22:04:35","guid":{"rendered":"https:\/\/a-pant.ee\/product\/sportivnye-chasy-huawei-band-7-zaryadka\/"},"modified":"2026-02-22T12:47:04","modified_gmt":"2026-02-22T09:47:04","slug":"sportivnye-chasy-huawei-band-7-zaryadka","status":"publish","type":"product","link":"https:\/\/a-pant.ee\/ru\/product\/sportivnye-chasy-huawei-band-7-zaryadka\/","title":{"rendered":"\u0421\u043f\u043e\u0440\u0442\u0438\u0432\u043d\u044b\u0435 \u0427\u0430\u0441\u044b Huawei Band 7 + \u0417\u0430\u0440\u044f\u0434\u043a\u0430"},"content":{"rendered":"\n<p> Spordikell Huawei Band 7 + Laadija, heas seisu- ja t\u00f6\u00f6korras! <\/p><p> KIRJELDUS <\/p><div><div><ul><li> Tootja <div><strong> Huawei <\/strong><\/div><\/li><li> Mudel <div><strong> Band 7 <\/strong><\/div><\/li><li> T\u00fc\u00fcp <div><strong> Spordikell <\/strong><\/div><\/li><li> \u00dchildavus <div><div><strong> Android 6+ <\/strong><\/div><div><strong> iOS 9+ <\/strong><\/div><\/div><\/li><\/ul><\/div><\/div><div><div><div> EKRAAN <\/div><ul><li> Resolutsioon <div><strong> 194 x 368 <\/strong><\/div><\/li><li> Ekraani t\u00fc\u00fcp <div><strong> AMOLED <\/strong><\/div><\/li><li> Puutetundlik <div><strong> Jah <\/strong><\/div><\/li><li> Suurus <div><strong> 1,47&#8243; <\/strong><\/div><\/li><\/ul><\/div><\/div><div><div><div> FUNKTSIOONID <\/div><ul><li> EKG <div><strong> Ei <\/strong><\/div><\/li><li> Pulsim\u00f5\u00f5tja <div><strong> Jah <\/strong><\/div><\/li><li> Verehapniku m\u00f5\u00f5tmine <div><strong> Jah <\/strong><\/div><\/li><li> Verer\u00f5hu m\u00f5\u00f5tmine <div><strong> Ei <\/strong><\/div><\/li><li> Muud funktsioonid <div><strong> Une aktiivsuse j\u00e4lgija, stressitaseme j\u00e4lgija <\/strong><\/div><\/li><\/ul><\/div><\/div><div><div><div> MOBIILNE ANDMESIDE <\/div><ul><li> LTE\/4G tugi <i><\/i><div><strong> Ei <\/strong><\/div><\/li><\/ul><\/div><\/div><div><div><div> AKU <\/div><ul><li> Aku kestvus <div><strong> Kuni 14 p\u00e4eva <\/strong><\/div><\/li><\/ul><\/div><\/div><div><div><div> MUUD OMADUSED <\/div><ul><li> WiFi <div><strong> ei <\/strong><\/div><\/li><li> Bluetooth <div><strong> Jah <\/strong><\/div><\/li><li> GPS <div><strong> Ei <\/strong><\/div><\/li><li> Bluetooth k\u00f5ned <div><strong> Ei <\/strong><\/div><\/li><li> Mikrofon <div><strong> Ei <\/strong><\/div><\/li><li> NFC <div><strong> Ei <\/strong><\/div><\/li><li> Veekindel <div><strong> Jah <\/strong><\/div><\/li><li> Veekindluse t\u00fc\u00fcp <div><strong> 5 ATM <\/strong><\/div><\/li><li> Viipemaksed <div><strong> Ei <\/strong><\/div><\/li><\/ul><\/div><\/div>\n","protected":false},"excerpt":{"rendered":"<p>Spordikell Huawei Band 7 + Laadija, heas seisu- ja t\u00f6\u00f6korras! KIRJELDUS Tootja Huawei Mudel Band 7 T\u00fc\u00fcp Spordikell \u00dchildavus Android 6+ iOS 9+ EKRAAN Resolutsioon 194 x 368 Ekraani t\u00fc\u00fcp AMOLED Puutetundlik Jah Suurus 1,47&#8243; FUNKTSIOONID EKG Ei Pulsim\u00f5\u00f5tja Jah Verehapniku m\u00f5\u00f5tmine Jah Verer\u00f5hu m\u00f5\u00f5tmine Ei Muud funktsioonid Une aktiivsuse j\u00e4lgija, stressitaseme j\u00e4lgija MOBIILNE ANDMESIDE [&hellip;]<\/p>\n","protected":false},"featured_media":23650,"comment_status":"closed","ping_status":"closed","template":"","meta":{"inline_featured_image":false},"product_brand":[],"product_cat":[176],"product_tag":[],"class_list":{"0":"post-23649","1":"product","2":"type-product","3":"status-publish","4":"has-post-thumbnail","6":"product_cat-smart-chasy","7":"pa_asukoht-mustamae","8":"pa_seisukord-ispolzovano","10":"first","11":"outofstock","12":"taxable","13":"shipping-taxable","14":"purchasable","15":"product-type-simple"},"_links":{"self":[{"href":"https:\/\/a-pant.ee\/ru\/wp-json\/wp\/v2\/product\/23649","targetHints":{"allow":["GET"]}}],"collection":[{"href":"https:\/\/a-pant.ee\/ru\/wp-json\/wp\/v2\/product"}],"about":[{"href":"https:\/\/a-pant.ee\/ru\/wp-json\/wp\/v2\/types\/product"}],"replies":[{"embeddable":true,"href":"https:\/\/a-pant.ee\/ru\/wp-json\/wp\/v2\/comments?post=23649"}],"wp:featuredmedia":[{"embeddable":true,"href":"https:\/\/a-pant.ee\/ru\/wp-json\/wp\/v2\/media\/23650"}],"wp:attachment":[{"href":"https:\/\/a-pant.ee\/ru\/wp-json\/wp\/v2\/media?parent=23649"}],"wp:term":[{"taxonomy":"product_brand","embeddable":true,"href":"https:\/\/a-pant.ee\/ru\/wp-json\/wp\/v2\/product_brand?post=23649"},{"taxonomy":"product_cat","embeddable":true,"href":"https:\/\/a-pant.ee\/ru\/wp-json\/wp\/v2\/product_cat?post=23649"},{"taxonomy":"product_tag","embeddable":true,"href":"https:\/\/a-pant.ee\/ru\/wp-json\/wp\/v2\/product_tag?post=23649"}],"curies":[{"name":"wp","href":"https:\/\/api.w.org\/{rel}","templated":true}]}}