{"id":23643,"date":"2026-02-04T01:04:35","date_gmt":"2026-02-03T22:04:35","guid":{"rendered":"https:\/\/a-pant.ee\/product\/portativnaya-kolonka-edifier-if500-zaryadka\/"},"modified":"2026-02-22T12:47:04","modified_gmt":"2026-02-22T09:47:04","slug":"portativnaya-kolonka-edifier-if500-zaryadka","status":"publish","type":"product","link":"https:\/\/a-pant.ee\/ru\/product\/portativnaya-kolonka-edifier-if500-zaryadka\/","title":{"rendered":"\u041f\u043e\u0440\u0442\u0430\u0442\u0438\u0432\u043d\u0430\u044f \u041a\u043e\u043b\u043e\u043d\u043a\u0430 Edifier IF500 + \u0417\u0430\u0440\u044f\u0434\u043a\u0430"},"content":{"rendered":"\n<p> K\u00f5lar Edifier IF500 + Laadija, heas seisu- ja t\u00f6\u00f6korras! <\/p><p> KIRJELDUS <\/p><div><h3> Performance <\/h3><table><tbody><tr><th> Apple docking compatibility <\/th><td> iPod, iPhone <\/td><\/tr><\/tbody><\/table><\/div><div><h3> Packaging content <\/h3><table><tbody><tr><th> Handheld remote control <\/th><td> Y <\/td><\/tr><\/tbody><\/table><\/div><div><h3> Ports &amp; interfaces <\/h3><table><tbody><tr><th> AUX in <\/th><td> Y <\/td><\/tr><tr><th> DC-in jack <\/th><td> Y <\/td><\/tr><tr><th> Bluetooth <\/th><td> N <\/td><\/tr><\/tbody><\/table><\/div><div><h3> Other features <\/h3><table><tbody><tr><th> Clock\/Date display <\/th><td> Y <\/td><\/tr><\/tbody><\/table><\/div><div><h3> Audio <\/h3><table><tbody><tr><th> Signal-to-Noise Ratio (SNR) <\/th><td> 85 dB <\/td><\/tr><\/tbody><\/table><\/div><div><h3> Power <\/h3><table><tbody><tr><th> Power source type <\/th><td> AC <\/td><\/tr><\/tbody><\/table><\/div><div><h3> Radio <\/h3><table><tbody><tr><th> FM radio <\/th><td> Y <\/td><\/tr><\/tbody><\/table><\/div><div><h3> Additionally <\/h3><table><tbody><tr><th> AC adapter bundled <\/th><td> Y <\/td><\/tr><\/tbody><\/table><\/div>\n","protected":false},"excerpt":{"rendered":"<p>K\u00f5lar Edifier IF500 + Laadija, heas seisu- ja t\u00f6\u00f6korras! KIRJELDUS Performance Apple docking compatibility iPod, iPhone Packaging content Handheld remote control Y Ports &amp; interfaces AUX in Y DC-in jack Y Bluetooth N Other features Clock\/Date display Y Audio Signal-to-Noise Ratio (SNR) 85 dB Power Power source type AC Radio FM radio Y Additionally AC [&hellip;]<\/p>\n","protected":false},"featured_media":23644,"comment_status":"closed","ping_status":"open","template":"","meta":{"inline_featured_image":false},"product_brand":[],"product_cat":[167],"product_tag":[],"class_list":{"0":"post-23643","1":"product","2":"type-product","3":"status-publish","4":"has-post-thumbnail","6":"product_cat-kolonki","7":"pa_asukoht-mustamae","8":"pa_seisukord-ispolzovano","10":"first","11":"instock","12":"taxable","13":"shipping-taxable","14":"purchasable","15":"product-type-simple"},"_links":{"self":[{"href":"https:\/\/a-pant.ee\/ru\/wp-json\/wp\/v2\/product\/23643","targetHints":{"allow":["GET"]}}],"collection":[{"href":"https:\/\/a-pant.ee\/ru\/wp-json\/wp\/v2\/product"}],"about":[{"href":"https:\/\/a-pant.ee\/ru\/wp-json\/wp\/v2\/types\/product"}],"replies":[{"embeddable":true,"href":"https:\/\/a-pant.ee\/ru\/wp-json\/wp\/v2\/comments?post=23643"}],"wp:featuredmedia":[{"embeddable":true,"href":"https:\/\/a-pant.ee\/ru\/wp-json\/wp\/v2\/media\/23644"}],"wp:attachment":[{"href":"https:\/\/a-pant.ee\/ru\/wp-json\/wp\/v2\/media?parent=23643"}],"wp:term":[{"taxonomy":"product_brand","embeddable":true,"href":"https:\/\/a-pant.ee\/ru\/wp-json\/wp\/v2\/product_brand?post=23643"},{"taxonomy":"product_cat","embeddable":true,"href":"https:\/\/a-pant.ee\/ru\/wp-json\/wp\/v2\/product_cat?post=23643"},{"taxonomy":"product_tag","embeddable":true,"href":"https:\/\/a-pant.ee\/ru\/wp-json\/wp\/v2\/product_tag?post=23643"}],"curies":[{"name":"wp","href":"https:\/\/api.w.org\/{rel}","templated":true}]}}