{"id":23630,"date":"2026-02-04T01:04:35","date_gmt":"2026-02-03T22:04:35","guid":{"rendered":"https:\/\/a-pant.ee\/product\/besprovodnye-naushniki-apple-airpods\/"},"modified":"2026-02-22T12:47:03","modified_gmt":"2026-02-22T09:47:03","slug":"naushniki-apple-airpods-a1602","status":"publish","type":"product","link":"https:\/\/a-pant.ee\/ru\/product\/naushniki-apple-airpods-a1602\/","title":{"rendered":"\u041d\u0430\u0443\u0448\u043d\u0438\u043a\u0438 Apple Airpods A1602"},"content":{"rendered":"\n<p> Juhtmevaba k\u00f5rvaklapid Apple AirPods + Karp + Juhi, heas seisu- ja t\u00f6\u00f6korras! <\/p><p> KIRJELDUS <\/p><p> Kujundamine <br \/> Voodrid on avatud <br \/> \u00dchendus Bluetooth 4.2 <br \/> Laadimist\u00fc\u00fcpi v\u00e4lk <br \/> Mikrofonide arv 2 <br \/> Emitterite t\u00fc\u00fcp on d\u00fcnaamiline <br \/> Juhtide arv 1 <br \/> Avatunnid 5 tundi <br \/> T\u00f6\u00f6aeg akul 24 tundi <br \/> Reprodutseeritavate sageduste vahemik 20-15000 Hz <br \/> Kaal 46 g <\/p>\n","protected":false},"excerpt":{"rendered":"<p>Juhtmevaba k\u00f5rvaklapid Apple AirPods + Karp + Juhi, heas seisu- ja t\u00f6\u00f6korras! KIRJELDUS Kujundamine Voodrid on avatud \u00dchendus Bluetooth 4.2 Laadimist\u00fc\u00fcpi v\u00e4lk Mikrofonide arv 2 Emitterite t\u00fc\u00fcp on d\u00fcnaamiline Juhtide arv 1 Avatunnid 5 tundi T\u00f6\u00f6aeg akul 24 tundi Reprodutseeritavate sageduste vahemik 20-15000 Hz Kaal 46 g<\/p>\n","protected":false},"featured_media":23631,"comment_status":"closed","ping_status":"closed","template":"","meta":{"inline_featured_image":false},"product_brand":[],"product_cat":[168],"product_tag":[],"class_list":{"0":"post-23630","1":"product","2":"type-product","3":"status-publish","4":"has-post-thumbnail","6":"product_cat-naushniki","7":"pa_asukoht-mustamae","8":"pa_seisukord-ispolzovano","10":"first","11":"outofstock","12":"taxable","13":"shipping-taxable","14":"purchasable","15":"product-type-simple"},"_links":{"self":[{"href":"https:\/\/a-pant.ee\/ru\/wp-json\/wp\/v2\/product\/23630","targetHints":{"allow":["GET"]}}],"collection":[{"href":"https:\/\/a-pant.ee\/ru\/wp-json\/wp\/v2\/product"}],"about":[{"href":"https:\/\/a-pant.ee\/ru\/wp-json\/wp\/v2\/types\/product"}],"replies":[{"embeddable":true,"href":"https:\/\/a-pant.ee\/ru\/wp-json\/wp\/v2\/comments?post=23630"}],"wp:featuredmedia":[{"embeddable":true,"href":"https:\/\/a-pant.ee\/ru\/wp-json\/wp\/v2\/media\/23631"}],"wp:attachment":[{"href":"https:\/\/a-pant.ee\/ru\/wp-json\/wp\/v2\/media?parent=23630"}],"wp:term":[{"taxonomy":"product_brand","embeddable":true,"href":"https:\/\/a-pant.ee\/ru\/wp-json\/wp\/v2\/product_brand?post=23630"},{"taxonomy":"product_cat","embeddable":true,"href":"https:\/\/a-pant.ee\/ru\/wp-json\/wp\/v2\/product_cat?post=23630"},{"taxonomy":"product_tag","embeddable":true,"href":"https:\/\/a-pant.ee\/ru\/wp-json\/wp\/v2\/product_tag?post=23630"}],"curies":[{"name":"wp","href":"https:\/\/api.w.org\/{rel}","templated":true}]}}