{"id":23598,"date":"2026-02-04T00:57:03","date_gmt":"2026-02-03T21:57:03","guid":{"rendered":"https:\/\/a-pant.ee\/product\/mobilnyj-telefon-xiaomi-poco-x4-pro-5g-128gb-chehol\/"},"modified":"2026-02-22T12:47:08","modified_gmt":"2026-02-22T09:47:08","slug":"mobilnyj-telefon-xiaomi-poco-x4-pro-5g-128gb-chehol","status":"publish","type":"product","link":"https:\/\/a-pant.ee\/ru\/product\/mobilnyj-telefon-xiaomi-poco-x4-pro-5g-128gb-chehol\/","title":{"rendered":"\u041c\u043e\u0431\u0438\u043b\u044c\u043d\u044b\u0439 \u0422\u0435\u043b\u0435\u0444\u043e\u043d Xiaomi Poco X4 Pro 5G 128GB + \u0427\u0435\u0445\u043e\u043b"},"content":{"rendered":"\n<p> Mobiiltelefon\u00a0 Xiaomi Poco X4 Pro 5G 128Gb + \u00dcmbrik, heas seisu- ja t\u00f6\u00f6korras! <\/p><p> KIRJELDUS <\/p><div><table><tbody><tr><td> Toote t\u00fc\u00fcp <\/td><td><a href=\"https:\/\/www.k-rauta.ee\/c\/telefonid-nutikellad-apple-pood\/telefonid\/mobiiltelefonid\/8d6?f=4qof\" rel=\"nofollow noopener\" target=\"_blank\"> Mobiil- ja nutitelefonid <\/a><\/td><\/tr><tr><td> Kaubam\u00e4rk <\/td><td><a href=\"https:\/\/www.k-rauta.ee\/c\/telefonid-nutikellad-apple-pood\/telefonid\/mobiiltelefonid\/8d6?f=cbuv\" rel=\"nofollow noopener\" target=\"_blank\"> Poco <\/a><\/td><\/tr><tr><td> Mudel <\/td><td><a href=\"https:\/\/www.k-rauta.ee\/c\/telefonid-nutikellad-apple-pood\/telefonid\/mobiiltelefonid\/8d6?f=iapd\" rel=\"nofollow noopener\" target=\"_blank\"> Xiaomi Poco X4 Pro 5G <\/a><\/td><\/tr><tr><td> Mobiiltelefoni t\u00fc\u00fcp\u00a0 <div><\/div><\/td><td><a href=\"https:\/\/www.k-rauta.ee\/c\/telefonid-nutikellad-apple-pood\/telefonid\/mobiiltelefonid\/8d6?f=4qog\" rel=\"nofollow noopener\" target=\"_blank\"> Puutetundliku ekraaniga <\/a><\/td><\/tr><tr><td> V\u00e4rv <\/td><td><a href=\"https:\/\/www.k-rauta.ee\/c\/telefonid-nutikellad-apple-pood\/telefonid\/mobiiltelefonid\/8d6?f=3upq\" rel=\"nofollow noopener\" target=\"_blank\"> Must <\/a><\/td><\/tr><tr><td> Toetatud SIM-kaartide arv\u00a0 <div><\/div><\/td><td><a href=\"https:\/\/www.k-rauta.ee\/c\/telefonid-nutikellad-apple-pood\/telefonid\/mobiiltelefonid\/8d6?f=mfuy\" rel=\"nofollow noopener\" target=\"_blank\"> 2 <\/a><\/td><\/tr><tr><td> SIM-kaardi t\u00fc\u00fcp <\/td><td><a href=\"https:\/\/www.k-rauta.ee\/c\/telefonid-nutikellad-apple-pood\/telefonid\/mobiiltelefonid\/8d6?f=ao4o\" rel=\"nofollow noopener\" target=\"_blank\"> Nano SIM <\/a><\/td><\/tr><tr><td colspan=\"2\"><h3> Operatsioonis\u00fcsteem <\/h3><\/td><\/tr><tr><td> Installitud operatsioonis\u00fcsteem\u00a0 <div><\/div><\/td><td><a href=\"https:\/\/www.k-rauta.ee\/c\/telefonid-nutikellad-apple-pood\/telefonid\/mobiiltelefonid\/8d6?f=4e68\" rel=\"nofollow noopener\" target=\"_blank\"> Android <\/a><\/td><\/tr><tr><td> Installitud operatsioonis\u00fcsteemi versioon <\/td><td><a href=\"https:\/\/www.k-rauta.ee\/c\/telefonid-nutikellad-apple-pood\/telefonid\/mobiiltelefonid\/8d6?f=4sct\" rel=\"nofollow noopener\" target=\"_blank\"> 11 <\/a><\/td><\/tr><tr><td colspan=\"2\"><h3> Ekraan <\/h3><\/td><\/tr><tr><td> Ekraani suurus\u00a0 <div><\/div><\/td><td> 6.67 &#187; <\/td><\/tr><tr><td> Ekraani eraldusv\u00f5ime\u00a0 <div><\/div><\/td><td><a href=\"https:\/\/www.k-rauta.ee\/c\/telefonid-nutikellad-apple-pood\/telefonid\/mobiiltelefonid\/8d6?f=8q7e\" rel=\"nofollow noopener\" target=\"_blank\"> 1080 x 2400 <\/a><\/td><\/tr><tr><td> Kuva t\u00fc\u00fcp <\/td><td> AMOLED <\/td><\/tr><tr><td> Suurema vastupidavusega ekraan <\/td><td><a href=\"https:\/\/www.k-rauta.ee\/c\/telefonid-nutikellad-apple-pood\/telefonid\/mobiiltelefonid\/8d6?f=4r8z\" rel=\"nofollow noopener\" target=\"_blank\"> Corning Gorilla Glass 5 <\/a><\/td><\/tr><tr><td colspan=\"2\"><h3> Protsessor ja videokaart <\/h3><\/td><\/tr><tr><td> Protsessori mudel\u00a0 <div><\/div><\/td><td> Qualcomm\u00ae Snapdragon\u2122 695 <\/td><\/tr><tr><td> Protsessori tuumad\u00a0 <div><\/div><\/td><td> 8 <\/td><\/tr><tr><td> Videokaardi mudel <\/td><td> Adreno\u2122 619 <\/td><\/tr><tr><td colspan=\"2\"><h3> M\u00e4lu <\/h3><\/td><\/tr><tr><td> Operatiivm\u00e4lu (RAM)\u00a0 <div><\/div><\/td><td><a href=\"https:\/\/www.k-rauta.ee\/c\/telefonid-nutikellad-apple-pood\/telefonid\/mobiiltelefonid\/8d6?f=4nyd\" rel=\"nofollow noopener\" target=\"_blank\"> 6 GB <\/a><\/td><\/tr><\/tbody><\/table><\/div><div><table><tbody><tr><td> M\u00e4lumaht\u00a0 <div><\/div><\/td><td><a href=\"https:\/\/www.k-rauta.ee\/c\/telefonid-nutikellad-apple-pood\/telefonid\/mobiiltelefonid\/8d6?f=4r0i\" rel=\"nofollow noopener\" target=\"_blank\"> 128 GB <\/a><\/td><\/tr><tr><td> Toetatud m\u00e4lukaardid <\/td><td> Micro SD <\/td><\/tr><tr><td colspan=\"2\"><h3> Foto ja video kaamera <\/h3><\/td><\/tr><tr><td> Tagumine kaamera\u00a0 <div><\/div><\/td><td><a href=\"https:\/\/www.k-rauta.ee\/c\/telefonid-nutikellad-apple-pood\/telefonid\/mobiiltelefonid\/8d6?f=9grm\" rel=\"nofollow noopener\" target=\"_blank\"> 108 MP <\/a> ,\u00a0 <a href=\"https:\/\/www.k-rauta.ee\/c\/telefonid-nutikellad-apple-pood\/telefonid\/mobiiltelefonid\/8d6?f=8ohz\" rel=\"nofollow noopener\" target=\"_blank\"> 2 MP <\/a> ,\u00a0 <a href=\"https:\/\/www.k-rauta.ee\/c\/telefonid-nutikellad-apple-pood\/telefonid\/mobiiltelefonid\/8d6?f=8onq\" rel=\"nofollow noopener\" target=\"_blank\"> 8 MP <\/a><\/td><\/tr><tr><td> Eesmine kaamera\u00a0 <div><\/div><\/td><td><a href=\"https:\/\/www.k-rauta.ee\/c\/telefonid-nutikellad-apple-pood\/telefonid\/mobiiltelefonid\/8d6?f=8ohy\" rel=\"nofollow noopener\" target=\"_blank\"> 16 MP <\/a><\/td><\/tr><tr><td> Videosalvestuse kiirus\u00a0 <div><\/div><\/td><td> 1080p@30fps <\/td><\/tr><tr><td colspan=\"2\"><h3> Internet ja juhtmevaba \u00fchendus <\/h3><\/td><\/tr><tr><td> WiFi-liides\u00a0 <div><\/div><\/td><td><a href=\"https:\/\/www.k-rauta.ee\/c\/telefonid-nutikellad-apple-pood\/telefonid\/mobiiltelefonid\/8d6?f=4qou\" rel=\"nofollow noopener\" target=\"_blank\"> Jah <\/a><\/td><\/tr><tr><td> 3G kommunikatsiooni tugi\u00a0 <div><\/div><\/td><td><a href=\"https:\/\/www.k-rauta.ee\/c\/telefonid-nutikellad-apple-pood\/telefonid\/mobiiltelefonid\/8d6?f=4e6b\" rel=\"nofollow noopener\" target=\"_blank\"> Jah <\/a><\/td><\/tr><tr><td> 4G kommunikatsiooni tugi\u00a0 <div><\/div><\/td><td><a href=\"https:\/\/www.k-rauta.ee\/c\/telefonid-nutikellad-apple-pood\/telefonid\/mobiiltelefonid\/8d6?f=4e6c\" rel=\"nofollow noopener\" target=\"_blank\"> Jah <\/a><\/td><\/tr><tr><td> Bluetooth-liides <\/td><td> Jah <\/td><\/tr><tr><td> Bluetoothi versioon\u00a0 <div><\/div><\/td><td> 5.1 <\/td><\/tr><tr><td> NFC\u00a0 <div><\/div><\/td><td><a href=\"https:\/\/www.k-rauta.ee\/c\/telefonid-nutikellad-apple-pood\/telefonid\/mobiiltelefonid\/8d6?f=4nxl\" rel=\"nofollow noopener\" target=\"_blank\"> Jah <\/a><\/td><\/tr><tr><td colspan=\"2\"><h3> F\u00fc\u00fcsiline \u00fchendus ja kontroll <\/h3><\/td><\/tr><tr><td> USB-liidese t\u00fc\u00fcp\u00a0 <div><\/div><\/td><td> USB Type-C <\/td><\/tr><tr><td colspan=\"2\"><h3> Sisseehitatud lisaseadmed <\/h3><\/td><\/tr><tr><td> Navigatsiooni (GPS) funktsioon\u00a0 <div><\/div><\/td><td><a href=\"https:\/\/www.k-rauta.ee\/c\/telefonid-nutikellad-apple-pood\/telefonid\/mobiiltelefonid\/8d6?f=4e6i\" rel=\"nofollow noopener\" target=\"_blank\"> Jah <\/a><\/td><\/tr><tr><td> FM-raadio <\/td><td><a href=\"https:\/\/www.k-rauta.ee\/c\/telefonid-nutikellad-apple-pood\/telefonid\/mobiiltelefonid\/8d6?f=4qoy\" rel=\"nofollow noopener\" target=\"_blank\"> Jah <\/a><\/td><\/tr><tr><td> K\u00f5rvaklappide pesa <\/td><td> On (3,5 mm) <\/td><\/tr><tr><td colspan=\"2\"><h3> Aku <\/h3><\/td><\/tr><tr><td> Aku t\u00fc\u00fcp <\/td><td> LiPo <\/td><\/tr><tr><td> Aku maht <\/td><td> 5000 mAh <\/td><\/tr><\/tbody><\/table><\/div><div><table><tbody><tr><td> Aku kiirlaadimine\u00a0 <div><\/div><\/td><td><a href=\"https:\/\/www.k-rauta.ee\/c\/telefonid-nutikellad-apple-pood\/telefonid\/mobiiltelefonid\/8d6?f=52te\" rel=\"nofollow noopener\" target=\"_blank\"> Jah <\/a><\/td><\/tr><tr><td> Juhtmeta laadimine\u00a0 <div><\/div><\/td><td><a href=\"https:\/\/www.k-rauta.ee\/c\/telefonid-nutikellad-apple-pood\/telefonid\/mobiiltelefonid\/8d6?f=4qow\" rel=\"nofollow noopener\" target=\"_blank\"> Ei <\/a><\/td><\/tr><tr><td> Aku\/patarei vahetatav <\/td><td> Ei <\/td><\/tr><tr><td colspan=\"2\"><h3> M\u00f5\u00f5tmed ja kaal <\/h3><\/td><\/tr><tr><td> Kaal koos akuga <\/td><td> 205 g <\/td><\/tr><tr><td colspan=\"2\"><h3> Lisaks <\/h3><\/td><\/tr><tr><td> Kaitseaste (IP) <\/td><td> IP53 <\/td><\/tr><tr><td> Andurid <\/td><td><a href=\"https:\/\/www.k-rauta.ee\/c\/telefonid-nutikellad-apple-pood\/telefonid\/mobiiltelefonid\/8d6?f=6r0p\" rel=\"nofollow noopener\" target=\"_blank\"> G\u00fcroskoop <\/a> ,\u00a0 <a href=\"https:\/\/www.k-rauta.ee\/c\/telefonid-nutikellad-apple-pood\/telefonid\/mobiiltelefonid\/8d6?f=6r0m\" rel=\"nofollow noopener\" target=\"_blank\"> Kiirendusm\u00f5\u00f5tur <\/a> ,\u00a0 <a href=\"https:\/\/www.k-rauta.ee\/c\/telefonid-nutikellad-apple-pood\/telefonid\/mobiiltelefonid\/8d6?f=a16l\" rel=\"nofollow noopener\" target=\"_blank\"> Kompass <\/a> ,\u00a0 <a href=\"https:\/\/www.k-rauta.ee\/c\/telefonid-nutikellad-apple-pood\/telefonid\/mobiiltelefonid\/8d6?f=6r0q\" rel=\"nofollow noopener\" target=\"_blank\"> L\u00e4hedusandur <\/a><\/td><\/tr><tr><td> S\u00f5rmej\u00e4lje lugeja\u00a0 <div><\/div><\/td><td><a href=\"https:\/\/www.k-rauta.ee\/c\/telefonid-nutikellad-apple-pood\/telefonid\/mobiiltelefonid\/8d6?f=4e9w\" rel=\"nofollow noopener\" target=\"_blank\"> Jah <\/a><\/td><\/tr><tr><td> N\u00e4otuvastus\u00a0 <div><\/div><\/td><td><a href=\"https:\/\/www.k-rauta.ee\/c\/telefonid-nutikellad-apple-pood\/telefonid\/mobiiltelefonid\/8d6?f=8fm1\" rel=\"nofollow noopener\" target=\"_blank\"> Jah <\/a><\/td><\/tr><tr><td> Audiofailide vormingud <\/td><td> MP3 <\/td><\/tr><tr><td> Videofailide formaadid <\/td><td> MP4 <\/td><\/tr><tr><td> Sidestandard\u00a0 <div><\/div><\/td><td> GSM: 2\/3\/5\/8 WCDMA: 1\/2\/4\/5\/6\/8\/19 LTE FDD: 1\/2\/3\/4\/5\/7\/8\/12\/17\/18\/19\/20\/26\/28 LTE TDD: 38\/40\/41 5G: n1\/n3\/n5\/n7\/n8\/n20\/n28\/n38\/n40\/n41\/n77\/n78 <\/td><\/tr><\/tbody><\/table><\/div>\n","protected":false},"excerpt":{"rendered":"<p>Mobiiltelefon\u00a0 Xiaomi Poco X4 Pro 5G 128Gb + \u00dcmbrik, heas seisu- ja t\u00f6\u00f6korras! KIRJELDUS Toote t\u00fc\u00fcp Mobiil- ja nutitelefonid Kaubam\u00e4rk Poco Mudel Xiaomi Poco X4 Pro 5G Mobiiltelefoni t\u00fc\u00fcp\u00a0 Puutetundliku ekraaniga V\u00e4rv Must Toetatud SIM-kaartide arv\u00a0 2 SIM-kaardi t\u00fc\u00fcp Nano SIM Operatsioonis\u00fcsteem Installitud operatsioonis\u00fcsteem\u00a0 Android Installitud operatsioonis\u00fcsteemi versioon 11 Ekraan Ekraani suurus\u00a0 6.67 &#187; Ekraani [&hellip;]<\/p>\n","protected":false},"featured_media":23599,"comment_status":"closed","ping_status":"open","template":"","meta":{"inline_featured_image":false},"product_brand":[],"product_cat":[171],"product_tag":[],"class_list":{"0":"post-23598","1":"product","2":"type-product","3":"status-publish","4":"has-post-thumbnail","6":"product_cat-mobilnye-telefony","7":"pa_asukoht-lasnamae","8":"pa_seisukord-ispolzovano","10":"first","11":"instock","12":"taxable","13":"shipping-taxable","14":"purchasable","15":"product-type-simple"},"_links":{"self":[{"href":"https:\/\/a-pant.ee\/ru\/wp-json\/wp\/v2\/product\/23598","targetHints":{"allow":["GET"]}}],"collection":[{"href":"https:\/\/a-pant.ee\/ru\/wp-json\/wp\/v2\/product"}],"about":[{"href":"https:\/\/a-pant.ee\/ru\/wp-json\/wp\/v2\/types\/product"}],"replies":[{"embeddable":true,"href":"https:\/\/a-pant.ee\/ru\/wp-json\/wp\/v2\/comments?post=23598"}],"wp:featuredmedia":[{"embeddable":true,"href":"https:\/\/a-pant.ee\/ru\/wp-json\/wp\/v2\/media\/23599"}],"wp:attachment":[{"href":"https:\/\/a-pant.ee\/ru\/wp-json\/wp\/v2\/media?parent=23598"}],"wp:term":[{"taxonomy":"product_brand","embeddable":true,"href":"https:\/\/a-pant.ee\/ru\/wp-json\/wp\/v2\/product_brand?post=23598"},{"taxonomy":"product_cat","embeddable":true,"href":"https:\/\/a-pant.ee\/ru\/wp-json\/wp\/v2\/product_cat?post=23598"},{"taxonomy":"product_tag","embeddable":true,"href":"https:\/\/a-pant.ee\/ru\/wp-json\/wp\/v2\/product_tag?post=23598"}],"curies":[{"name":"wp","href":"https:\/\/api.w.org\/{rel}","templated":true}]}}