{"id":23585,"date":"2026-02-04T00:57:03","date_gmt":"2026-02-03T21:57:03","guid":{"rendered":"https:\/\/a-pant.ee\/product\/smart-chasy-apple-watch-6-40mm\/"},"modified":"2026-02-22T12:47:07","modified_gmt":"2026-02-22T09:47:07","slug":"smart-chasy-apple-watch-6-40mm-zaryadka","status":"publish","type":"product","link":"https:\/\/a-pant.ee\/ru\/product\/smart-chasy-apple-watch-6-40mm-zaryadka\/","title":{"rendered":"\u0421\u043c\u0430\u0440\u0442 \u0447\u0430\u0441\u044b Apple watch 6 40mm + \u0437\u0430\u0440\u044f\u0434\u043a\u0430"},"content":{"rendered":"\n<p> Nutikellad Apple watch 6 40mm + laadija\u00a0, heas seisu- ja t\u00f6\u00f6korras! <\/p><p> KIRJELDUS <\/p><p> Kategooria: Nutikellad (smartwatch) <\/p><p> T\u00fc\u00fcp: Nutikellad naistele <\/p><p> Vaade: Apple, nutikellad naistele <\/p><p> Kaubam\u00e4rk: Apple <\/p><p> Ekraani suurus (tollid): 1.57 <\/p><p> V\u00e4rv: Must <\/p><p> Ekraani t\u00fc\u00fcp: LTPO OLED <\/p><p> Ekraani resolutsioon: 324 x 394 <\/p><p> Rihma materjal: T\u00e4psustamata <\/p><p> Bluetooth: T\u00e4psustamata <\/p><p> NFC: T\u00e4psustamata <\/p><p> Wi-Fi: Pole t\u00e4psustatud <\/p><p> \u00dchilduvus: Pole t\u00e4psustatud <\/p><p> Pulsomeeter(HR): Jah <\/p><p> Veekindlus: Jah <\/p><p> GPS: Jah <\/p><p> K\u00f5ik tooted sellelt kaubam\u00e4rgilt: K\u00f5ik Apple tooted <\/p>\n","protected":false},"excerpt":{"rendered":"<p>Nutikellad Apple watch 6 40mm + laadija\u00a0, heas seisu- ja t\u00f6\u00f6korras! KIRJELDUS Kategooria: Nutikellad (smartwatch) T\u00fc\u00fcp: Nutikellad naistele Vaade: Apple, nutikellad naistele Kaubam\u00e4rk: Apple Ekraani suurus (tollid): 1.57 V\u00e4rv: Must Ekraani t\u00fc\u00fcp: LTPO OLED Ekraani resolutsioon: 324 x 394 Rihma materjal: T\u00e4psustamata Bluetooth: T\u00e4psustamata NFC: T\u00e4psustamata Wi-Fi: Pole t\u00e4psustatud \u00dchilduvus: Pole t\u00e4psustatud Pulsomeeter(HR): Jah Veekindlus: [&hellip;]<\/p>\n","protected":false},"featured_media":23586,"comment_status":"closed","ping_status":"open","template":"","meta":{"inline_featured_image":false},"product_brand":[],"product_cat":[176],"product_tag":[],"class_list":{"0":"post-23585","1":"product","2":"type-product","3":"status-publish","4":"has-post-thumbnail","6":"product_cat-smart-chasy","7":"pa_asukoht-lasnamae","8":"pa_seisukord-ispolzovano","10":"first","11":"instock","12":"taxable","13":"shipping-taxable","14":"purchasable","15":"product-type-simple"},"_links":{"self":[{"href":"https:\/\/a-pant.ee\/ru\/wp-json\/wp\/v2\/product\/23585","targetHints":{"allow":["GET"]}}],"collection":[{"href":"https:\/\/a-pant.ee\/ru\/wp-json\/wp\/v2\/product"}],"about":[{"href":"https:\/\/a-pant.ee\/ru\/wp-json\/wp\/v2\/types\/product"}],"replies":[{"embeddable":true,"href":"https:\/\/a-pant.ee\/ru\/wp-json\/wp\/v2\/comments?post=23585"}],"wp:featuredmedia":[{"embeddable":true,"href":"https:\/\/a-pant.ee\/ru\/wp-json\/wp\/v2\/media\/23586"}],"wp:attachment":[{"href":"https:\/\/a-pant.ee\/ru\/wp-json\/wp\/v2\/media?parent=23585"}],"wp:term":[{"taxonomy":"product_brand","embeddable":true,"href":"https:\/\/a-pant.ee\/ru\/wp-json\/wp\/v2\/product_brand?post=23585"},{"taxonomy":"product_cat","embeddable":true,"href":"https:\/\/a-pant.ee\/ru\/wp-json\/wp\/v2\/product_cat?post=23585"},{"taxonomy":"product_tag","embeddable":true,"href":"https:\/\/a-pant.ee\/ru\/wp-json\/wp\/v2\/product_tag?post=23585"}],"curies":[{"name":"wp","href":"https:\/\/api.w.org\/{rel}","templated":true}]}}