{"id":23578,"date":"2026-02-04T00:57:03","date_gmt":"2026-02-03T21:57:03","guid":{"rendered":"https:\/\/a-pant.ee\/product\/nabor-instrumentov-bosch-111-sht\/"},"modified":"2026-02-22T12:47:07","modified_gmt":"2026-02-22T09:47:07","slug":"nabor-instrumentov-bosch-111-sht-2","status":"publish","type":"product","link":"https:\/\/a-pant.ee\/ru\/product\/nabor-instrumentov-bosch-111-sht-2\/","title":{"rendered":"\u041d\u0430\u0431\u043e\u0440 \u0438\u043d\u0441\u0442\u0440\u0443\u043c\u0435\u043d\u0442\u043e\u0432 Bosch 111 \u0448\u0442."},"content":{"rendered":"\n<p> T\u00f6\u00f6riistakomplekt Bosch, 111-osaline, heas seisu- ja t\u00f6\u00f6korras! <\/p><p> KIRJELDUS <\/p><p> Toote t\u00fc\u00fcp T\u00f6\u00f6riistade komplektid <\/p><p> Kaubam\u00e4rk Bosch <\/p><p> Mudel 2607017394 <\/p><p> Vutlar Jah <\/p><p> Kuulub komplekti414\/5000 Kombineeritud tangid, teravad tangid, reguleeritav mutriv\u00f5ti, haamer, nuga, rulett, otsahoidja, 3 teraga k\u00e4sisaag; betoonpuurid \u00d8 5\/6 \/ 8mm; puitpuurid \u00d8 5\/6 \/ 8mm; kruvikeeraja; n\u00e4pun\u00e4ited: SL &#8212; 4\/5\/6 \/ 7mm; PH &#8212; 1\/2\/2 \/ 3mm; PZ &#8212; 1\/2 \/ 3mm; Torx &#8212; 15\/20\/25 \/ 30mm; kuuskant &#8212; SW 4\/5 \/ 6mm; kruvikeeraja adapter; peaadapterid &#8212; SW 5\/6\/7\/8\/9 \/ 10mm; kuuskantv\u00f5tmekomplekt. <\/p><p> Komplekti osade arv 111 <\/p>\n","protected":false},"excerpt":{"rendered":"<p>T\u00f6\u00f6riistakomplekt Bosch, 111-osaline, heas seisu- ja t\u00f6\u00f6korras! KIRJELDUS Toote t\u00fc\u00fcp T\u00f6\u00f6riistade komplektid Kaubam\u00e4rk Bosch Mudel 2607017394 Vutlar Jah Kuulub komplekti414\/5000 Kombineeritud tangid, teravad tangid, reguleeritav mutriv\u00f5ti, haamer, nuga, rulett, otsahoidja, 3 teraga k\u00e4sisaag; betoonpuurid \u00d8 5\/6 \/ 8mm; puitpuurid \u00d8 5\/6 \/ 8mm; kruvikeeraja; n\u00e4pun\u00e4ited: SL &#8212; 4\/5\/6 \/ 7mm; PH &#8212; 1\/2\/2 \/ 3mm; [&hellip;]<\/p>\n","protected":false},"featured_media":23579,"comment_status":"closed","ping_status":"open","template":"","meta":{"inline_featured_image":false},"product_brand":[],"product_cat":[246],"product_tag":[],"class_list":{"0":"post-23578","1":"product","2":"type-product","3":"status-publish","4":"has-post-thumbnail","6":"product_cat-instrumenty-drugoe","7":"pa_asukoht-lasnamae","8":"pa_seisukord-ispolzovano","10":"first","11":"instock","12":"taxable","13":"shipping-taxable","14":"purchasable","15":"product-type-simple"},"_links":{"self":[{"href":"https:\/\/a-pant.ee\/ru\/wp-json\/wp\/v2\/product\/23578","targetHints":{"allow":["GET"]}}],"collection":[{"href":"https:\/\/a-pant.ee\/ru\/wp-json\/wp\/v2\/product"}],"about":[{"href":"https:\/\/a-pant.ee\/ru\/wp-json\/wp\/v2\/types\/product"}],"replies":[{"embeddable":true,"href":"https:\/\/a-pant.ee\/ru\/wp-json\/wp\/v2\/comments?post=23578"}],"wp:featuredmedia":[{"embeddable":true,"href":"https:\/\/a-pant.ee\/ru\/wp-json\/wp\/v2\/media\/23579"}],"wp:attachment":[{"href":"https:\/\/a-pant.ee\/ru\/wp-json\/wp\/v2\/media?parent=23578"}],"wp:term":[{"taxonomy":"product_brand","embeddable":true,"href":"https:\/\/a-pant.ee\/ru\/wp-json\/wp\/v2\/product_brand?post=23578"},{"taxonomy":"product_cat","embeddable":true,"href":"https:\/\/a-pant.ee\/ru\/wp-json\/wp\/v2\/product_cat?post=23578"},{"taxonomy":"product_tag","embeddable":true,"href":"https:\/\/a-pant.ee\/ru\/wp-json\/wp\/v2\/product_tag?post=23578"}],"curies":[{"name":"wp","href":"https:\/\/api.w.org\/{rel}","templated":true}]}}