{"id":23572,"date":"2026-02-04T00:57:03","date_gmt":"2026-02-03T21:57:03","guid":{"rendered":"https:\/\/a-pant.ee\/product\/smart-chasy-huawei-watch-gt2-classic-42-mm-refined-gold\/"},"modified":"2026-02-22T12:47:07","modified_gmt":"2026-02-22T09:47:07","slug":"smart-chasy-huawei-watch-gt2-classic-42-mm-refined-gold","status":"publish","type":"product","link":"https:\/\/a-pant.ee\/ru\/product\/smart-chasy-huawei-watch-gt2-classic-42-mm-refined-gold\/","title":{"rendered":"\u0421\u043c\u0430\u0440\u0442-\u0447\u0430\u0441\u044b Huawei Watch GT2 Classic, 42 \u043c\u043c, refined gold"},"content":{"rendered":"\n<p> \u00a0Nutikell Huawei Watch GT2 Classic, 42 \u043c\u043c, refined gold\u00a0, heas seisu- ja t\u00f6\u00f6korras! <\/p><p> laadija <\/p><p><br \/> T\u00fc\u00fcp <br \/> nutikell <br \/> Protsessor <br \/> Kirin A1 <br \/> OS-i \u00fchilduvus <br \/> Android, iOS <br \/> Minimaalselt toetatud Androidi versioon <br \/> 4.4 <br \/> Minimaalselt toetatud iOS-i versioon <br \/> 9 <br \/> Joonlaud <br \/> Huawei k\u00e4ekell GT2 <br \/> Ise\u00e4rasused <br \/> heli taasesitus <br \/> Lisafunktsioonid <br \/> vibratsioon, g\u00fcroskoop, valgusandur, kompass, stopper, taimer <br \/> Kella korpuse kuju <br \/> ring <br \/> S\u00fcdame l\u00f6\u00f6gisageduse andur <br \/> sisseehitatud <\/p>\n","protected":false},"excerpt":{"rendered":"<p>\u00a0Nutikell Huawei Watch GT2 Classic, 42 \u043c\u043c, refined gold\u00a0, heas seisu- ja t\u00f6\u00f6korras! laadija T\u00fc\u00fcp nutikell Protsessor Kirin A1 OS-i \u00fchilduvus Android, iOS Minimaalselt toetatud Androidi versioon 4.4 Minimaalselt toetatud iOS-i versioon 9 Joonlaud Huawei k\u00e4ekell GT2 Ise\u00e4rasused heli taasesitus Lisafunktsioonid vibratsioon, g\u00fcroskoop, valgusandur, kompass, stopper, taimer Kella korpuse kuju ring S\u00fcdame l\u00f6\u00f6gisageduse andur sisseehitatud<\/p>\n","protected":false},"featured_media":23573,"comment_status":"closed","ping_status":"open","template":"","meta":{"inline_featured_image":false},"product_brand":[],"product_cat":[176],"product_tag":[],"class_list":{"0":"post-23572","1":"product","2":"type-product","3":"status-publish","4":"has-post-thumbnail","6":"product_cat-smart-chasy","7":"pa_asukoht-mustamae","8":"pa_seisukord-ispolzovano","10":"first","11":"instock","12":"taxable","13":"shipping-taxable","14":"purchasable","15":"product-type-simple"},"_links":{"self":[{"href":"https:\/\/a-pant.ee\/ru\/wp-json\/wp\/v2\/product\/23572","targetHints":{"allow":["GET"]}}],"collection":[{"href":"https:\/\/a-pant.ee\/ru\/wp-json\/wp\/v2\/product"}],"about":[{"href":"https:\/\/a-pant.ee\/ru\/wp-json\/wp\/v2\/types\/product"}],"replies":[{"embeddable":true,"href":"https:\/\/a-pant.ee\/ru\/wp-json\/wp\/v2\/comments?post=23572"}],"wp:featuredmedia":[{"embeddable":true,"href":"https:\/\/a-pant.ee\/ru\/wp-json\/wp\/v2\/media\/23573"}],"wp:attachment":[{"href":"https:\/\/a-pant.ee\/ru\/wp-json\/wp\/v2\/media?parent=23572"}],"wp:term":[{"taxonomy":"product_brand","embeddable":true,"href":"https:\/\/a-pant.ee\/ru\/wp-json\/wp\/v2\/product_brand?post=23572"},{"taxonomy":"product_cat","embeddable":true,"href":"https:\/\/a-pant.ee\/ru\/wp-json\/wp\/v2\/product_cat?post=23572"},{"taxonomy":"product_tag","embeddable":true,"href":"https:\/\/a-pant.ee\/ru\/wp-json\/wp\/v2\/product_tag?post=23572"}],"curies":[{"name":"wp","href":"https:\/\/api.w.org\/{rel}","templated":true}]}}