{"id":23566,"date":"2026-02-04T00:57:03","date_gmt":"2026-02-03T21:57:03","guid":{"rendered":"https:\/\/a-pant.ee\/product\/umnye-chasy-huawei-watch-gt-2-pro-zaryadka\/"},"modified":"2026-02-22T12:47:07","modified_gmt":"2026-02-22T09:47:07","slug":"umnye-chasy-huawei-watch-gt-2-pro-zaryadka","status":"publish","type":"product","link":"https:\/\/a-pant.ee\/ru\/product\/umnye-chasy-huawei-watch-gt-2-pro-zaryadka\/","title":{"rendered":"\u0423\u043c\u043d\u044b\u0435 \u0447\u0430\u0441\u044b HUAWEI WATCH GT 2 Pro + \u0437\u0430\u0440\u044f\u0434\u043a\u0430"},"content":{"rendered":"\n<p> Nutikell HUAWEI WATCH GT 2 Pro + laadija\u00a0, heas seisu- ja t\u00f6\u00f6korras! <\/p><p><br \/> T\u00fc\u00fcp <br \/> nutikell <br \/> Protsessor <br \/> Kirin A1 + STL4R9 <br \/> OS-i \u00fchilduvus <br \/> Android, iOS <br \/> Minimaalselt toetatud Androidi versioon <br \/> 5.0 <br \/> Minimaalselt toetatud iOS-i versioon <br \/> 9 <br \/> Ise\u00e4rasused <br \/> juhtmevaba laadija <br \/> Lisafunktsioonid <br \/> baromeeter, g\u00fcroskoop, valgusandur, k\u00f5lar, kompass, mikrofon <br \/> Kella korpuse kuju <br \/> ring <br \/> S\u00fcdame l\u00f6\u00f6gisageduse andur <br \/> sisseehitatud <br \/> J\u00e4relevalve <br \/> kiirendusm\u00f5\u00f5tur, kalorid, pulss, uni, vere hapnikusisaldus, f\u00fc\u00fcsiline aktiivsus <\/p>\n","protected":false},"excerpt":{"rendered":"<p>Nutikell HUAWEI WATCH GT 2 Pro + laadija\u00a0, heas seisu- ja t\u00f6\u00f6korras! T\u00fc\u00fcp nutikell Protsessor Kirin A1 + STL4R9 OS-i \u00fchilduvus Android, iOS Minimaalselt toetatud Androidi versioon 5.0 Minimaalselt toetatud iOS-i versioon 9 Ise\u00e4rasused juhtmevaba laadija Lisafunktsioonid baromeeter, g\u00fcroskoop, valgusandur, k\u00f5lar, kompass, mikrofon Kella korpuse kuju ring S\u00fcdame l\u00f6\u00f6gisageduse andur sisseehitatud J\u00e4relevalve kiirendusm\u00f5\u00f5tur, kalorid, pulss, [&hellip;]<\/p>\n","protected":false},"featured_media":23567,"comment_status":"closed","ping_status":"open","template":"","meta":{"inline_featured_image":false},"product_brand":[],"product_cat":[176],"product_tag":[],"class_list":{"0":"post-23566","1":"product","2":"type-product","3":"status-publish","4":"has-post-thumbnail","6":"product_cat-smart-chasy","7":"pa_asukoht-mustamae","8":"pa_seisukord-ispolzovano","10":"first","11":"instock","12":"taxable","13":"shipping-taxable","14":"purchasable","15":"product-type-simple"},"_links":{"self":[{"href":"https:\/\/a-pant.ee\/ru\/wp-json\/wp\/v2\/product\/23566","targetHints":{"allow":["GET"]}}],"collection":[{"href":"https:\/\/a-pant.ee\/ru\/wp-json\/wp\/v2\/product"}],"about":[{"href":"https:\/\/a-pant.ee\/ru\/wp-json\/wp\/v2\/types\/product"}],"replies":[{"embeddable":true,"href":"https:\/\/a-pant.ee\/ru\/wp-json\/wp\/v2\/comments?post=23566"}],"wp:featuredmedia":[{"embeddable":true,"href":"https:\/\/a-pant.ee\/ru\/wp-json\/wp\/v2\/media\/23567"}],"wp:attachment":[{"href":"https:\/\/a-pant.ee\/ru\/wp-json\/wp\/v2\/media?parent=23566"}],"wp:term":[{"taxonomy":"product_brand","embeddable":true,"href":"https:\/\/a-pant.ee\/ru\/wp-json\/wp\/v2\/product_brand?post=23566"},{"taxonomy":"product_cat","embeddable":true,"href":"https:\/\/a-pant.ee\/ru\/wp-json\/wp\/v2\/product_cat?post=23566"},{"taxonomy":"product_tag","embeddable":true,"href":"https:\/\/a-pant.ee\/ru\/wp-json\/wp\/v2\/product_tag?post=23566"}],"curies":[{"name":"wp","href":"https:\/\/api.w.org\/{rel}","templated":true}]}}