{"id":23560,"date":"2026-02-04T00:57:03","date_gmt":"2026-02-03T21:57:03","guid":{"rendered":"https:\/\/a-pant.ee\/product\/telefon-samsung-e1170\/"},"modified":"2026-02-22T12:47:07","modified_gmt":"2026-02-22T09:47:07","slug":"telefon-samsung-e1170","status":"publish","type":"product","link":"https:\/\/a-pant.ee\/ru\/product\/telefon-samsung-e1170\/","title":{"rendered":"\u0422\u0435\u043b\u0435\u0444\u043e\u043d Samsung E1170"},"content":{"rendered":"\n<p> Telefon Samsung E1170\u00a0, heas seisu- ja t\u00f6\u00f6korras! <\/p><p> laadija <\/p><p><br \/> Kirjeldus <br \/> L\u00fchidalt tootest <br \/> Ekraan <br \/> 1,52&#8243; STN <br \/> Aku 1000 mAh <br \/> SIM-kaardid <br \/> 1 SIM <br \/> Kaal 72 g <\/p>\n","protected":false},"excerpt":{"rendered":"<p>Telefon Samsung E1170\u00a0, heas seisu- ja t\u00f6\u00f6korras! laadija Kirjeldus L\u00fchidalt tootest Ekraan 1,52&#8243; STN Aku 1000 mAh SIM-kaardid 1 SIM Kaal 72 g<\/p>\n","protected":false},"featured_media":23561,"comment_status":"closed","ping_status":"closed","template":"","meta":{"inline_featured_image":false},"product_brand":[],"product_cat":[171],"product_tag":[],"class_list":{"0":"post-23560","1":"product","2":"type-product","3":"status-publish","4":"has-post-thumbnail","6":"product_cat-mobilnye-telefony","7":"pa_asukoht-mustamae","8":"pa_seisukord-ispolzovano","10":"first","11":"outofstock","12":"taxable","13":"shipping-taxable","14":"purchasable","15":"product-type-simple"},"_links":{"self":[{"href":"https:\/\/a-pant.ee\/ru\/wp-json\/wp\/v2\/product\/23560","targetHints":{"allow":["GET"]}}],"collection":[{"href":"https:\/\/a-pant.ee\/ru\/wp-json\/wp\/v2\/product"}],"about":[{"href":"https:\/\/a-pant.ee\/ru\/wp-json\/wp\/v2\/types\/product"}],"replies":[{"embeddable":true,"href":"https:\/\/a-pant.ee\/ru\/wp-json\/wp\/v2\/comments?post=23560"}],"wp:featuredmedia":[{"embeddable":true,"href":"https:\/\/a-pant.ee\/ru\/wp-json\/wp\/v2\/media\/23561"}],"wp:attachment":[{"href":"https:\/\/a-pant.ee\/ru\/wp-json\/wp\/v2\/media?parent=23560"}],"wp:term":[{"taxonomy":"product_brand","embeddable":true,"href":"https:\/\/a-pant.ee\/ru\/wp-json\/wp\/v2\/product_brand?post=23560"},{"taxonomy":"product_cat","embeddable":true,"href":"https:\/\/a-pant.ee\/ru\/wp-json\/wp\/v2\/product_cat?post=23560"},{"taxonomy":"product_tag","embeddable":true,"href":"https:\/\/a-pant.ee\/ru\/wp-json\/wp\/v2\/product_tag?post=23560"}],"curies":[{"name":"wp","href":"https:\/\/api.w.org\/{rel}","templated":true}]}}