{"id":23554,"date":"2026-02-04T00:57:03","date_gmt":"2026-02-03T21:57:03","guid":{"rendered":"https:\/\/a-pant.ee\/product\/umnye-chasy-polar-unite\/"},"modified":"2026-02-22T12:47:07","modified_gmt":"2026-02-22T09:47:07","slug":"umnye-chasy-polar-unite","status":"publish","type":"product","link":"https:\/\/a-pant.ee\/ru\/product\/umnye-chasy-polar-unite\/","title":{"rendered":"\u0423\u043c\u043d\u044b\u0435 \u0447\u0430\u0441\u044b Polar Unite"},"content":{"rendered":"\n<p> \u00a0Nutikell Polar Unite\u00a0, heas seisu- ja t\u00f6\u00f6korras! <\/p><p> laadija + ruhm <\/p><p> Ekraan <br \/> 1,22&#8243; (240&#215;204) IPS <br \/> Korpuse materjal metall, pol\u00fcmeer <br \/> K\u00e4ev\u00f5ru\/rihma materjal silikoon <br \/> niiskuse kaitse <br \/> \u00dchilduvus <br \/> Android, iOS <br \/> Bluetooth juhtmevaba <br \/> J\u00e4relevalve <br \/> kiirendusm\u00f5\u00f5tur, kalorid, pulss, uni, f\u00fc\u00fcsiline aktiivsus <br \/> Aku maht 174 mAh <\/p>\n","protected":false},"excerpt":{"rendered":"<p>\u00a0Nutikell Polar Unite\u00a0, heas seisu- ja t\u00f6\u00f6korras! laadija + ruhm Ekraan 1,22&#8243; (240&#215;204) IPS Korpuse materjal metall, pol\u00fcmeer K\u00e4ev\u00f5ru\/rihma materjal silikoon niiskuse kaitse \u00dchilduvus Android, iOS Bluetooth juhtmevaba J\u00e4relevalve kiirendusm\u00f5\u00f5tur, kalorid, pulss, uni, f\u00fc\u00fcsiline aktiivsus Aku maht 174 mAh<\/p>\n","protected":false},"featured_media":23555,"comment_status":"closed","ping_status":"open","template":"","meta":{"inline_featured_image":false},"product_brand":[],"product_cat":[176],"product_tag":[],"class_list":{"0":"post-23554","1":"product","2":"type-product","3":"status-publish","4":"has-post-thumbnail","6":"product_cat-smart-chasy","7":"pa_asukoht-mustamae","8":"pa_seisukord-ispolzovano","10":"first","11":"instock","12":"taxable","13":"shipping-taxable","14":"purchasable","15":"product-type-simple"},"_links":{"self":[{"href":"https:\/\/a-pant.ee\/ru\/wp-json\/wp\/v2\/product\/23554","targetHints":{"allow":["GET"]}}],"collection":[{"href":"https:\/\/a-pant.ee\/ru\/wp-json\/wp\/v2\/product"}],"about":[{"href":"https:\/\/a-pant.ee\/ru\/wp-json\/wp\/v2\/types\/product"}],"replies":[{"embeddable":true,"href":"https:\/\/a-pant.ee\/ru\/wp-json\/wp\/v2\/comments?post=23554"}],"wp:featuredmedia":[{"embeddable":true,"href":"https:\/\/a-pant.ee\/ru\/wp-json\/wp\/v2\/media\/23555"}],"wp:attachment":[{"href":"https:\/\/a-pant.ee\/ru\/wp-json\/wp\/v2\/media?parent=23554"}],"wp:term":[{"taxonomy":"product_brand","embeddable":true,"href":"https:\/\/a-pant.ee\/ru\/wp-json\/wp\/v2\/product_brand?post=23554"},{"taxonomy":"product_cat","embeddable":true,"href":"https:\/\/a-pant.ee\/ru\/wp-json\/wp\/v2\/product_cat?post=23554"},{"taxonomy":"product_tag","embeddable":true,"href":"https:\/\/a-pant.ee\/ru\/wp-json\/wp\/v2\/product_tag?post=23554"}],"curies":[{"name":"wp","href":"https:\/\/api.w.org\/{rel}","templated":true}]}}