{"id":23535,"date":"2026-02-04T00:57:03","date_gmt":"2026-02-03T21:57:03","guid":{"rendered":"https:\/\/a-pant.ee\/product\/perforator-wurth-h-24-mls-chemodan\/"},"modified":"2026-02-22T12:47:06","modified_gmt":"2026-02-22T09:47:06","slug":"perforator-wurth-h-24-mls-chemodan","status":"publish","type":"product","link":"https:\/\/a-pant.ee\/ru\/product\/perforator-wurth-h-24-mls-chemodan\/","title":{"rendered":"\u041f\u0435\u0440\u0444\u043e\u0440\u0430\u0442\u043e\u0440 WURTH H 24-MLS + \u0427\u0435\u043c\u043e\u0434\u0430\u043d"},"content":{"rendered":"\n<p> Puurvasar WURTH H 24-MLS + Kohver, heas seisu- ja t\u00f6\u00f6korras! <\/p><p> KIRJELDUS <\/p><p> Tootja <br \/> Wurth <br \/> Toitumine <br \/> V\u00f5rgust <br \/> Padrunit\u00fc\u00fcp <br \/> SDS-pluss <br \/> T\u00f6\u00f6re\u017eiim <br \/> Lahjendav <br \/> Funktsioonid <br \/> P\u00f6\u00f6rlemissageduse reguleerimine, kruvikeeraja, tagurpidi <br \/> Disainifunktsioonid <br \/> Varustus, mis lukustab foto tomenti, spindli fikseerimine <br \/> Maksimaalne l\u00f6\u00f6gij\u00f5ud <br \/> 2.4 J. <br \/> Maksimaalne puurimisl\u00e4bim\u00f5\u00f5t krooniga (betooni) 58 mm <br \/> \u0160okkide sagedus 4500 l\u00f6\u00f6ki\/min <\/p>\n","protected":false},"excerpt":{"rendered":"<p>Puurvasar WURTH H 24-MLS + Kohver, heas seisu- ja t\u00f6\u00f6korras! KIRJELDUS Tootja Wurth Toitumine V\u00f5rgust Padrunit\u00fc\u00fcp SDS-pluss T\u00f6\u00f6re\u017eiim Lahjendav Funktsioonid P\u00f6\u00f6rlemissageduse reguleerimine, kruvikeeraja, tagurpidi Disainifunktsioonid Varustus, mis lukustab foto tomenti, spindli fikseerimine Maksimaalne l\u00f6\u00f6gij\u00f5ud 2.4 J. Maksimaalne puurimisl\u00e4bim\u00f5\u00f5t krooniga (betooni) 58 mm \u0160okkide sagedus 4500 l\u00f6\u00f6ki\/min<\/p>\n","protected":false},"featured_media":23536,"comment_status":"closed","ping_status":"open","template":"","meta":{"inline_featured_image":false},"product_brand":[],"product_cat":[239],"product_tag":[],"class_list":{"0":"post-23535","1":"product","2":"type-product","3":"status-publish","4":"has-post-thumbnail","6":"product_cat-perforatory-i-dreli","7":"pa_asukoht-mustamae","8":"pa_seisukord-ispolzovano","10":"first","11":"instock","12":"taxable","13":"shipping-taxable","14":"purchasable","15":"product-type-simple"},"_links":{"self":[{"href":"https:\/\/a-pant.ee\/ru\/wp-json\/wp\/v2\/product\/23535","targetHints":{"allow":["GET"]}}],"collection":[{"href":"https:\/\/a-pant.ee\/ru\/wp-json\/wp\/v2\/product"}],"about":[{"href":"https:\/\/a-pant.ee\/ru\/wp-json\/wp\/v2\/types\/product"}],"replies":[{"embeddable":true,"href":"https:\/\/a-pant.ee\/ru\/wp-json\/wp\/v2\/comments?post=23535"}],"wp:featuredmedia":[{"embeddable":true,"href":"https:\/\/a-pant.ee\/ru\/wp-json\/wp\/v2\/media\/23536"}],"wp:attachment":[{"href":"https:\/\/a-pant.ee\/ru\/wp-json\/wp\/v2\/media?parent=23535"}],"wp:term":[{"taxonomy":"product_brand","embeddable":true,"href":"https:\/\/a-pant.ee\/ru\/wp-json\/wp\/v2\/product_brand?post=23535"},{"taxonomy":"product_cat","embeddable":true,"href":"https:\/\/a-pant.ee\/ru\/wp-json\/wp\/v2\/product_cat?post=23535"},{"taxonomy":"product_tag","embeddable":true,"href":"https:\/\/a-pant.ee\/ru\/wp-json\/wp\/v2\/product_tag?post=23535"}],"curies":[{"name":"wp","href":"https:\/\/api.w.org\/{rel}","templated":true}]}}