{"id":23523,"date":"2026-02-04T00:57:03","date_gmt":"2026-02-03T21:57:03","guid":{"rendered":"https:\/\/a-pant.ee\/product\/kolonka-jbl-playlist-provod\/"},"modified":"2026-02-22T12:47:06","modified_gmt":"2026-02-22T09:47:06","slug":"kolonka-jbl-playlist-provod","status":"publish","type":"product","link":"https:\/\/a-pant.ee\/ru\/product\/kolonka-jbl-playlist-provod\/","title":{"rendered":"\u041a\u043e\u043b\u043e\u043d\u043a\u0430 JBL Playlist + \u041f\u0440\u043e\u0432\u043e\u0434"},"content":{"rendered":"\n<p> K\u00f5lar JBL Playlist + Juhi, heas seisu- ja t\u00f6\u00f6korras! <\/p><p> KIRJELDUS <\/p><p> Tootja <br \/> JBL <br \/> T\u00fc\u00fcp <br \/> stereo <br \/> Koguv\u00f5imsus <br \/> 21-50 vatti <br \/> Traadita \u00fchendus <br \/> Wi-fi, bluetooth <br \/> Toitumine <br \/> Elektriv\u00f5rgust <br \/> Koguv\u00f5imsus 30 W <br \/> Sisend\u00fchendused Audio Mini Jack 3,5 mm <\/p>\n","protected":false},"excerpt":{"rendered":"<p>K\u00f5lar JBL Playlist + Juhi, heas seisu- ja t\u00f6\u00f6korras! KIRJELDUS Tootja JBL T\u00fc\u00fcp stereo Koguv\u00f5imsus 21-50 vatti Traadita \u00fchendus Wi-fi, bluetooth Toitumine Elektriv\u00f5rgust Koguv\u00f5imsus 30 W Sisend\u00fchendused Audio Mini Jack 3,5 mm<\/p>\n","protected":false},"featured_media":23524,"comment_status":"closed","ping_status":"closed","template":"","meta":{"inline_featured_image":false},"product_brand":[],"product_cat":[167],"product_tag":[],"class_list":{"0":"post-23523","1":"product","2":"type-product","3":"status-publish","4":"has-post-thumbnail","6":"product_cat-kolonki","7":"pa_asukoht-mustamae","8":"pa_seisukord-ispolzovano","10":"first","11":"outofstock","12":"taxable","13":"shipping-taxable","14":"purchasable","15":"product-type-simple"},"_links":{"self":[{"href":"https:\/\/a-pant.ee\/ru\/wp-json\/wp\/v2\/product\/23523","targetHints":{"allow":["GET"]}}],"collection":[{"href":"https:\/\/a-pant.ee\/ru\/wp-json\/wp\/v2\/product"}],"about":[{"href":"https:\/\/a-pant.ee\/ru\/wp-json\/wp\/v2\/types\/product"}],"replies":[{"embeddable":true,"href":"https:\/\/a-pant.ee\/ru\/wp-json\/wp\/v2\/comments?post=23523"}],"wp:featuredmedia":[{"embeddable":true,"href":"https:\/\/a-pant.ee\/ru\/wp-json\/wp\/v2\/media\/23524"}],"wp:attachment":[{"href":"https:\/\/a-pant.ee\/ru\/wp-json\/wp\/v2\/media?parent=23523"}],"wp:term":[{"taxonomy":"product_brand","embeddable":true,"href":"https:\/\/a-pant.ee\/ru\/wp-json\/wp\/v2\/product_brand?post=23523"},{"taxonomy":"product_cat","embeddable":true,"href":"https:\/\/a-pant.ee\/ru\/wp-json\/wp\/v2\/product_cat?post=23523"},{"taxonomy":"product_tag","embeddable":true,"href":"https:\/\/a-pant.ee\/ru\/wp-json\/wp\/v2\/product_tag?post=23523"}],"curies":[{"name":"wp","href":"https:\/\/api.w.org\/{rel}","templated":true}]}}