{"id":23515,"date":"2026-02-04T00:57:03","date_gmt":"2026-02-03T21:57:03","guid":{"rendered":"https:\/\/a-pant.ee\/product\/noutbuk-hp-laptop-15-gw0xxx-zaryadka\/"},"modified":"2026-02-22T12:47:06","modified_gmt":"2026-02-22T09:47:06","slug":"noutbuk-hp-laptop-15-gw0xxx-zaryadka","status":"publish","type":"product","link":"https:\/\/a-pant.ee\/ru\/product\/noutbuk-hp-laptop-15-gw0xxx-zaryadka\/","title":{"rendered":"\u041d\u043e\u0443\u0442\u0431\u0443\u043a HP Laptop 15-gw0xxx + \u0417\u0430\u0440\u044f\u0434\u043a\u0430"},"content":{"rendered":"\n<p> S\u00fclearvuti HP Laptop 15-gw0xxx + Laadija, heas seisu- ja t\u00f6\u00f6korras! <\/p><p> KIRJELDUS <\/p><p> Processor: AMD Athlon Silver 3050U with Radeon Graphics (2CPUs), ~2.3Hz <\/p><p> Ram: 8GB <\/p><p> Video: AMD Radeon Graphics Processor (0x15D8) <\/p><p> SSD: WDC PC SN530 SDBPNPZ-256G-1006 <\/p><p> Windows 11 Home <\/p>\n","protected":false},"excerpt":{"rendered":"<p>S\u00fclearvuti HP Laptop 15-gw0xxx + Laadija, heas seisu- ja t\u00f6\u00f6korras! KIRJELDUS Processor: AMD Athlon Silver 3050U with Radeon Graphics (2CPUs), ~2.3Hz Ram: 8GB Video: AMD Radeon Graphics Processor (0x15D8) SSD: WDC PC SN530 SDBPNPZ-256G-1006 Windows 11 Home<\/p>\n","protected":false},"featured_media":23516,"comment_status":"closed","ping_status":"open","template":"","meta":{"inline_featured_image":false},"product_brand":[],"product_cat":[179],"product_tag":[],"class_list":{"0":"post-23515","1":"product","2":"type-product","3":"status-publish","4":"has-post-thumbnail","6":"product_cat-noutbuki","7":"pa_asukoht-mustamae","8":"pa_seisukord-ispolzovano","10":"first","11":"instock","12":"taxable","13":"shipping-taxable","14":"purchasable","15":"product-type-simple"},"_links":{"self":[{"href":"https:\/\/a-pant.ee\/ru\/wp-json\/wp\/v2\/product\/23515","targetHints":{"allow":["GET"]}}],"collection":[{"href":"https:\/\/a-pant.ee\/ru\/wp-json\/wp\/v2\/product"}],"about":[{"href":"https:\/\/a-pant.ee\/ru\/wp-json\/wp\/v2\/types\/product"}],"replies":[{"embeddable":true,"href":"https:\/\/a-pant.ee\/ru\/wp-json\/wp\/v2\/comments?post=23515"}],"wp:featuredmedia":[{"embeddable":true,"href":"https:\/\/a-pant.ee\/ru\/wp-json\/wp\/v2\/media\/23516"}],"wp:attachment":[{"href":"https:\/\/a-pant.ee\/ru\/wp-json\/wp\/v2\/media?parent=23515"}],"wp:term":[{"taxonomy":"product_brand","embeddable":true,"href":"https:\/\/a-pant.ee\/ru\/wp-json\/wp\/v2\/product_brand?post=23515"},{"taxonomy":"product_cat","embeddable":true,"href":"https:\/\/a-pant.ee\/ru\/wp-json\/wp\/v2\/product_cat?post=23515"},{"taxonomy":"product_tag","embeddable":true,"href":"https:\/\/a-pant.ee\/ru\/wp-json\/wp\/v2\/product_tag?post=23515"}],"curies":[{"name":"wp","href":"https:\/\/api.w.org\/{rel}","templated":true}]}}