{"id":23509,"date":"2026-02-04T00:57:03","date_gmt":"2026-02-03T21:57:03","guid":{"rendered":"https:\/\/a-pant.ee\/product\/smart-chasy-apple-watch-se-40mm-zaryadka\/"},"modified":"2026-02-22T12:47:06","modified_gmt":"2026-02-22T09:47:06","slug":"smart-chasy-apple-watch-se-40mm-zaryadka","status":"publish","type":"product","link":"https:\/\/a-pant.ee\/ru\/product\/smart-chasy-apple-watch-se-40mm-zaryadka\/","title":{"rendered":"\u0421\u043c\u0430\u0440\u0442 \u0447\u0430\u0441\u044b Apple Watch SE 40\u043c\u043c + \u0417\u0430\u0440\u044f\u0434\u043a\u0430"},"content":{"rendered":"\n<p> Nutikell Apple Watch SE 40mm + Laadija, heas seisu- ja t\u00f6\u00f6korras! <\/p><p> KIRJELDUS <\/p><p> Tootja <br \/> Apple <br \/> T\u00fc\u00fcp <br \/> nutikas k\u00e4ekell <br \/> Lisafunktsioonid <br \/> Altimeeter, kalkulaator, kalender, \u00e4ratuskell, etapp, valguse andur, taimer, stopper, g\u00fcroskoop, kompass, vibratsioon, k\u00f5lar, k\u00f5lar, mikrofon <br \/> \u00dchilduvus OS -iga <br \/> iOS <br \/> Seire <br \/> kalorid, kiirendusm\u00f5\u00f5tur, f\u00fc\u00fcsiline aktiivsus, uni, pulss <br \/> Alumiiniumist materjal <br \/> K\u00e4ev\u00f5ru materjal\/rihma silikoon <br \/> Kaitstud niiskuse kaitse <br \/> Bluetooth, GPS, NFC, WiFi, Glonasc, heli v\u00e4ljund Bluetooth-seadmetes <br \/> Vaadake OS -i operatsioonis\u00fcsteemi <\/p>\n","protected":false},"excerpt":{"rendered":"<p>Nutikell Apple Watch SE 40mm + Laadija, heas seisu- ja t\u00f6\u00f6korras! KIRJELDUS Tootja Apple T\u00fc\u00fcp nutikas k\u00e4ekell Lisafunktsioonid Altimeeter, kalkulaator, kalender, \u00e4ratuskell, etapp, valguse andur, taimer, stopper, g\u00fcroskoop, kompass, vibratsioon, k\u00f5lar, k\u00f5lar, mikrofon \u00dchilduvus OS -iga iOS Seire kalorid, kiirendusm\u00f5\u00f5tur, f\u00fc\u00fcsiline aktiivsus, uni, pulss Alumiiniumist materjal K\u00e4ev\u00f5ru materjal\/rihma silikoon Kaitstud niiskuse kaitse Bluetooth, GPS, NFC, [&hellip;]<\/p>\n","protected":false},"featured_media":23510,"comment_status":"closed","ping_status":"closed","template":"","meta":{"inline_featured_image":false},"product_brand":[],"product_cat":[176],"product_tag":[],"class_list":{"0":"post-23509","1":"product","2":"type-product","3":"status-publish","4":"has-post-thumbnail","6":"product_cat-smart-chasy","7":"pa_asukoht-mustamae","8":"pa_seisukord-ispolzovano","10":"first","11":"outofstock","12":"taxable","13":"shipping-taxable","14":"purchasable","15":"product-type-simple"},"_links":{"self":[{"href":"https:\/\/a-pant.ee\/ru\/wp-json\/wp\/v2\/product\/23509","targetHints":{"allow":["GET"]}}],"collection":[{"href":"https:\/\/a-pant.ee\/ru\/wp-json\/wp\/v2\/product"}],"about":[{"href":"https:\/\/a-pant.ee\/ru\/wp-json\/wp\/v2\/types\/product"}],"replies":[{"embeddable":true,"href":"https:\/\/a-pant.ee\/ru\/wp-json\/wp\/v2\/comments?post=23509"}],"wp:featuredmedia":[{"embeddable":true,"href":"https:\/\/a-pant.ee\/ru\/wp-json\/wp\/v2\/media\/23510"}],"wp:attachment":[{"href":"https:\/\/a-pant.ee\/ru\/wp-json\/wp\/v2\/media?parent=23509"}],"wp:term":[{"taxonomy":"product_brand","embeddable":true,"href":"https:\/\/a-pant.ee\/ru\/wp-json\/wp\/v2\/product_brand?post=23509"},{"taxonomy":"product_cat","embeddable":true,"href":"https:\/\/a-pant.ee\/ru\/wp-json\/wp\/v2\/product_cat?post=23509"},{"taxonomy":"product_tag","embeddable":true,"href":"https:\/\/a-pant.ee\/ru\/wp-json\/wp\/v2\/product_tag?post=23509"}],"curies":[{"name":"wp","href":"https:\/\/api.w.org\/{rel}","templated":true}]}}