{"id":23503,"date":"2026-02-04T00:57:03","date_gmt":"2026-02-03T21:57:03","guid":{"rendered":"https:\/\/a-pant.ee\/product\/igrovaya-pristavka-microsoft-xbox-one-s\/"},"modified":"2026-02-22T12:47:05","modified_gmt":"2026-02-22T09:47:05","slug":"igrovaya-pristavka-microsoft-xbox-one-s-provod-pult","status":"publish","type":"product","link":"https:\/\/a-pant.ee\/ru\/product\/igrovaya-pristavka-microsoft-xbox-one-s-provod-pult\/","title":{"rendered":"\u0418\u0433\u0440\u043e\u0432\u0430\u044f \u043f\u0440\u0438\u0441\u0442\u0430\u0432\u043a\u0430 Microsoft Xbox One S + \u041f\u0440\u043e\u0432\u043e\u0434 + \u041f\u0443\u043b\u044c\u0442"},"content":{"rendered":"\n<p> M\u00e4ngukonsool Microsoft Xbox One S + Juhi + Pult, heas seisu- ja t\u00f6\u00f6korras! <\/p><p> KIRJELDUS <\/p><p> Tootja <br \/> Microsoft <br \/> Valitseja <br \/> Xbox One <br \/> Eesliite t\u00fc\u00fcp <br \/> paikne <br \/> Ehitatud m\u00e4lu t\u00fc\u00fcp <br \/> Hdd <br \/> Maksimaalne eraldusv\u00f5ime <br \/> 4K UHD <br \/> Traadita \u00fchendus <br \/> Bluetooth, Wi-Fi <br \/> V\u00e4lise meedia tugi <br \/> Ilma optilise draivita <br \/> M\u00e4ngud komplektis ilma m\u00e4ngudeta <br \/> Etherneti liidesed, USB X 3, HDMI v\u00e4ljund, heli optiline v\u00e4ljap\u00e4\u00e4s <br \/> S\u00fcsteemi j\u00f5udlus 1.4 Teraflop <\/p>\n","protected":false},"excerpt":{"rendered":"<p>M\u00e4ngukonsool Microsoft Xbox One S + Juhi + Pult, heas seisu- ja t\u00f6\u00f6korras! KIRJELDUS Tootja Microsoft Valitseja Xbox One Eesliite t\u00fc\u00fcp paikne Ehitatud m\u00e4lu t\u00fc\u00fcp Hdd Maksimaalne eraldusv\u00f5ime 4K UHD Traadita \u00fchendus Bluetooth, Wi-Fi V\u00e4lise meedia tugi Ilma optilise draivita M\u00e4ngud komplektis ilma m\u00e4ngudeta Etherneti liidesed, USB X 3, HDMI v\u00e4ljund, heli optiline v\u00e4ljap\u00e4\u00e4s S\u00fcsteemi [&hellip;]<\/p>\n","protected":false},"featured_media":23504,"comment_status":"closed","ping_status":"closed","template":"","meta":{"inline_featured_image":false},"product_brand":[],"product_cat":[174],"product_tag":[],"class_list":{"0":"post-23503","1":"product","2":"type-product","3":"status-publish","4":"has-post-thumbnail","6":"product_cat-igrovye-konsoli","7":"pa_asukoht-mustamae","8":"pa_seisukord-ispolzovano","10":"first","11":"outofstock","12":"taxable","13":"shipping-taxable","14":"purchasable","15":"product-type-simple"},"_links":{"self":[{"href":"https:\/\/a-pant.ee\/ru\/wp-json\/wp\/v2\/product\/23503","targetHints":{"allow":["GET"]}}],"collection":[{"href":"https:\/\/a-pant.ee\/ru\/wp-json\/wp\/v2\/product"}],"about":[{"href":"https:\/\/a-pant.ee\/ru\/wp-json\/wp\/v2\/types\/product"}],"replies":[{"embeddable":true,"href":"https:\/\/a-pant.ee\/ru\/wp-json\/wp\/v2\/comments?post=23503"}],"wp:featuredmedia":[{"embeddable":true,"href":"https:\/\/a-pant.ee\/ru\/wp-json\/wp\/v2\/media\/23504"}],"wp:attachment":[{"href":"https:\/\/a-pant.ee\/ru\/wp-json\/wp\/v2\/media?parent=23503"}],"wp:term":[{"taxonomy":"product_brand","embeddable":true,"href":"https:\/\/a-pant.ee\/ru\/wp-json\/wp\/v2\/product_brand?post=23503"},{"taxonomy":"product_cat","embeddable":true,"href":"https:\/\/a-pant.ee\/ru\/wp-json\/wp\/v2\/product_cat?post=23503"},{"taxonomy":"product_tag","embeddable":true,"href":"https:\/\/a-pant.ee\/ru\/wp-json\/wp\/v2\/product_tag?post=23503"}],"curies":[{"name":"wp","href":"https:\/\/api.w.org\/{rel}","templated":true}]}}