{"id":23482,"date":"2026-02-04T00:50:49","date_gmt":"2026-02-03T21:50:49","guid":{"rendered":"https:\/\/a-pant.ee\/product\/robot-pylesos-samsung-vr05r5050wk\/"},"modified":"2026-02-22T12:47:10","modified_gmt":"2026-02-22T09:47:10","slug":"robot-pylesos-samsung-vr05r5050wk-zaryadka-korobka","status":"publish","type":"product","link":"https:\/\/a-pant.ee\/ru\/product\/robot-pylesos-samsung-vr05r5050wk-zaryadka-korobka\/","title":{"rendered":"\u0420\u043e\u0431\u043e\u0442-\u043f\u044b\u043b\u0435\u0441\u043e\u0441 Samsung VR05R5050WK + \u0417\u0430\u0440\u044f\u0434\u043a\u0430 + \u041a\u043e\u0440\u043e\u0431\u043a\u0430"},"content":{"rendered":"\n<p> Robottolmuimeja Samsung VR05R5050WK + Laadija + Karp, heas seisu- ja t\u00f6\u00f6korras! <\/p><p> KIRJELDUS <\/p><div><table><tbody><tr><td> Toote t\u00fc\u00fcp <\/td><td><a href=\"https:\/\/www.k-rauta.ee\/c\/kodumasinad\/vaikesed-kodumasinad\/tolmuimejad-puhastusseadmed-ja-tarvikud\/robottolmuimejad\/8l3?f=5c4k\" rel=\"nofollow noopener\" target=\"_blank\"> Tolmuimejad <\/a><\/td><\/tr><tr><td> Tolmuimeja t\u00fc\u00fcp <\/td><td><a href=\"https:\/\/www.k-rauta.ee\/c\/kodumasinad\/vaikesed-kodumasinad\/tolmuimejad-puhastusseadmed-ja-tarvikud\/robottolmuimejad\/8l3?f=93ce\" rel=\"nofollow noopener\" target=\"_blank\"> Robot <\/a><\/td><\/tr><tr><td> Kaubam\u00e4rk <\/td><td><a href=\"https:\/\/www.k-rauta.ee\/c\/kodumasinad\/vaikesed-kodumasinad\/tolmuimejad-puhastusseadmed-ja-tarvikud\/robottolmuimejad\/8l3?f=47zd\" rel=\"nofollow noopener\" target=\"_blank\"> Samsung <\/a><\/td><\/tr><tr><td> Mudel <\/td><td> VR05R5050WK\/WB <\/td><\/tr><tr><td> Pikkus <\/td><td> 340 mm <\/td><\/tr><tr><td> Laius <\/td><td> 340 mm <\/td><\/tr><tr><td> K\u00f5rgus <\/td><td> 85 mm <\/td><\/tr><tr><td> Kaal <\/td><td> 3 kg <\/td><\/tr><tr><td> V\u00e4rv <\/td><td><a href=\"https:\/\/www.k-rauta.ee\/c\/kodumasinad\/vaikesed-kodumasinad\/tolmuimejad-puhastusseadmed-ja-tarvikud\/robottolmuimejad\/8l3?f=3upq\" rel=\"nofollow noopener\" target=\"_blank\"> Must <\/a><\/td><\/tr><\/tbody><\/table><\/div><div><table><tbody><tr><td> Aku t\u00fc\u00fcp <\/td><td> Li-Ion <\/td><\/tr><tr><td> Laadimisaeg <\/td><td> 240 min <\/td><\/tr><tr><td> T\u00f6\u00f6aeg t\u00e4islaetud akuga <\/td><td> 150 min <\/td><\/tr><tr><td> Puhastuslaius <\/td><td> 160 mm <\/td><\/tr><tr><td> Tolmukoguja maht <\/td><td> 0.2 l <\/td><\/tr><tr><td> Puhastamiskiirus <\/td><td> 0.32 m\/s <\/td><\/tr><tr><td> Maksimaalne l\u00e4vek\u00f5rgus <\/td><td> 15 mm <\/td><\/tr><tr><td> Takistuse avastamine <\/td><td><a href=\"https:\/\/www.k-rauta.ee\/c\/kodumasinad\/vaikesed-kodumasinad\/tolmuimejad-puhastusseadmed-ja-tarvikud\/robottolmuimejad\/8l3?f=4z4e\" rel=\"nofollow noopener\" target=\"_blank\"> Sensor <\/a><\/td><\/tr><tr><td> Trepiandur <\/td><td> Jah <\/td><\/tr><\/tbody><\/table><\/div><div><table><tbody><tr><td> Helitugevus <\/td><td> 77 dB <\/td><\/tr><tr><td> Juhtimine <\/td><td> Kaugjuhtimispuldiga, Nutitelefoniga <\/td><\/tr><tr><td> Filter <\/td><td> EPA, Mikro <\/td><\/tr><tr><td> M\u00e4rgimu <\/td><td> Ei <\/td><\/tr><tr><td> M\u00e4rgpuhastuss\u00fcsteem <\/td><td> Ei <\/td><\/tr><tr><td> Navigatsioon koos siseruumide kaardiga <\/td><td> Jah <\/td><\/tr><tr><td> K\u00fclgmiste harjade arv <\/td><td> 4 <\/td><\/tr><tr><td> Automaatne tagasip\u00f6\u00f6rdumine <\/td><td><a href=\"https:\/\/www.k-rauta.ee\/c\/kodumasinad\/vaikesed-kodumasinad\/tolmuimejad-puhastusseadmed-ja-tarvikud\/robottolmuimejad\/8l3?f=53ha\" rel=\"nofollow noopener\" target=\"_blank\"> Jah <\/a><\/td><\/tr><\/tbody><\/table><\/div>\n","protected":false},"excerpt":{"rendered":"<p>Robottolmuimeja Samsung VR05R5050WK + Laadija + Karp, heas seisu- ja t\u00f6\u00f6korras! KIRJELDUS Toote t\u00fc\u00fcp Tolmuimejad Tolmuimeja t\u00fc\u00fcp Robot Kaubam\u00e4rk Samsung Mudel VR05R5050WK\/WB Pikkus 340 mm Laius 340 mm K\u00f5rgus 85 mm Kaal 3 kg V\u00e4rv Must Aku t\u00fc\u00fcp Li-Ion Laadimisaeg 240 min T\u00f6\u00f6aeg t\u00e4islaetud akuga 150 min Puhastuslaius 160 mm Tolmukoguja maht 0.2 l Puhastamiskiirus [&hellip;]<\/p>\n","protected":false},"featured_media":23483,"comment_status":"closed","ping_status":"open","template":"","meta":{"inline_featured_image":false},"product_brand":[],"product_cat":[166],"product_tag":[],"class_list":{"0":"post-23482","1":"product","2":"type-product","3":"status-publish","4":"has-post-thumbnail","6":"product_cat-bytovaya-tehnika","7":"pa_asukoht-mustamae","8":"pa_seisukord-ispolzovano","10":"first","11":"instock","12":"taxable","13":"shipping-taxable","14":"purchasable","15":"product-type-simple"},"_links":{"self":[{"href":"https:\/\/a-pant.ee\/ru\/wp-json\/wp\/v2\/product\/23482","targetHints":{"allow":["GET"]}}],"collection":[{"href":"https:\/\/a-pant.ee\/ru\/wp-json\/wp\/v2\/product"}],"about":[{"href":"https:\/\/a-pant.ee\/ru\/wp-json\/wp\/v2\/types\/product"}],"replies":[{"embeddable":true,"href":"https:\/\/a-pant.ee\/ru\/wp-json\/wp\/v2\/comments?post=23482"}],"wp:featuredmedia":[{"embeddable":true,"href":"https:\/\/a-pant.ee\/ru\/wp-json\/wp\/v2\/media\/23483"}],"wp:attachment":[{"href":"https:\/\/a-pant.ee\/ru\/wp-json\/wp\/v2\/media?parent=23482"}],"wp:term":[{"taxonomy":"product_brand","embeddable":true,"href":"https:\/\/a-pant.ee\/ru\/wp-json\/wp\/v2\/product_brand?post=23482"},{"taxonomy":"product_cat","embeddable":true,"href":"https:\/\/a-pant.ee\/ru\/wp-json\/wp\/v2\/product_cat?post=23482"},{"taxonomy":"product_tag","embeddable":true,"href":"https:\/\/a-pant.ee\/ru\/wp-json\/wp\/v2\/product_tag?post=23482"}],"curies":[{"name":"wp","href":"https:\/\/api.w.org\/{rel}","templated":true}]}}