{"id":23475,"date":"2026-02-04T00:50:49","date_gmt":"2026-02-03T21:50:49","guid":{"rendered":"https:\/\/a-pant.ee\/product\/lazernyj-uroven-bosch-gll-3-80-professional\/"},"modified":"2026-02-22T12:47:10","modified_gmt":"2026-02-22T09:47:10","slug":"lazernyj-uroven-bosch-gll-3-80-professional-chemodan","status":"publish","type":"product","link":"https:\/\/a-pant.ee\/ru\/product\/lazernyj-uroven-bosch-gll-3-80-professional-chemodan\/","title":{"rendered":"\u041b\u0430\u0437\u0435\u0440\u043d\u044b\u0439 \u0443\u0440\u043e\u0432\u0435\u043d\u044c BOSCH GLL 3-80 Professional + \u0427\u0435\u043c\u043e\u0434\u0430\u043d"},"content":{"rendered":"\n<p> Joonlaaser BOSCH GLL 3-80 Professional + Kohver, heas seisu- ja t\u00f6\u00f6korras! <\/p><p> KIRJELDUS <\/p><p> Tootja <br \/> Bosch <br \/> Tala v\u00e4rv <br \/> punane <br \/> T\u00fc\u00fcp <br \/> laser <br \/> Laseritasemete t\u00fc\u00fcp <br \/> lineaarne <br \/> Funktsioonid <br \/> Automaatne v\u00e4ljal\u00fclitamine, lahti \u00fchendamine <br \/> Ise\u00e4rasused <br \/> Heli n\u00e4idustus, valguse n\u00e4idustus <br \/> Varustus <br \/> akud (aku), \u00fcmbris\/kott, sihtm\u00e4rk <br \/> Nikerdamine statiiviks <br \/> 1\/4 &#171;, 5\/8&#187; <br \/> Automaatne joondamine <br \/> Jah <br \/> Kiirte arv <br \/> 3 <\/p>\n","protected":false},"excerpt":{"rendered":"<p>Joonlaaser BOSCH GLL 3-80 Professional + Kohver, heas seisu- ja t\u00f6\u00f6korras! KIRJELDUS Tootja Bosch Tala v\u00e4rv punane T\u00fc\u00fcp laser Laseritasemete t\u00fc\u00fcp lineaarne Funktsioonid Automaatne v\u00e4ljal\u00fclitamine, lahti \u00fchendamine Ise\u00e4rasused Heli n\u00e4idustus, valguse n\u00e4idustus Varustus akud (aku), \u00fcmbris\/kott, sihtm\u00e4rk Nikerdamine statiiviks 1\/4 &#171;, 5\/8&#187; Automaatne joondamine Jah Kiirte arv 3<\/p>\n","protected":false},"featured_media":23476,"comment_status":"closed","ping_status":"open","template":"","meta":{"inline_featured_image":false},"product_brand":[],"product_cat":[232],"product_tag":[],"class_list":{"0":"post-23475","1":"product","2":"type-product","3":"status-publish","4":"has-post-thumbnail","6":"product_cat-lazernye-niveliry","7":"pa_asukoht-mustamae","8":"pa_seisukord-ispolzovano","10":"first","11":"instock","12":"taxable","13":"shipping-taxable","14":"purchasable","15":"product-type-simple"},"_links":{"self":[{"href":"https:\/\/a-pant.ee\/ru\/wp-json\/wp\/v2\/product\/23475","targetHints":{"allow":["GET"]}}],"collection":[{"href":"https:\/\/a-pant.ee\/ru\/wp-json\/wp\/v2\/product"}],"about":[{"href":"https:\/\/a-pant.ee\/ru\/wp-json\/wp\/v2\/types\/product"}],"replies":[{"embeddable":true,"href":"https:\/\/a-pant.ee\/ru\/wp-json\/wp\/v2\/comments?post=23475"}],"wp:featuredmedia":[{"embeddable":true,"href":"https:\/\/a-pant.ee\/ru\/wp-json\/wp\/v2\/media\/23476"}],"wp:attachment":[{"href":"https:\/\/a-pant.ee\/ru\/wp-json\/wp\/v2\/media?parent=23475"}],"wp:term":[{"taxonomy":"product_brand","embeddable":true,"href":"https:\/\/a-pant.ee\/ru\/wp-json\/wp\/v2\/product_brand?post=23475"},{"taxonomy":"product_cat","embeddable":true,"href":"https:\/\/a-pant.ee\/ru\/wp-json\/wp\/v2\/product_cat?post=23475"},{"taxonomy":"product_tag","embeddable":true,"href":"https:\/\/a-pant.ee\/ru\/wp-json\/wp\/v2\/product_tag?post=23475"}],"curies":[{"name":"wp","href":"https:\/\/api.w.org\/{rel}","templated":true}]}}