{"id":23470,"date":"2026-02-04T00:50:49","date_gmt":"2026-02-03T21:50:49","guid":{"rendered":"https:\/\/a-pant.ee\/product\/smart-chasy-polar-unite-zaryadka\/"},"modified":"2026-02-22T12:47:10","modified_gmt":"2026-02-22T09:47:10","slug":"smart-chasy-polar-unite-zaryadka","status":"publish","type":"product","link":"https:\/\/a-pant.ee\/ru\/product\/smart-chasy-polar-unite-zaryadka\/","title":{"rendered":"\u0421\u043c\u0430\u0440\u0442 \u0447\u0430\u0441\u044b Polar Unite + \u0417\u0430\u0440\u044f\u0434\u043a\u0430"},"content":{"rendered":"\n<p> Nutikell Polar Unite + Laadija, heas seisu- ja t\u00f6\u00f6korras! <\/p><p> KIRJELDUS <\/p><p> Tootja <br \/> Polaar- <br \/> T\u00fc\u00fcp <br \/> nutikas k\u00e4ekell <br \/> Lisafunktsioonid <br \/> Taimer, stopper, vibratsioon <br \/> \u00dchilduvus OS -iga <br \/> Android, iOS <br \/> Seire <br \/> kalorid, kiirendusm\u00f5\u00f5tur, f\u00fc\u00fcsiline aktiivsus, uni, pulss <br \/> Ekraan <br \/> 1,22 &#171;(240&#215;204) IPS <br \/> Metallist koristusmaterjal, pol\u00fcmeer <br \/> K\u00e4ev\u00f5ru materjal\/rihma silikoon <br \/> Kaitstud niiskuse kaitse <br \/> Bluetoothi \u200b\u200btraadita suhtlus <\/p>\n","protected":false},"excerpt":{"rendered":"<p>Nutikell Polar Unite + Laadija, heas seisu- ja t\u00f6\u00f6korras! KIRJELDUS Tootja Polaar- T\u00fc\u00fcp nutikas k\u00e4ekell Lisafunktsioonid Taimer, stopper, vibratsioon \u00dchilduvus OS -iga Android, iOS Seire kalorid, kiirendusm\u00f5\u00f5tur, f\u00fc\u00fcsiline aktiivsus, uni, pulss Ekraan 1,22 &#171;(240&#215;204) IPS Metallist koristusmaterjal, pol\u00fcmeer K\u00e4ev\u00f5ru materjal\/rihma silikoon Kaitstud niiskuse kaitse Bluetoothi \u200b\u200btraadita suhtlus<\/p>\n","protected":false},"featured_media":23471,"comment_status":"closed","ping_status":"open","template":"","meta":{"inline_featured_image":false},"product_brand":[],"product_cat":[176],"product_tag":[],"class_list":{"0":"post-23470","1":"product","2":"type-product","3":"status-publish","4":"has-post-thumbnail","6":"product_cat-smart-chasy","7":"pa_asukoht-mustamae","8":"pa_seisukord-ispolzovano","10":"first","11":"instock","12":"taxable","13":"shipping-taxable","14":"purchasable","15":"product-type-simple"},"_links":{"self":[{"href":"https:\/\/a-pant.ee\/ru\/wp-json\/wp\/v2\/product\/23470","targetHints":{"allow":["GET"]}}],"collection":[{"href":"https:\/\/a-pant.ee\/ru\/wp-json\/wp\/v2\/product"}],"about":[{"href":"https:\/\/a-pant.ee\/ru\/wp-json\/wp\/v2\/types\/product"}],"replies":[{"embeddable":true,"href":"https:\/\/a-pant.ee\/ru\/wp-json\/wp\/v2\/comments?post=23470"}],"wp:featuredmedia":[{"embeddable":true,"href":"https:\/\/a-pant.ee\/ru\/wp-json\/wp\/v2\/media\/23471"}],"wp:attachment":[{"href":"https:\/\/a-pant.ee\/ru\/wp-json\/wp\/v2\/media?parent=23470"}],"wp:term":[{"taxonomy":"product_brand","embeddable":true,"href":"https:\/\/a-pant.ee\/ru\/wp-json\/wp\/v2\/product_brand?post=23470"},{"taxonomy":"product_cat","embeddable":true,"href":"https:\/\/a-pant.ee\/ru\/wp-json\/wp\/v2\/product_cat?post=23470"},{"taxonomy":"product_tag","embeddable":true,"href":"https:\/\/a-pant.ee\/ru\/wp-json\/wp\/v2\/product_tag?post=23470"}],"curies":[{"name":"wp","href":"https:\/\/api.w.org\/{rel}","templated":true}]}}