{"id":23463,"date":"2026-02-04T00:50:49","date_gmt":"2026-02-03T21:50:49","guid":{"rendered":"https:\/\/a-pant.ee\/product\/beprovodnye-naushniki-jbl-live-500bt\/"},"modified":"2026-02-22T12:47:10","modified_gmt":"2026-02-22T09:47:10","slug":"besprovodnye-naushniki-jbl-live-free-nc-provod","status":"publish","type":"product","link":"https:\/\/a-pant.ee\/ru\/product\/besprovodnye-naushniki-jbl-live-free-nc-provod\/","title":{"rendered":"\u0411\u0435\u0441\u043f\u0440\u043e\u0432\u043e\u0434\u043d\u044b\u0435 \u043d\u0430\u0443\u0448\u043d\u0438\u043a\u0438 JBL Live Free NC + \u041f\u0440\u043e\u0432\u043e\u0434"},"content":{"rendered":"\n<p> Juhtmevaba k\u00f5rvaklapid JBL Live 500BT, heas seisu- ja t\u00f6\u00f6korras! <\/p><p> KIRJELDUS <\/p><p> Tootja <br \/> JBL <br \/> Kujundamine <br \/> T\u00e4issuuruses <br \/> Seadme t\u00fc\u00fcp <br \/> traadita k\u00f5rvaklapid <br \/> Aktiivne m\u00fcra v\u00e4hendamise s\u00fcsteem (ANC) <br \/> Mitte <br \/> Konstruktiivsed omadused <br \/> L-kujuline pistik, lahti \u00fchendatud kaabel, kokkupandav konstruktsioon, mikrofon <br \/> Pritsimis\u00fchendus <br \/> Mini Jack 3,5 mm <br \/> Kinnituse t\u00fc\u00fcp <br \/> Pealkiri <br \/> Akustilise disaini t\u00fc\u00fcp <br \/> Suletud <br \/> Funktsioonid <br \/> Multipint, helistades h\u00e4\u00e4leassistendile, r\u00e4\u00e4kige l\u00e4bi (l\u00e4bipaistvuse re\u017eiim) <br \/> \u00dchendus Bluetooth 4.2 <\/p>\n","protected":false},"excerpt":{"rendered":"<p>Juhtmevaba k\u00f5rvaklapid JBL Live 500BT, heas seisu- ja t\u00f6\u00f6korras! KIRJELDUS Tootja JBL Kujundamine T\u00e4issuuruses Seadme t\u00fc\u00fcp traadita k\u00f5rvaklapid Aktiivne m\u00fcra v\u00e4hendamise s\u00fcsteem (ANC) Mitte Konstruktiivsed omadused L-kujuline pistik, lahti \u00fchendatud kaabel, kokkupandav konstruktsioon, mikrofon Pritsimis\u00fchendus Mini Jack 3,5 mm Kinnituse t\u00fc\u00fcp Pealkiri Akustilise disaini t\u00fc\u00fcp Suletud Funktsioonid Multipint, helistades h\u00e4\u00e4leassistendile, r\u00e4\u00e4kige l\u00e4bi (l\u00e4bipaistvuse re\u017eiim) \u00dchendus [&hellip;]<\/p>\n","protected":false},"featured_media":23464,"comment_status":"closed","ping_status":"closed","template":"","meta":{"inline_featured_image":false},"product_brand":[],"product_cat":[168],"product_tag":[],"class_list":{"0":"post-23463","1":"product","2":"type-product","3":"status-publish","4":"has-post-thumbnail","6":"product_cat-naushniki","7":"pa_asukoht-mustamae","8":"pa_seisukord-ispolzovano","10":"first","11":"outofstock","12":"taxable","13":"shipping-taxable","14":"purchasable","15":"product-type-simple"},"_links":{"self":[{"href":"https:\/\/a-pant.ee\/ru\/wp-json\/wp\/v2\/product\/23463","targetHints":{"allow":["GET"]}}],"collection":[{"href":"https:\/\/a-pant.ee\/ru\/wp-json\/wp\/v2\/product"}],"about":[{"href":"https:\/\/a-pant.ee\/ru\/wp-json\/wp\/v2\/types\/product"}],"replies":[{"embeddable":true,"href":"https:\/\/a-pant.ee\/ru\/wp-json\/wp\/v2\/comments?post=23463"}],"wp:featuredmedia":[{"embeddable":true,"href":"https:\/\/a-pant.ee\/ru\/wp-json\/wp\/v2\/media\/23464"}],"wp:attachment":[{"href":"https:\/\/a-pant.ee\/ru\/wp-json\/wp\/v2\/media?parent=23463"}],"wp:term":[{"taxonomy":"product_brand","embeddable":true,"href":"https:\/\/a-pant.ee\/ru\/wp-json\/wp\/v2\/product_brand?post=23463"},{"taxonomy":"product_cat","embeddable":true,"href":"https:\/\/a-pant.ee\/ru\/wp-json\/wp\/v2\/product_cat?post=23463"},{"taxonomy":"product_tag","embeddable":true,"href":"https:\/\/a-pant.ee\/ru\/wp-json\/wp\/v2\/product_tag?post=23463"}],"curies":[{"name":"wp","href":"https:\/\/api.w.org\/{rel}","templated":true}]}}