{"id":23448,"date":"2026-02-04T00:50:49","date_gmt":"2026-02-03T21:50:49","guid":{"rendered":"https:\/\/a-pant.ee\/product\/lazernyj-dalnomer-wurth-wdm-2-18\/"},"modified":"2026-02-22T12:47:09","modified_gmt":"2026-02-22T09:47:09","slug":"lazernyj-dalnomer-wurth-wdm-2-18-komplekt","status":"publish","type":"product","link":"https:\/\/a-pant.ee\/ru\/product\/lazernyj-dalnomer-wurth-wdm-2-18-komplekt\/","title":{"rendered":"\u041b\u0430\u0437\u0435\u0440\u043d\u044b\u0439 \u0434\u0430\u043b\u044c\u043d\u043e\u043c\u0435\u0440 W\u00fcrth WDM 2-18 (\u043a\u043e\u043c\u043f\u043b\u0435\u043a\u0442)"},"content":{"rendered":"\n<p> Laaserkaugusem\u00f5\u00f5tja W\u00fcrth WDM 2-18 (komplekt)\u00a0, heas seisu- ja t\u00f6\u00f6korras! <\/p><p> KIRJELDUS <\/p><p> Laser category 2 <\/p><p> IP protection classIP 65 <\/p><p> Degrees measuring accuracy +\/- 0.2 degree <\/p><p> Length 130 mm <\/p><p> Width 61 mm <\/p><p> Height 31 mm <\/p><p> Max. temperature conditions 50 \u00b0C <\/p><p> Min. temperature conditions -10 \u00b0C <\/p><p> Number of rechargeable batteries\/batteries 2 PCS <\/p><p> Rechargeable battery\/battery life up to 5000 measurements <\/p>\n","protected":false},"excerpt":{"rendered":"<p>Laaserkaugusem\u00f5\u00f5tja W\u00fcrth WDM 2-18 (komplekt)\u00a0, heas seisu- ja t\u00f6\u00f6korras! KIRJELDUS Laser category 2 IP protection classIP 65 Degrees measuring accuracy +\/- 0.2 degree Length 130 mm Width 61 mm Height 31 mm Max. temperature conditions 50 \u00b0C Min. temperature conditions -10 \u00b0C Number of rechargeable batteries\/batteries 2 PCS Rechargeable battery\/battery life up to 5000 measurements<\/p>\n","protected":false},"featured_media":23449,"comment_status":"closed","ping_status":"open","template":"","meta":{"inline_featured_image":false},"product_brand":[],"product_cat":[234],"product_tag":[],"class_list":{"0":"post-23448","1":"product","2":"type-product","3":"status-publish","4":"has-post-thumbnail","6":"product_cat-izmeritelnye-pribory","7":"pa_asukoht-lasnamae","8":"pa_seisukord-ispolzovano","10":"first","11":"instock","12":"taxable","13":"shipping-taxable","14":"purchasable","15":"product-type-simple"},"_links":{"self":[{"href":"https:\/\/a-pant.ee\/ru\/wp-json\/wp\/v2\/product\/23448","targetHints":{"allow":["GET"]}}],"collection":[{"href":"https:\/\/a-pant.ee\/ru\/wp-json\/wp\/v2\/product"}],"about":[{"href":"https:\/\/a-pant.ee\/ru\/wp-json\/wp\/v2\/types\/product"}],"replies":[{"embeddable":true,"href":"https:\/\/a-pant.ee\/ru\/wp-json\/wp\/v2\/comments?post=23448"}],"wp:featuredmedia":[{"embeddable":true,"href":"https:\/\/a-pant.ee\/ru\/wp-json\/wp\/v2\/media\/23449"}],"wp:attachment":[{"href":"https:\/\/a-pant.ee\/ru\/wp-json\/wp\/v2\/media?parent=23448"}],"wp:term":[{"taxonomy":"product_brand","embeddable":true,"href":"https:\/\/a-pant.ee\/ru\/wp-json\/wp\/v2\/product_brand?post=23448"},{"taxonomy":"product_cat","embeddable":true,"href":"https:\/\/a-pant.ee\/ru\/wp-json\/wp\/v2\/product_cat?post=23448"},{"taxonomy":"product_tag","embeddable":true,"href":"https:\/\/a-pant.ee\/ru\/wp-json\/wp\/v2\/product_tag?post=23448"}],"curies":[{"name":"wp","href":"https:\/\/api.w.org\/{rel}","templated":true}]}}