{"id":23442,"date":"2026-02-04T00:50:49","date_gmt":"2026-02-03T21:50:49","guid":{"rendered":"https:\/\/a-pant.ee\/product\/naruchnye-chasy-imporio-armani-ar1717\/"},"modified":"2026-02-22T12:47:09","modified_gmt":"2026-02-22T09:47:09","slug":"naruchnye-chasy-imporio-armani-ar1717","status":"publish","type":"product","link":"https:\/\/a-pant.ee\/ru\/product\/naruchnye-chasy-imporio-armani-ar1717\/","title":{"rendered":"\u041d\u0430\u0440\u0443\u0447\u043d\u044b\u0435 \u0447\u0430\u0441\u044b Imporio Armani AR1717"},"content":{"rendered":"\n<p> K\u00e4ekellad Imporio Armani AR1717\u00a0, heas seisu- ja t\u00f6\u00f6korras! <\/p><p> KIRJELDUS <\/p><p> Rihma v\u00e4rv: Pruun <\/p><p> Karbi v\u00e4rv: Roosa <\/p><p> K\u00e4ev\u00f5ru materjal: Nahk <\/p><p> Kinnituse t\u00fc\u00fcp: Pannal <\/p><p> Veekindlus: 5 atm <\/p><p> Kristall: Mineraal <\/p><p> Numbrilaua v\u00e4rv: Pruun <\/p><p> Karbi l\u00e4bim\u00f5\u00f5t: \u00d8 41 mm <\/p><p> Komplektis: Sisaldab br\u00e4ndim\u00e4rki <\/p><p> Liikumise t\u00fc\u00fcp: Kvarts <\/p><p> Kellakorpuse materjal: Roostevaba teras <\/p><p> Sugu: Mehed <\/p><p> Lisalingid: Ei <\/p><p> Omamoodi kell: K\u00e4ekell <\/p>\n","protected":false},"excerpt":{"rendered":"<p>K\u00e4ekellad Imporio Armani AR1717\u00a0, heas seisu- ja t\u00f6\u00f6korras! KIRJELDUS Rihma v\u00e4rv: Pruun Karbi v\u00e4rv: Roosa K\u00e4ev\u00f5ru materjal: Nahk Kinnituse t\u00fc\u00fcp: Pannal Veekindlus: 5 atm Kristall: Mineraal Numbrilaua v\u00e4rv: Pruun Karbi l\u00e4bim\u00f5\u00f5t: \u00d8 41 mm Komplektis: Sisaldab br\u00e4ndim\u00e4rki Liikumise t\u00fc\u00fcp: Kvarts Kellakorpuse materjal: Roostevaba teras Sugu: Mehed Lisalingid: Ei Omamoodi kell: K\u00e4ekell<\/p>\n","protected":false},"featured_media":23443,"comment_status":"closed","ping_status":"open","template":"","meta":{"inline_featured_image":false},"product_brand":[],"product_cat":[211],"product_tag":[],"class_list":{"0":"post-23442","1":"product","2":"type-product","3":"status-publish","4":"has-post-thumbnail","6":"product_cat-muzhskie-chasy","7":"pa_asukoht-lasnamae","8":"pa_seisukord-ispolzovano","10":"first","11":"instock","12":"taxable","13":"shipping-taxable","14":"purchasable","15":"product-type-simple"},"_links":{"self":[{"href":"https:\/\/a-pant.ee\/ru\/wp-json\/wp\/v2\/product\/23442","targetHints":{"allow":["GET"]}}],"collection":[{"href":"https:\/\/a-pant.ee\/ru\/wp-json\/wp\/v2\/product"}],"about":[{"href":"https:\/\/a-pant.ee\/ru\/wp-json\/wp\/v2\/types\/product"}],"replies":[{"embeddable":true,"href":"https:\/\/a-pant.ee\/ru\/wp-json\/wp\/v2\/comments?post=23442"}],"wp:featuredmedia":[{"embeddable":true,"href":"https:\/\/a-pant.ee\/ru\/wp-json\/wp\/v2\/media\/23443"}],"wp:attachment":[{"href":"https:\/\/a-pant.ee\/ru\/wp-json\/wp\/v2\/media?parent=23442"}],"wp:term":[{"taxonomy":"product_brand","embeddable":true,"href":"https:\/\/a-pant.ee\/ru\/wp-json\/wp\/v2\/product_brand?post=23442"},{"taxonomy":"product_cat","embeddable":true,"href":"https:\/\/a-pant.ee\/ru\/wp-json\/wp\/v2\/product_cat?post=23442"},{"taxonomy":"product_tag","embeddable":true,"href":"https:\/\/a-pant.ee\/ru\/wp-json\/wp\/v2\/product_tag?post=23442"}],"curies":[{"name":"wp","href":"https:\/\/api.w.org\/{rel}","templated":true}]}}