{"id":23420,"date":"2026-02-04T00:50:49","date_gmt":"2026-02-03T21:50:49","guid":{"rendered":"https:\/\/a-pant.ee\/product\/bluetooth-naushniki-zekler-412rd\/"},"modified":"2026-02-22T12:47:09","modified_gmt":"2026-02-22T09:47:09","slug":"bluetooth-naushniki-zekler-412rd-komplekt-korobka","status":"publish","type":"product","link":"https:\/\/a-pant.ee\/ru\/product\/bluetooth-naushniki-zekler-412rd-komplekt-korobka\/","title":{"rendered":"Bluetooth \u043d\u0430\u0443\u0448\u043d\u0438\u043a\u0438 Zekler 412RD (\u043a\u043e\u043c\u043f\u043b\u0435\u043a\u0442) + \u043a\u043e\u0440\u043e\u0431\u043a\u0430"},"content":{"rendered":"\n<p> Bluetooth k\u00f5rvaklapid Zekler 412RD (komplekt) + karp\u00a0, heas seisu- ja t\u00f6\u00f6korras! <\/p><p> KIRJELDUS <\/p><p> Raadio: FM stereoraadio 88-108 MHz koos helitaseme piirajaga (82dB(A)) <br \/> Summutustase: Level 2 <br \/> T\u00f6\u00f6aeg: kuni 23 h, kui k\u00f5ik funktsioonid on aktiivsed <\/p>\n","protected":false},"excerpt":{"rendered":"<p>Bluetooth k\u00f5rvaklapid Zekler 412RD (komplekt) + karp\u00a0, heas seisu- ja t\u00f6\u00f6korras! KIRJELDUS Raadio: FM stereoraadio 88-108 MHz koos helitaseme piirajaga (82dB(A)) Summutustase: Level 2 T\u00f6\u00f6aeg: kuni 23 h, kui k\u00f5ik funktsioonid on aktiivsed<\/p>\n","protected":false},"featured_media":23421,"comment_status":"closed","ping_status":"open","template":"","meta":{"inline_featured_image":false},"product_brand":[],"product_cat":[168],"product_tag":[],"class_list":{"0":"post-23420","1":"product","2":"type-product","3":"status-publish","4":"has-post-thumbnail","6":"product_cat-naushniki","7":"pa_asukoht-lasnamae","8":"pa_seisukord-ispolzovano","10":"first","11":"instock","12":"taxable","13":"shipping-taxable","14":"purchasable","15":"product-type-simple"},"_links":{"self":[{"href":"https:\/\/a-pant.ee\/ru\/wp-json\/wp\/v2\/product\/23420","targetHints":{"allow":["GET"]}}],"collection":[{"href":"https:\/\/a-pant.ee\/ru\/wp-json\/wp\/v2\/product"}],"about":[{"href":"https:\/\/a-pant.ee\/ru\/wp-json\/wp\/v2\/types\/product"}],"replies":[{"embeddable":true,"href":"https:\/\/a-pant.ee\/ru\/wp-json\/wp\/v2\/comments?post=23420"}],"wp:featuredmedia":[{"embeddable":true,"href":"https:\/\/a-pant.ee\/ru\/wp-json\/wp\/v2\/media\/23421"}],"wp:attachment":[{"href":"https:\/\/a-pant.ee\/ru\/wp-json\/wp\/v2\/media?parent=23420"}],"wp:term":[{"taxonomy":"product_brand","embeddable":true,"href":"https:\/\/a-pant.ee\/ru\/wp-json\/wp\/v2\/product_brand?post=23420"},{"taxonomy":"product_cat","embeddable":true,"href":"https:\/\/a-pant.ee\/ru\/wp-json\/wp\/v2\/product_cat?post=23420"},{"taxonomy":"product_tag","embeddable":true,"href":"https:\/\/a-pant.ee\/ru\/wp-json\/wp\/v2\/product_tag?post=23420"}],"curies":[{"name":"wp","href":"https:\/\/api.w.org\/{rel}","templated":true}]}}