{"id":23414,"date":"2026-02-04T00:50:49","date_gmt":"2026-02-03T21:50:49","guid":{"rendered":"https:\/\/a-pant.ee\/product\/elektricheskaya-drel-dexter-gk-pc520pd\/"},"modified":"2026-02-22T12:47:09","modified_gmt":"2026-02-22T09:47:09","slug":"elektricheskaya-drel-dexter-gk-pc520pd","status":"publish","type":"product","link":"https:\/\/a-pant.ee\/ru\/product\/elektricheskaya-drel-dexter-gk-pc520pd\/","title":{"rendered":"\u042d\u043b\u0435\u043a\u0442\u0440\u0438\u0447\u0435\u0441\u043a\u0430\u044f \u0434\u0440\u0435\u043b\u044c Dexter GK PC520PD"},"content":{"rendered":"\n<p> Trell Dexter GK PC520PD\u00a0, heas seisu- ja t\u00f6\u00f6korras! <\/p><p> V\u00f5imsus: 520W; <br \/> M\u00f5\u00f5dud: 28 x 6 x 25 cm; <br \/> P\u00f6\u00f6rete arv: 0-4 500 min-1; <br \/> L\u00e4bim\u00f5\u00f5t: 1\/4&#8243; (6,35 mm); <br \/> Kaal: 1,45 kg; <br \/> Kiiruse reguleerimine; <br \/> Juhtme pikkus: 5 m. <\/p>\n","protected":false},"excerpt":{"rendered":"<p>Trell Dexter GK PC520PD\u00a0, heas seisu- ja t\u00f6\u00f6korras! V\u00f5imsus: 520W; M\u00f5\u00f5dud: 28 x 6 x 25 cm; P\u00f6\u00f6rete arv: 0-4 500 min-1; L\u00e4bim\u00f5\u00f5t: 1\/4&#8243; (6,35 mm); Kaal: 1,45 kg; Kiiruse reguleerimine; Juhtme pikkus: 5 m.<\/p>\n","protected":false},"featured_media":23415,"comment_status":"closed","ping_status":"open","template":"","meta":{"inline_featured_image":false},"product_brand":[],"product_cat":[239],"product_tag":[],"class_list":{"0":"post-23414","1":"product","2":"type-product","3":"status-publish","4":"has-post-thumbnail","6":"product_cat-perforatory-i-dreli","7":"pa_asukoht-mustamae","8":"pa_seisukord-ispolzovano","10":"first","11":"instock","12":"taxable","13":"shipping-taxable","14":"purchasable","15":"product-type-simple"},"_links":{"self":[{"href":"https:\/\/a-pant.ee\/ru\/wp-json\/wp\/v2\/product\/23414","targetHints":{"allow":["GET"]}}],"collection":[{"href":"https:\/\/a-pant.ee\/ru\/wp-json\/wp\/v2\/product"}],"about":[{"href":"https:\/\/a-pant.ee\/ru\/wp-json\/wp\/v2\/types\/product"}],"replies":[{"embeddable":true,"href":"https:\/\/a-pant.ee\/ru\/wp-json\/wp\/v2\/comments?post=23414"}],"wp:featuredmedia":[{"embeddable":true,"href":"https:\/\/a-pant.ee\/ru\/wp-json\/wp\/v2\/media\/23415"}],"wp:attachment":[{"href":"https:\/\/a-pant.ee\/ru\/wp-json\/wp\/v2\/media?parent=23414"}],"wp:term":[{"taxonomy":"product_brand","embeddable":true,"href":"https:\/\/a-pant.ee\/ru\/wp-json\/wp\/v2\/product_brand?post=23414"},{"taxonomy":"product_cat","embeddable":true,"href":"https:\/\/a-pant.ee\/ru\/wp-json\/wp\/v2\/product_cat?post=23414"},{"taxonomy":"product_tag","embeddable":true,"href":"https:\/\/a-pant.ee\/ru\/wp-json\/wp\/v2\/product_tag?post=23414"}],"curies":[{"name":"wp","href":"https:\/\/api.w.org\/{rel}","templated":true}]}}