{"id":23407,"date":"2026-02-04T00:50:49","date_gmt":"2026-02-03T21:50:49","guid":{"rendered":"https:\/\/a-pant.ee\/product\/muzskie-naruchnye-chasy-casio-beside-bem-506\/"},"modified":"2026-02-22T12:47:09","modified_gmt":"2026-02-22T09:47:09","slug":"muzhskie-naruchnye-chasy-casio-beside-bem-506-korobka","status":"publish","type":"product","link":"https:\/\/a-pant.ee\/ru\/product\/muzhskie-naruchnye-chasy-casio-beside-bem-506-korobka\/","title":{"rendered":"\u041c\u0443\u0436\u0441\u043a\u0438\u0435 \u043d\u0430\u0440\u0443\u0447\u043d\u044b\u0435 \u0447\u0430\u0441\u044b Casio Beside BEM-506 + \u043a\u043e\u0440\u043e\u0431\u043a\u0430"},"content":{"rendered":"\n<p> Meeste k\u00e4ekellad Casio Beside BEM-506 + juhend + karp, heas seisu- ja t\u00f6\u00f6korras! <\/p><p> KIRJELDUS <\/p><p> Mudel Meeste <\/p><p> Material rihm Silikon <\/p><p> Material kell Stainless <\/p><p> Rihm v\u00e4rv Must <\/p><p> Kell v\u00e4rv Must <\/p><p> T\u00fc\u00fcp patarei <\/p><p> Veekaitse 50 \u043c <\/p><p> Vorm cirkle <\/p><p> Klaas Mineral <\/p><p> Sekundi Ja <\/p><p> Hronograf Ja <\/p><p> Mehaniline t\u00fc\u00fcp Quarz <\/p><p> Data N\u00e4dal data, p\u00e4ev <\/p><p> Tootja Japan <\/p><p> Mudel \u041alassik <\/p><p> Number Roma <\/p><p> Correction +\/- 0.67 sek\/p\u00e4ev <\/p><p> Kaal 75 g <\/p>\n","protected":false},"excerpt":{"rendered":"<p>Meeste k\u00e4ekellad Casio Beside BEM-506 + juhend + karp, heas seisu- ja t\u00f6\u00f6korras! KIRJELDUS Mudel Meeste Material rihm Silikon Material kell Stainless Rihm v\u00e4rv Must Kell v\u00e4rv Must T\u00fc\u00fcp patarei Veekaitse 50 \u043c Vorm cirkle Klaas Mineral Sekundi Ja Hronograf Ja Mehaniline t\u00fc\u00fcp Quarz Data N\u00e4dal data, p\u00e4ev Tootja Japan Mudel \u041alassik Number Roma Correction [&hellip;]<\/p>\n","protected":false},"featured_media":23408,"comment_status":"closed","ping_status":"open","template":"","meta":{"inline_featured_image":false},"product_brand":[],"product_cat":[211],"product_tag":[],"class_list":{"0":"post-23407","1":"product","2":"type-product","3":"status-publish","4":"has-post-thumbnail","6":"product_cat-muzhskie-chasy","7":"pa_asukoht-lasnamae","8":"pa_seisukord-ispolzovano","10":"first","11":"instock","12":"taxable","13":"shipping-taxable","14":"purchasable","15":"product-type-simple"},"_links":{"self":[{"href":"https:\/\/a-pant.ee\/ru\/wp-json\/wp\/v2\/product\/23407","targetHints":{"allow":["GET"]}}],"collection":[{"href":"https:\/\/a-pant.ee\/ru\/wp-json\/wp\/v2\/product"}],"about":[{"href":"https:\/\/a-pant.ee\/ru\/wp-json\/wp\/v2\/types\/product"}],"replies":[{"embeddable":true,"href":"https:\/\/a-pant.ee\/ru\/wp-json\/wp\/v2\/comments?post=23407"}],"wp:featuredmedia":[{"embeddable":true,"href":"https:\/\/a-pant.ee\/ru\/wp-json\/wp\/v2\/media\/23408"}],"wp:attachment":[{"href":"https:\/\/a-pant.ee\/ru\/wp-json\/wp\/v2\/media?parent=23407"}],"wp:term":[{"taxonomy":"product_brand","embeddable":true,"href":"https:\/\/a-pant.ee\/ru\/wp-json\/wp\/v2\/product_brand?post=23407"},{"taxonomy":"product_cat","embeddable":true,"href":"https:\/\/a-pant.ee\/ru\/wp-json\/wp\/v2\/product_cat?post=23407"},{"taxonomy":"product_tag","embeddable":true,"href":"https:\/\/a-pant.ee\/ru\/wp-json\/wp\/v2\/product_tag?post=23407"}],"curies":[{"name":"wp","href":"https:\/\/api.w.org\/{rel}","templated":true}]}}