{"id":23401,"date":"2026-02-04T00:50:49","date_gmt":"2026-02-03T21:50:49","guid":{"rendered":"https:\/\/a-pant.ee\/product\/noutbuk-huawei-nbb-wah9-zaryadka-sumka\/"},"modified":"2026-02-22T12:47:08","modified_gmt":"2026-02-22T09:47:08","slug":"noutbuk-huawei-nbb-wah9-zaryadka-sumka","status":"publish","type":"product","link":"https:\/\/a-pant.ee\/ru\/product\/noutbuk-huawei-nbb-wah9-zaryadka-sumka\/","title":{"rendered":"\u041d\u043e\u0443\u0442\u0431\u0443\u043a Huawei NBB-WAH9 + \u0417\u0430\u0440\u044f\u0434\u043a\u0430 &#8212; \u0421\u0443\u043c\u043a\u0430"},"content":{"rendered":"\n<p> S\u00fclearvuti Huawei NBB-WAH9 + Laadija + kott, heas seisu- ja t\u00f6\u00f6korras! <\/p><p> KIRJELDUS <\/p><p> Processor: Intel (R) Core (TM) i5-10210U CPU@ 2,00GHz (4CPUs) <br \/><br \/> Ram: 8GB (8096Mb) <br \/><br \/> Video: Intel(R) UHD Graphics 620 _ (4140MB) <br \/><br \/> K\u00f5vakettas: WDC PC SN530SDBPNPZ-512G <\/p><p> Windows 10 home 64bit <\/p><p> Ekraan 14 <\/p>\n","protected":false},"excerpt":{"rendered":"<p>S\u00fclearvuti Huawei NBB-WAH9 + Laadija + kott, heas seisu- ja t\u00f6\u00f6korras! KIRJELDUS Processor: Intel (R) Core (TM) i5-10210U CPU@ 2,00GHz (4CPUs) Ram: 8GB (8096Mb) Video: Intel(R) UHD Graphics 620 _ (4140MB) K\u00f5vakettas: WDC PC SN530SDBPNPZ-512G Windows 10 home 64bit Ekraan 14<\/p>\n","protected":false},"featured_media":23402,"comment_status":"closed","ping_status":"open","template":"","meta":{"inline_featured_image":false},"product_brand":[],"product_cat":[179],"product_tag":[],"class_list":{"0":"post-23401","1":"product","2":"type-product","3":"status-publish","4":"has-post-thumbnail","6":"product_cat-noutbuki","7":"pa_seisukord-ispolzovano","9":"first","10":"instock","11":"taxable","12":"shipping-taxable","13":"purchasable","14":"product-type-simple"},"_links":{"self":[{"href":"https:\/\/a-pant.ee\/ru\/wp-json\/wp\/v2\/product\/23401","targetHints":{"allow":["GET"]}}],"collection":[{"href":"https:\/\/a-pant.ee\/ru\/wp-json\/wp\/v2\/product"}],"about":[{"href":"https:\/\/a-pant.ee\/ru\/wp-json\/wp\/v2\/types\/product"}],"replies":[{"embeddable":true,"href":"https:\/\/a-pant.ee\/ru\/wp-json\/wp\/v2\/comments?post=23401"}],"wp:featuredmedia":[{"embeddable":true,"href":"https:\/\/a-pant.ee\/ru\/wp-json\/wp\/v2\/media\/23402"}],"wp:attachment":[{"href":"https:\/\/a-pant.ee\/ru\/wp-json\/wp\/v2\/media?parent=23401"}],"wp:term":[{"taxonomy":"product_brand","embeddable":true,"href":"https:\/\/a-pant.ee\/ru\/wp-json\/wp\/v2\/product_brand?post=23401"},{"taxonomy":"product_cat","embeddable":true,"href":"https:\/\/a-pant.ee\/ru\/wp-json\/wp\/v2\/product_cat?post=23401"},{"taxonomy":"product_tag","embeddable":true,"href":"https:\/\/a-pant.ee\/ru\/wp-json\/wp\/v2\/product_tag?post=23401"}],"curies":[{"name":"wp","href":"https:\/\/api.w.org\/{rel}","templated":true}]}}