{"id":23394,"date":"2026-02-04T00:50:49","date_gmt":"2026-02-03T21:50:49","guid":{"rendered":"https:\/\/a-pant.ee\/product\/bolgarka-makita-9565cvr\/"},"modified":"2026-02-22T12:47:08","modified_gmt":"2026-02-22T09:47:08","slug":"bolgarka-makita-9565cvr","status":"publish","type":"product","link":"https:\/\/a-pant.ee\/ru\/product\/bolgarka-makita-9565cvr\/","title":{"rendered":"\u0411\u043e\u043b\u0433\u0430\u0440\u043a\u0430 Makita 9565CVR"},"content":{"rendered":"\n<p> Relakas Makita 9565CVR, heas seisu- ja t\u00f6\u00f6korras! <\/p><p> KIRJELDUS <\/p><p> Toite t\u00fc\u00fcp <br \/> V\u00f5rgust <br \/> Funktsioonid <br \/> Revolutsiooni stabiliseerimiss\u00fcsteem, p\u00f6\u00f6rlemissageduse reguleerimine, sujuv algus <br \/> Disainifunktsioonid <br \/> T\u00e4iendav k\u00e4epide, blokeerimisnupp, spindli fikseerimine <br \/> Max. ketta l\u00e4bim\u00f5\u00f5t <br \/> 125 mm <br \/> Max. Ketta p\u00f6\u00f6rlemissagedus <br \/> 12000 p \/ min <br \/> Maandumisava l\u00e4bim\u00f5\u00f5t on 22,2 mm <br \/> Spindli niit M14 <br \/> Kaal <br \/> 2,4 kg <\/p>\n","protected":false},"excerpt":{"rendered":"<p>Relakas Makita 9565CVR, heas seisu- ja t\u00f6\u00f6korras! KIRJELDUS Toite t\u00fc\u00fcp V\u00f5rgust Funktsioonid Revolutsiooni stabiliseerimiss\u00fcsteem, p\u00f6\u00f6rlemissageduse reguleerimine, sujuv algus Disainifunktsioonid T\u00e4iendav k\u00e4epide, blokeerimisnupp, spindli fikseerimine Max. ketta l\u00e4bim\u00f5\u00f5t 125 mm Max. Ketta p\u00f6\u00f6rlemissagedus 12000 p \/ min Maandumisava l\u00e4bim\u00f5\u00f5t on 22,2 mm Spindli niit M14 Kaal 2,4 kg<\/p>\n","protected":false},"featured_media":23395,"comment_status":"closed","ping_status":"open","template":"","meta":{"inline_featured_image":false},"product_brand":[],"product_cat":[235],"product_tag":[],"class_list":{"0":"post-23394","1":"product","2":"type-product","3":"status-publish","4":"has-post-thumbnail","6":"product_cat-bolgarki","7":"pa_asukoht-lasnamae","8":"pa_seisukord-ispolzovano","10":"first","11":"instock","12":"taxable","13":"shipping-taxable","14":"purchasable","15":"product-type-simple"},"_links":{"self":[{"href":"https:\/\/a-pant.ee\/ru\/wp-json\/wp\/v2\/product\/23394","targetHints":{"allow":["GET"]}}],"collection":[{"href":"https:\/\/a-pant.ee\/ru\/wp-json\/wp\/v2\/product"}],"about":[{"href":"https:\/\/a-pant.ee\/ru\/wp-json\/wp\/v2\/types\/product"}],"replies":[{"embeddable":true,"href":"https:\/\/a-pant.ee\/ru\/wp-json\/wp\/v2\/comments?post=23394"}],"wp:featuredmedia":[{"embeddable":true,"href":"https:\/\/a-pant.ee\/ru\/wp-json\/wp\/v2\/media\/23395"}],"wp:attachment":[{"href":"https:\/\/a-pant.ee\/ru\/wp-json\/wp\/v2\/media?parent=23394"}],"wp:term":[{"taxonomy":"product_brand","embeddable":true,"href":"https:\/\/a-pant.ee\/ru\/wp-json\/wp\/v2\/product_brand?post=23394"},{"taxonomy":"product_cat","embeddable":true,"href":"https:\/\/a-pant.ee\/ru\/wp-json\/wp\/v2\/product_cat?post=23394"},{"taxonomy":"product_tag","embeddable":true,"href":"https:\/\/a-pant.ee\/ru\/wp-json\/wp\/v2\/product_tag?post=23394"}],"curies":[{"name":"wp","href":"https:\/\/api.w.org\/{rel}","templated":true}]}}