{"id":23387,"date":"2026-02-04T00:50:49","date_gmt":"2026-02-03T21:50:49","guid":{"rendered":"https:\/\/a-pant.ee\/product\/igrovoy-pult-razer-wolverine-ultimate\/"},"modified":"2026-02-22T12:47:08","modified_gmt":"2026-02-22T09:47:08","slug":"igrovoj-pult-razer-controller-wolverine-ultimate","status":"publish","type":"product","link":"https:\/\/a-pant.ee\/ru\/product\/igrovoj-pult-razer-controller-wolverine-ultimate\/","title":{"rendered":"\u0418\u0433\u0440\u043e\u0432\u043e\u0439 \u043f\u0443\u043b\u044c\u0442 Razer controller Wolverine Ultimate"},"content":{"rendered":"\n<p> Mangupult Razer controller Wolverine Ultimate\u00a0, heas seisu- ja t\u00f6\u00f6korras! <\/p><p> karp + kott + juhe <\/p><p><br \/> T\u00fc\u00fcp <br \/> m\u00e4ngupult <br \/> \u00dchenduse t\u00fc\u00fcp <br \/> \u00fchendatud <br \/> \u00dchilduvus <br \/> Xbox One, arvuti <br \/> XInput\/DirectInput tugi <br \/> XInput <br \/> Vibratsiooni tagasiside ja tagasiside <br \/> vibratsiooni tagasiside <br \/> Mini juhtkangide arv <br \/> 2 <br \/> Nuppude arv <br \/> 14 <br \/> M\u00e4ngupuldi abikroonlehtede arv <br \/> 2 tk. <br \/> PC \u00fchenduse liides <br \/> USB <br \/> Kaabli pikkus <br \/> 3 m <\/p>\n","protected":false},"excerpt":{"rendered":"<p>Mangupult Razer controller Wolverine Ultimate\u00a0, heas seisu- ja t\u00f6\u00f6korras! karp + kott + juhe T\u00fc\u00fcp m\u00e4ngupult \u00dchenduse t\u00fc\u00fcp \u00fchendatud \u00dchilduvus Xbox One, arvuti XInput\/DirectInput tugi XInput Vibratsiooni tagasiside ja tagasiside vibratsiooni tagasiside Mini juhtkangide arv 2 Nuppude arv 14 M\u00e4ngupuldi abikroonlehtede arv 2 tk. PC \u00fchenduse liides USB Kaabli pikkus 3 m<\/p>\n","protected":false},"featured_media":23388,"comment_status":"closed","ping_status":"open","template":"","meta":{"inline_featured_image":false},"product_brand":[],"product_cat":[175],"product_tag":[],"class_list":{"0":"post-23387","1":"product","2":"type-product","3":"status-publish","4":"has-post-thumbnail","6":"product_cat-vsyo-dlya-pristavok","7":"pa_asukoht-mustamae","8":"pa_seisukord-ispolzovano","10":"first","11":"instock","12":"taxable","13":"shipping-taxable","14":"purchasable","15":"product-type-simple"},"_links":{"self":[{"href":"https:\/\/a-pant.ee\/ru\/wp-json\/wp\/v2\/product\/23387","targetHints":{"allow":["GET"]}}],"collection":[{"href":"https:\/\/a-pant.ee\/ru\/wp-json\/wp\/v2\/product"}],"about":[{"href":"https:\/\/a-pant.ee\/ru\/wp-json\/wp\/v2\/types\/product"}],"replies":[{"embeddable":true,"href":"https:\/\/a-pant.ee\/ru\/wp-json\/wp\/v2\/comments?post=23387"}],"wp:featuredmedia":[{"embeddable":true,"href":"https:\/\/a-pant.ee\/ru\/wp-json\/wp\/v2\/media\/23388"}],"wp:attachment":[{"href":"https:\/\/a-pant.ee\/ru\/wp-json\/wp\/v2\/media?parent=23387"}],"wp:term":[{"taxonomy":"product_brand","embeddable":true,"href":"https:\/\/a-pant.ee\/ru\/wp-json\/wp\/v2\/product_brand?post=23387"},{"taxonomy":"product_cat","embeddable":true,"href":"https:\/\/a-pant.ee\/ru\/wp-json\/wp\/v2\/product_cat?post=23387"},{"taxonomy":"product_tag","embeddable":true,"href":"https:\/\/a-pant.ee\/ru\/wp-json\/wp\/v2\/product_tag?post=23387"}],"curies":[{"name":"wp","href":"https:\/\/api.w.org\/{rel}","templated":true}]}}