{"id":23381,"date":"2026-02-04T00:50:49","date_gmt":"2026-02-03T21:50:49","guid":{"rendered":"https:\/\/a-pant.ee\/product\/noutbuk-apple-macbook-air-11-mid-2013\/"},"modified":"2026-02-22T12:47:08","modified_gmt":"2026-02-22T09:47:08","slug":"noutbuk-apple-macbook-air-13-2019-zaryadka","status":"publish","type":"product","link":"https:\/\/a-pant.ee\/ru\/product\/noutbuk-apple-macbook-air-13-2019-zaryadka\/","title":{"rendered":"\u041d\u043e\u0443\u0442\u0431\u0443\u043a Apple Macbook Air 13 2019 + \u0437\u0430\u0440\u044f\u0434\u043a\u0430"},"content":{"rendered":"\n<p> Sulearvuti Apple MacBook Air 11 Mid 2013\u00a0, heas seisu- ja t\u00f6\u00f6korras! <\/p><p> laadija + karp <\/p><p><br \/> Ekraani resolutsioon <br \/> 1366&#215;768 <br \/> Protsessori rida <br \/> Intel Core i5 <br \/> Protsessori tuumade arv <br \/> 2 <br \/> RAM <br \/> 4GB <br \/> Videokaardi t\u00fc\u00fcp <br \/> sisseehitatud <br \/> videokaart <br \/> Intel HD Graphics 5000 <br \/> Videom\u00e4lu suurus <br \/> SMA <br \/> SSD kogumaht <br \/> 128 GB <br \/> OS-i versioon <br \/> macOS <\/p>\n","protected":false},"excerpt":{"rendered":"<p>Sulearvuti Apple MacBook Air 11 Mid 2013\u00a0, heas seisu- ja t\u00f6\u00f6korras! laadija + karp Ekraani resolutsioon 1366&#215;768 Protsessori rida Intel Core i5 Protsessori tuumade arv 2 RAM 4GB Videokaardi t\u00fc\u00fcp sisseehitatud videokaart Intel HD Graphics 5000 Videom\u00e4lu suurus SMA SSD kogumaht 128 GB OS-i versioon macOS<\/p>\n","protected":false},"featured_media":23382,"comment_status":"closed","ping_status":"closed","template":"","meta":{"inline_featured_image":false},"product_brand":[],"product_cat":[179],"product_tag":[],"class_list":{"0":"post-23381","1":"product","2":"type-product","3":"status-publish","4":"has-post-thumbnail","6":"product_cat-noutbuki","7":"pa_asukoht-mustamae","8":"pa_seisukord-ispolzovano","10":"first","11":"instock","12":"sale","13":"taxable","14":"shipping-taxable","15":"purchasable","16":"product-type-simple"},"_links":{"self":[{"href":"https:\/\/a-pant.ee\/ru\/wp-json\/wp\/v2\/product\/23381","targetHints":{"allow":["GET"]}}],"collection":[{"href":"https:\/\/a-pant.ee\/ru\/wp-json\/wp\/v2\/product"}],"about":[{"href":"https:\/\/a-pant.ee\/ru\/wp-json\/wp\/v2\/types\/product"}],"replies":[{"embeddable":true,"href":"https:\/\/a-pant.ee\/ru\/wp-json\/wp\/v2\/comments?post=23381"}],"wp:featuredmedia":[{"embeddable":true,"href":"https:\/\/a-pant.ee\/ru\/wp-json\/wp\/v2\/media\/23382"}],"wp:attachment":[{"href":"https:\/\/a-pant.ee\/ru\/wp-json\/wp\/v2\/media?parent=23381"}],"wp:term":[{"taxonomy":"product_brand","embeddable":true,"href":"https:\/\/a-pant.ee\/ru\/wp-json\/wp\/v2\/product_brand?post=23381"},{"taxonomy":"product_cat","embeddable":true,"href":"https:\/\/a-pant.ee\/ru\/wp-json\/wp\/v2\/product_cat?post=23381"},{"taxonomy":"product_tag","embeddable":true,"href":"https:\/\/a-pant.ee\/ru\/wp-json\/wp\/v2\/product_tag?post=23381"}],"curies":[{"name":"wp","href":"https:\/\/api.w.org\/{rel}","templated":true}]}}