{"id":23375,"date":"2026-02-04T00:50:49","date_gmt":"2026-02-03T21:50:49","guid":{"rendered":"https:\/\/a-pant.ee\/product\/akkumulyatornaya-drel-shurupovert-dewalt-dcd778\/"},"modified":"2026-02-22T12:47:08","modified_gmt":"2026-02-22T09:47:08","slug":"akkumulyatornaya-udarnaya-drel-shurupovert-dewalt-dcd778","status":"publish","type":"product","link":"https:\/\/a-pant.ee\/ru\/product\/akkumulyatornaya-udarnaya-drel-shurupovert-dewalt-dcd778\/","title":{"rendered":"\u0410\u043a\u043a\u0443\u043c\u0443\u043b\u044f\u0442\u043e\u0440\u043d\u0430\u044f \u0443\u0434\u0430\u0440\u043d\u0430\u044f \u0434\u0440\u0435\u043b\u044c-\u0448\u0443\u0440\u0443\u043f\u043e\u0432\u0435\u0440\u0442 DeWALT DCD778"},"content":{"rendered":"\n<p> \u00a0Aku-trell DeWALT DCD778 + kohver + aku + laadija\u00a0, heas seisu- ja t\u00f6\u00f6korras! <\/p><p><br \/><br \/> Aku pinge <br \/> 18 V <br \/> Patareide arv <br \/> 2 tk. <br \/> Maksimaalne p\u00f6\u00f6rdemoment <br \/> 65 Nm <br \/> harjadeta mootor <br \/> Jah <br \/> Max puuri l\u00e4bim\u00f5\u00f5t (puit) <br \/> 30 mm <br \/> Max puuri l\u00e4bim\u00f5\u00f5t (metall) <br \/> 13 mm <br \/> Kaal <br \/> 1,2 kg <br \/> Aku mahutavus <br \/> 4 Ah <br \/> pakett <br \/> juhtum <br \/> Disaini omadused <br \/> toitenupu lukk, pro\u017eektori lamp, spindlilukk <br \/> Max puurimise l\u00e4bim\u00f5\u00f5t (betoon) <br \/> 13 mm <br \/> Padruni l\u00e4bim\u00f5\u00f5t 1,5 \u2013 13 mm <br \/> Funktsioonid \u00fclekoormuskaitse, tagurdamine, kiiruse reguleerimine, mootoripidur <br \/> Kasseti t\u00fc\u00fcp <br \/> kiirkinnitus <br \/> Max t\u00fchik\u00e4igul 1750 p\/min <\/p>\n","protected":false},"excerpt":{"rendered":"<p>\u00a0Aku-trell DeWALT DCD778 + kohver + aku + laadija\u00a0, heas seisu- ja t\u00f6\u00f6korras! Aku pinge 18 V Patareide arv 2 tk. Maksimaalne p\u00f6\u00f6rdemoment 65 Nm harjadeta mootor Jah Max puuri l\u00e4bim\u00f5\u00f5t (puit) 30 mm Max puuri l\u00e4bim\u00f5\u00f5t (metall) 13 mm Kaal 1,2 kg Aku mahutavus 4 Ah pakett juhtum Disaini omadused toitenupu lukk, pro\u017eektori lamp, [&hellip;]<\/p>\n","protected":false},"featured_media":23376,"comment_status":"closed","ping_status":"open","template":"","meta":{"inline_featured_image":false},"product_brand":[],"product_cat":[221],"product_tag":[],"class_list":{"0":"post-23375","1":"product","2":"type-product","3":"status-publish","4":"has-post-thumbnail","6":"product_cat-akkumulyatornye-dreli","7":"pa_asukoht-lasnamae","8":"pa_seisukord-ispolzovano","10":"first","11":"instock","12":"taxable","13":"shipping-taxable","14":"purchasable","15":"product-type-simple"},"_links":{"self":[{"href":"https:\/\/a-pant.ee\/ru\/wp-json\/wp\/v2\/product\/23375","targetHints":{"allow":["GET"]}}],"collection":[{"href":"https:\/\/a-pant.ee\/ru\/wp-json\/wp\/v2\/product"}],"about":[{"href":"https:\/\/a-pant.ee\/ru\/wp-json\/wp\/v2\/types\/product"}],"replies":[{"embeddable":true,"href":"https:\/\/a-pant.ee\/ru\/wp-json\/wp\/v2\/comments?post=23375"}],"wp:featuredmedia":[{"embeddable":true,"href":"https:\/\/a-pant.ee\/ru\/wp-json\/wp\/v2\/media\/23376"}],"wp:attachment":[{"href":"https:\/\/a-pant.ee\/ru\/wp-json\/wp\/v2\/media?parent=23375"}],"wp:term":[{"taxonomy":"product_brand","embeddable":true,"href":"https:\/\/a-pant.ee\/ru\/wp-json\/wp\/v2\/product_brand?post=23375"},{"taxonomy":"product_cat","embeddable":true,"href":"https:\/\/a-pant.ee\/ru\/wp-json\/wp\/v2\/product_cat?post=23375"},{"taxonomy":"product_tag","embeddable":true,"href":"https:\/\/a-pant.ee\/ru\/wp-json\/wp\/v2\/product_tag?post=23375"}],"curies":[{"name":"wp","href":"https:\/\/api.w.org\/{rel}","templated":true}]}}