{"id":23369,"date":"2026-02-04T00:50:49","date_gmt":"2026-02-03T21:50:49","guid":{"rendered":"https:\/\/a-pant.ee\/product\/akkumulyatornaya-drel-shurupovert-makita-bdf-343\/"},"modified":"2026-02-22T12:47:08","modified_gmt":"2026-02-22T09:47:08","slug":"akkumulyatornaya-drel-shurupovert-makita-bdf-343-zaryadka","status":"publish","type":"product","link":"https:\/\/a-pant.ee\/ru\/product\/akkumulyatornaya-drel-shurupovert-makita-bdf-343-zaryadka\/","title":{"rendered":"\u0410\u043a\u043a\u0443\u043c\u0443\u043b\u044f\u0442\u043e\u0440\u043d\u0430\u044f \u0434\u0440\u0435\u043b\u044c-\u0448\u0443\u0440\u0443\u043f\u043e\u0432\u0435\u0440\u0442 Makita BDF 343 + \u0437\u0430\u0440\u044f\u0434\u043a\u0430"},"content":{"rendered":"\n<p> \u00a0Aku-trell Makita BDF 343 + laadija\u00a0, heas seisu- ja t\u00f6\u00f6korras! <\/p><p> Tootja Makita <br \/> P\u00f6\u00f6rdemoment pehme, Nm 20 <br \/> Tugev p\u00f6\u00f6rdemoment, Nm 36 <br \/> Max puuri l\u00e4bim\u00f5\u00f5t (metall) 10 <br \/> Max puuri l\u00e4bim\u00f5\u00f5t (puit) 25 <br \/> Revolutsioonid 0-400 \/ 0-1300 <br \/> T\u00f6\u00f6kiiruste arv 2 <br \/> \u0160oki olemasolu nr <br \/> Aku omadused <br \/> Aku pinge, V 14,4 <br \/> Aku mahutavus, Ah 1,3 <br \/> Joonlaua (t\u00fc\u00fcp) patarei <\/p>\n","protected":false},"excerpt":{"rendered":"<p>\u00a0Aku-trell Makita BDF 343 + laadija\u00a0, heas seisu- ja t\u00f6\u00f6korras! Tootja Makita P\u00f6\u00f6rdemoment pehme, Nm 20 Tugev p\u00f6\u00f6rdemoment, Nm 36 Max puuri l\u00e4bim\u00f5\u00f5t (metall) 10 Max puuri l\u00e4bim\u00f5\u00f5t (puit) 25 Revolutsioonid 0-400 \/ 0-1300 T\u00f6\u00f6kiiruste arv 2 \u0160oki olemasolu nr Aku omadused Aku pinge, V 14,4 Aku mahutavus, Ah 1,3 Joonlaua (t\u00fc\u00fcp) patarei<\/p>\n","protected":false},"featured_media":23370,"comment_status":"closed","ping_status":"open","template":"","meta":{"inline_featured_image":false},"product_brand":[],"product_cat":[221],"product_tag":[],"class_list":{"0":"post-23369","1":"product","2":"type-product","3":"status-publish","4":"has-post-thumbnail","6":"product_cat-akkumulyatornye-dreli","7":"pa_asukoht-mustamae","8":"pa_seisukord-ispolzovano","10":"first","11":"instock","12":"taxable","13":"shipping-taxable","14":"purchasable","15":"product-type-simple"},"_links":{"self":[{"href":"https:\/\/a-pant.ee\/ru\/wp-json\/wp\/v2\/product\/23369","targetHints":{"allow":["GET"]}}],"collection":[{"href":"https:\/\/a-pant.ee\/ru\/wp-json\/wp\/v2\/product"}],"about":[{"href":"https:\/\/a-pant.ee\/ru\/wp-json\/wp\/v2\/types\/product"}],"replies":[{"embeddable":true,"href":"https:\/\/a-pant.ee\/ru\/wp-json\/wp\/v2\/comments?post=23369"}],"wp:featuredmedia":[{"embeddable":true,"href":"https:\/\/a-pant.ee\/ru\/wp-json\/wp\/v2\/media\/23370"}],"wp:attachment":[{"href":"https:\/\/a-pant.ee\/ru\/wp-json\/wp\/v2\/media?parent=23369"}],"wp:term":[{"taxonomy":"product_brand","embeddable":true,"href":"https:\/\/a-pant.ee\/ru\/wp-json\/wp\/v2\/product_brand?post=23369"},{"taxonomy":"product_cat","embeddable":true,"href":"https:\/\/a-pant.ee\/ru\/wp-json\/wp\/v2\/product_cat?post=23369"},{"taxonomy":"product_tag","embeddable":true,"href":"https:\/\/a-pant.ee\/ru\/wp-json\/wp\/v2\/product_tag?post=23369"}],"curies":[{"name":"wp","href":"https:\/\/api.w.org\/{rel}","templated":true}]}}