{"id":23363,"date":"2026-02-04T00:46:40","date_gmt":"2026-02-03T21:46:40","guid":{"rendered":"https:\/\/a-pant.ee\/product\/akkumulyatornaya-drel-bosch-gsr-12v-15\/"},"modified":"2026-02-22T12:47:12","modified_gmt":"2026-02-22T09:47:12","slug":"akkumulyatornaya-drel-bosch-gsr-12v-15-2-dop-akk-zaryadka","status":"publish","type":"product","link":"https:\/\/a-pant.ee\/ru\/product\/akkumulyatornaya-drel-bosch-gsr-12v-15-2-dop-akk-zaryadka\/","title":{"rendered":"\u0410\u043a\u043a\u0443\u043c\u0443\u043b\u044f\u0442\u043e\u0440\u043d\u0430\u044f \u0434\u0440\u0435\u043b\u044c Bosch GSR 12V-15 + 2 \u0434\u043e\u043f.\u0430\u043a\u043a. + \u0437\u0430\u0440\u044f\u0434\u043a\u0430"},"content":{"rendered":"\n<p> Akutrell Bosch GSR 12V-15 + 2 aku + laadija\u00a0, heas seisu- ja t\u00f6\u00f6korras! <\/p><p> KIRJELDUS <\/p><p> Toote t\u00fc\u00fcp Trellid <\/p><p> Kaubam\u00e4rk Bosch <\/p><p> Mudel GSR 12V-15 <\/p><p> Kaal 0.95 kg <\/p><p> P\u00f6\u00f6rete arv t\u00fchik\u00e4igul 0-1300, 0-400 <\/p><p> Maksimaalne p\u00f6\u00f6rdemoment, Nm 30 <\/p><p> Maks. puurimisaugu l\u00e4bim\u00f5\u00f5t puidus 19 mm <\/p><p> Maks. puurimisaugu l\u00e4bim\u00f5\u00f5t terases 10 mm <\/p><p> Aku t\u00fc\u00fcp Li-ion <\/p><p> Aku kuulub komplekti Ja <\/p><p> Aku pinge 12 V <\/p>\n","protected":false},"excerpt":{"rendered":"<p>Akutrell Bosch GSR 12V-15 + 2 aku + laadija\u00a0, heas seisu- ja t\u00f6\u00f6korras! KIRJELDUS Toote t\u00fc\u00fcp Trellid Kaubam\u00e4rk Bosch Mudel GSR 12V-15 Kaal 0.95 kg P\u00f6\u00f6rete arv t\u00fchik\u00e4igul 0-1300, 0-400 Maksimaalne p\u00f6\u00f6rdemoment, Nm 30 Maks. puurimisaugu l\u00e4bim\u00f5\u00f5t puidus 19 mm Maks. puurimisaugu l\u00e4bim\u00f5\u00f5t terases 10 mm Aku t\u00fc\u00fcp Li-ion Aku kuulub komplekti Ja Aku pinge [&hellip;]<\/p>\n","protected":false},"featured_media":23364,"comment_status":"closed","ping_status":"open","template":"","meta":{"inline_featured_image":false},"product_brand":[],"product_cat":[221],"product_tag":[],"class_list":{"0":"post-23363","1":"product","2":"type-product","3":"status-publish","4":"has-post-thumbnail","6":"product_cat-akkumulyatornye-dreli","7":"pa_asukoht-lasnamae","8":"pa_seisukord-ispolzovano","10":"first","11":"instock","12":"taxable","13":"shipping-taxable","14":"purchasable","15":"product-type-simple"},"_links":{"self":[{"href":"https:\/\/a-pant.ee\/ru\/wp-json\/wp\/v2\/product\/23363","targetHints":{"allow":["GET"]}}],"collection":[{"href":"https:\/\/a-pant.ee\/ru\/wp-json\/wp\/v2\/product"}],"about":[{"href":"https:\/\/a-pant.ee\/ru\/wp-json\/wp\/v2\/types\/product"}],"replies":[{"embeddable":true,"href":"https:\/\/a-pant.ee\/ru\/wp-json\/wp\/v2\/comments?post=23363"}],"wp:featuredmedia":[{"embeddable":true,"href":"https:\/\/a-pant.ee\/ru\/wp-json\/wp\/v2\/media\/23364"}],"wp:attachment":[{"href":"https:\/\/a-pant.ee\/ru\/wp-json\/wp\/v2\/media?parent=23363"}],"wp:term":[{"taxonomy":"product_brand","embeddable":true,"href":"https:\/\/a-pant.ee\/ru\/wp-json\/wp\/v2\/product_brand?post=23363"},{"taxonomy":"product_cat","embeddable":true,"href":"https:\/\/a-pant.ee\/ru\/wp-json\/wp\/v2\/product_cat?post=23363"},{"taxonomy":"product_tag","embeddable":true,"href":"https:\/\/a-pant.ee\/ru\/wp-json\/wp\/v2\/product_tag?post=23363"}],"curies":[{"name":"wp","href":"https:\/\/api.w.org\/{rel}","templated":true}]}}