{"id":23356,"date":"2026-02-04T00:46:40","date_gmt":"2026-02-03T21:46:40","guid":{"rendered":"https:\/\/a-pant.ee\/product\/akkumulyatornaya-otvertka-wurth-ass-12-a\/"},"modified":"2026-02-22T12:47:12","modified_gmt":"2026-02-22T09:47:12","slug":"akkumulyatornaya-otvertka-wurth-ass-12-a","status":"publish","type":"product","link":"https:\/\/a-pant.ee\/ru\/product\/akkumulyatornaya-otvertka-wurth-ass-12-a\/","title":{"rendered":"\u0410\u043a\u043a\u0443\u043c\u0443\u043b\u044f\u0442\u043e\u0440\u043d\u0430\u044f \u043e\u0442\u0432\u0435\u0440\u0442\u043a\u0430 W\u00fcrth ASS 12-A"},"content":{"rendered":"\n<p> Akukruvikeraja W\u00fcrth ASS 12-A\u00a0, heas seisu- ja t\u00f6\u00f6korras! <\/p><p> KIRJELDUS <\/p><p> Nimipinge 12 V\/DC <br \/> Min.\/maks. t\u00fchik\u00e4igu kiirus 0-2600 U\/min (rpm) <br \/> Min.\/maks. l\u00f6\u00f6gisagedus 0-3100 U\/min (rpm) <br \/> Max p\u00f6\u00f6rdemoment k\u00f5va kruvimise korral 105 Nm <br \/> Sobib kruvile M4 &#8212; M12 <br \/> T\u00f6\u00f6riista hoidmise seade 1\/4-tolline kuusnurkne pesa <br \/> Pikkus 137 mm <br \/> Laius 55 mm <br \/> K\u00f5rgus 178 mm <br \/> Laetava akuga masina kaal 0,96 kg <\/p>\n","protected":false},"excerpt":{"rendered":"<p>Akukruvikeraja W\u00fcrth ASS 12-A\u00a0, heas seisu- ja t\u00f6\u00f6korras! KIRJELDUS Nimipinge 12 V\/DC Min.\/maks. t\u00fchik\u00e4igu kiirus 0-2600 U\/min (rpm) Min.\/maks. l\u00f6\u00f6gisagedus 0-3100 U\/min (rpm) Max p\u00f6\u00f6rdemoment k\u00f5va kruvimise korral 105 Nm Sobib kruvile M4 &#8212; M12 T\u00f6\u00f6riista hoidmise seade 1\/4-tolline kuusnurkne pesa Pikkus 137 mm Laius 55 mm K\u00f5rgus 178 mm Laetava akuga masina kaal 0,96 [&hellip;]<\/p>\n","protected":false},"featured_media":23357,"comment_status":"closed","ping_status":"open","template":"","meta":{"inline_featured_image":false},"product_brand":[],"product_cat":[221],"product_tag":[],"class_list":{"0":"post-23356","1":"product","2":"type-product","3":"status-publish","4":"has-post-thumbnail","6":"product_cat-akkumulyatornye-dreli","7":"pa_asukoht-lasnamae","8":"pa_seisukord-ispolzovano","10":"first","11":"instock","12":"taxable","13":"shipping-taxable","14":"purchasable","15":"product-type-simple"},"_links":{"self":[{"href":"https:\/\/a-pant.ee\/ru\/wp-json\/wp\/v2\/product\/23356","targetHints":{"allow":["GET"]}}],"collection":[{"href":"https:\/\/a-pant.ee\/ru\/wp-json\/wp\/v2\/product"}],"about":[{"href":"https:\/\/a-pant.ee\/ru\/wp-json\/wp\/v2\/types\/product"}],"replies":[{"embeddable":true,"href":"https:\/\/a-pant.ee\/ru\/wp-json\/wp\/v2\/comments?post=23356"}],"wp:featuredmedia":[{"embeddable":true,"href":"https:\/\/a-pant.ee\/ru\/wp-json\/wp\/v2\/media\/23357"}],"wp:attachment":[{"href":"https:\/\/a-pant.ee\/ru\/wp-json\/wp\/v2\/media?parent=23356"}],"wp:term":[{"taxonomy":"product_brand","embeddable":true,"href":"https:\/\/a-pant.ee\/ru\/wp-json\/wp\/v2\/product_brand?post=23356"},{"taxonomy":"product_cat","embeddable":true,"href":"https:\/\/a-pant.ee\/ru\/wp-json\/wp\/v2\/product_cat?post=23356"},{"taxonomy":"product_tag","embeddable":true,"href":"https:\/\/a-pant.ee\/ru\/wp-json\/wp\/v2\/product_tag?post=23356"}],"curies":[{"name":"wp","href":"https:\/\/api.w.org\/{rel}","templated":true}]}}