{"id":23345,"date":"2026-02-04T00:46:40","date_gmt":"2026-02-03T21:46:40","guid":{"rendered":"https:\/\/a-pant.ee\/product\/wi-fi-router-d-link-dir-320\/"},"modified":"2026-02-22T12:47:11","modified_gmt":"2026-02-22T09:47:11","slug":"wi-fi-router-d-link-dir-320","status":"publish","type":"product","link":"https:\/\/a-pant.ee\/ru\/product\/wi-fi-router-d-link-dir-320\/","title":{"rendered":"Wi-Fi \u0440\u043e\u0443\u0442\u0435\u0440 D-link DIR-320"},"content":{"rendered":"\n<p> \u00a0Wi-Fi Ruuter D-link DIR-320 + karp + juhe\u00a0, heas seisu- ja t\u00f6\u00f6korras! <\/p><p> Interneti-\u00fchendus (WAN) <br \/> Ethernet RJ-45, v\u00e4line modem <br \/> Wi-Fi-seadmete sagedusvahemik <br \/> 2,4 GHz <br \/> Wi-Fi standard 802.11 <br \/> g (Wi-Fi 3) <br \/> Max traadita \u00fchenduse kiirus 54 Mbps <br \/> LAN-portide arv 4 <br \/> Sadama kiirus <br \/> 100 Mbps <\/p>\n","protected":false},"excerpt":{"rendered":"<p>\u00a0Wi-Fi Ruuter D-link DIR-320 + karp + juhe\u00a0, heas seisu- ja t\u00f6\u00f6korras! Interneti-\u00fchendus (WAN) Ethernet RJ-45, v\u00e4line modem Wi-Fi-seadmete sagedusvahemik 2,4 GHz Wi-Fi standard 802.11 g (Wi-Fi 3) Max traadita \u00fchenduse kiirus 54 Mbps LAN-portide arv 4 Sadama kiirus 100 Mbps<\/p>\n","protected":false},"featured_media":23346,"comment_status":"closed","ping_status":"open","template":"","meta":{"inline_featured_image":false},"product_brand":[],"product_cat":[157],"product_tag":[],"class_list":{"0":"post-23345","1":"product","2":"type-product","3":"status-publish","4":"has-post-thumbnail","6":"product_cat-vse-dlya-kompyutera","7":"pa_asukoht-mustamae","8":"pa_seisukord-ispolzovano","10":"first","11":"instock","12":"taxable","13":"shipping-taxable","14":"purchasable","15":"product-type-simple"},"_links":{"self":[{"href":"https:\/\/a-pant.ee\/ru\/wp-json\/wp\/v2\/product\/23345","targetHints":{"allow":["GET"]}}],"collection":[{"href":"https:\/\/a-pant.ee\/ru\/wp-json\/wp\/v2\/product"}],"about":[{"href":"https:\/\/a-pant.ee\/ru\/wp-json\/wp\/v2\/types\/product"}],"replies":[{"embeddable":true,"href":"https:\/\/a-pant.ee\/ru\/wp-json\/wp\/v2\/comments?post=23345"}],"wp:featuredmedia":[{"embeddable":true,"href":"https:\/\/a-pant.ee\/ru\/wp-json\/wp\/v2\/media\/23346"}],"wp:attachment":[{"href":"https:\/\/a-pant.ee\/ru\/wp-json\/wp\/v2\/media?parent=23345"}],"wp:term":[{"taxonomy":"product_brand","embeddable":true,"href":"https:\/\/a-pant.ee\/ru\/wp-json\/wp\/v2\/product_brand?post=23345"},{"taxonomy":"product_cat","embeddable":true,"href":"https:\/\/a-pant.ee\/ru\/wp-json\/wp\/v2\/product_cat?post=23345"},{"taxonomy":"product_tag","embeddable":true,"href":"https:\/\/a-pant.ee\/ru\/wp-json\/wp\/v2\/product_tag?post=23345"}],"curies":[{"name":"wp","href":"https:\/\/api.w.org\/{rel}","templated":true}]}}