{"id":23332,"date":"2026-02-04T00:46:40","date_gmt":"2026-02-03T21:46:40","guid":{"rendered":"https:\/\/a-pant.ee\/product\/noutbuk-hp-elitebook-820-zaryadka\/"},"modified":"2026-02-22T12:47:11","modified_gmt":"2026-02-22T09:47:11","slug":"noutbuk-hp-elitebook-820-zaryadka","status":"publish","type":"product","link":"https:\/\/a-pant.ee\/ru\/product\/noutbuk-hp-elitebook-820-zaryadka\/","title":{"rendered":"\u041d\u043e\u0443\u0442\u0431\u0443\u043a HP EliteBook 820 + \u0437\u0430\u0440\u044f\u0434\u043a\u0430"},"content":{"rendered":"\n<p> Sulearvuti HP EliteBook 820 + laadija\u00a0, heas seisu- ja t\u00f6\u00f6korras! <\/p><p><br \/> Protsessor (CPU):Intel Core I5-5200 2.20ghz <br \/> Operatiiv m\u00e4lu: 8 GB <br \/> Videokaart :Intel HD Graphics 5500 128mb <br \/> K\u00f5vaketas: INTEL SSDSC2BW 180A4 200GB <br \/> Operatsioonis\u00fcsteem: Windwos 10 <\/p>\n","protected":false},"excerpt":{"rendered":"<p>Sulearvuti HP EliteBook 820 + laadija\u00a0, heas seisu- ja t\u00f6\u00f6korras! Protsessor (CPU):Intel Core I5-5200 2.20ghz Operatiiv m\u00e4lu: 8 GB Videokaart :Intel HD Graphics 5500 128mb K\u00f5vaketas: INTEL SSDSC2BW 180A4 200GB Operatsioonis\u00fcsteem: Windwos 10<\/p>\n","protected":false},"featured_media":23333,"comment_status":"closed","ping_status":"open","template":"","meta":{"inline_featured_image":false},"product_brand":[],"product_cat":[179],"product_tag":[],"class_list":{"0":"post-23332","1":"product","2":"type-product","3":"status-publish","4":"has-post-thumbnail","6":"product_cat-noutbuki","7":"pa_asukoht-mustamae","8":"pa_seisukord-ispolzovano","10":"first","11":"instock","12":"taxable","13":"shipping-taxable","14":"purchasable","15":"product-type-simple"},"_links":{"self":[{"href":"https:\/\/a-pant.ee\/ru\/wp-json\/wp\/v2\/product\/23332","targetHints":{"allow":["GET"]}}],"collection":[{"href":"https:\/\/a-pant.ee\/ru\/wp-json\/wp\/v2\/product"}],"about":[{"href":"https:\/\/a-pant.ee\/ru\/wp-json\/wp\/v2\/types\/product"}],"replies":[{"embeddable":true,"href":"https:\/\/a-pant.ee\/ru\/wp-json\/wp\/v2\/comments?post=23332"}],"wp:featuredmedia":[{"embeddable":true,"href":"https:\/\/a-pant.ee\/ru\/wp-json\/wp\/v2\/media\/23333"}],"wp:attachment":[{"href":"https:\/\/a-pant.ee\/ru\/wp-json\/wp\/v2\/media?parent=23332"}],"wp:term":[{"taxonomy":"product_brand","embeddable":true,"href":"https:\/\/a-pant.ee\/ru\/wp-json\/wp\/v2\/product_brand?post=23332"},{"taxonomy":"product_cat","embeddable":true,"href":"https:\/\/a-pant.ee\/ru\/wp-json\/wp\/v2\/product_cat?post=23332"},{"taxonomy":"product_tag","embeddable":true,"href":"https:\/\/a-pant.ee\/ru\/wp-json\/wp\/v2\/product_tag?post=23332"}],"curies":[{"name":"wp","href":"https:\/\/api.w.org\/{rel}","templated":true}]}}