{"id":23307,"date":"2026-02-04T00:46:40","date_gmt":"2026-02-03T21:46:40","guid":{"rendered":"https:\/\/a-pant.ee\/product\/lazernyj-uroven-spectra-precision-lt56\/"},"modified":"2026-02-22T12:47:11","modified_gmt":"2026-02-22T09:47:11","slug":"lazernyj-uroven-spectra-precision-lt56","status":"publish","type":"product","link":"https:\/\/a-pant.ee\/ru\/product\/lazernyj-uroven-spectra-precision-lt56\/","title":{"rendered":"\u041b\u0430\u0437\u0435\u0440\u043d\u044b\u0439 \u0443\u0440\u043e\u0432\u0435\u043d\u044c Spectra Precision LT56"},"content":{"rendered":"\n<p> Lasertaseme Spectra Precision LT56\u00a0heas seisu- ja t\u00f6\u00f6korras! <\/p><p> ilma laadija <\/p><p> Tasapinna ehituse t\u00e4psus \u00b12 mm 10 m kohta <\/p><p> Laseri omadused &lt;1&gt; <\/p><p> Seadme automaatne loodimine 4\u00b0\u00b11\u00b0 <\/p><p> Hoiatus &#171;tasemest v\u00e4ljas&#187;. <\/p><p> Tasapindade v\u00f5i punktide arv 3 tasapinda <\/p><p> Tasapinna p\u00fchkimisnurk horisontaalne &#8212; 360\u00b0; vertikaalne eesmine &#8212; 360\u00b0; vertikaalne p\u00f5iki &#8212; 360\u00b0 <\/p><p> Isetasandumise vahemik 4\u00b0\u00b11\u00b0 <\/p><p> Visuaalne t\u00f6\u00f6ulatus kuni 25 m <\/p><p> T\u00f6\u00f6ulatus koos vastuv\u00f5tjaga kuni 65 m <\/p><p> Kaal 0,67 kg <\/p><p> M\u00f5\u00f5dud 152mm x 116mm x 84mm <\/p><p> T\u00f6\u00f6temperatuur -10\u00b0\u0421 kuni +45\u00b0\u0421 <\/p>\n","protected":false},"excerpt":{"rendered":"<p>Lasertaseme Spectra Precision LT56\u00a0heas seisu- ja t\u00f6\u00f6korras! ilma laadija Tasapinna ehituse t\u00e4psus \u00b12 mm 10 m kohta Laseri omadused &lt;1&gt; Seadme automaatne loodimine 4\u00b0\u00b11\u00b0 Hoiatus &#171;tasemest v\u00e4ljas&#187;. Tasapindade v\u00f5i punktide arv 3 tasapinda Tasapinna p\u00fchkimisnurk horisontaalne &#8212; 360\u00b0; vertikaalne eesmine &#8212; 360\u00b0; vertikaalne p\u00f5iki &#8212; 360\u00b0 Isetasandumise vahemik 4\u00b0\u00b11\u00b0 Visuaalne t\u00f6\u00f6ulatus kuni 25 m T\u00f6\u00f6ulatus [&hellip;]<\/p>\n","protected":false},"featured_media":23308,"comment_status":"closed","ping_status":"open","template":"","meta":{"inline_featured_image":false},"product_brand":[],"product_cat":[232],"product_tag":[],"class_list":{"0":"post-23307","1":"product","2":"type-product","3":"status-publish","4":"has-post-thumbnail","6":"product_cat-lazernye-niveliry","7":"pa_asukoht-mustamae","8":"pa_seisukord-ispolzovano","10":"first","11":"instock","12":"taxable","13":"shipping-taxable","14":"purchasable","15":"product-type-simple"},"_links":{"self":[{"href":"https:\/\/a-pant.ee\/ru\/wp-json\/wp\/v2\/product\/23307","targetHints":{"allow":["GET"]}}],"collection":[{"href":"https:\/\/a-pant.ee\/ru\/wp-json\/wp\/v2\/product"}],"about":[{"href":"https:\/\/a-pant.ee\/ru\/wp-json\/wp\/v2\/types\/product"}],"replies":[{"embeddable":true,"href":"https:\/\/a-pant.ee\/ru\/wp-json\/wp\/v2\/comments?post=23307"}],"wp:featuredmedia":[{"embeddable":true,"href":"https:\/\/a-pant.ee\/ru\/wp-json\/wp\/v2\/media\/23308"}],"wp:attachment":[{"href":"https:\/\/a-pant.ee\/ru\/wp-json\/wp\/v2\/media?parent=23307"}],"wp:term":[{"taxonomy":"product_brand","embeddable":true,"href":"https:\/\/a-pant.ee\/ru\/wp-json\/wp\/v2\/product_brand?post=23307"},{"taxonomy":"product_cat","embeddable":true,"href":"https:\/\/a-pant.ee\/ru\/wp-json\/wp\/v2\/product_cat?post=23307"},{"taxonomy":"product_tag","embeddable":true,"href":"https:\/\/a-pant.ee\/ru\/wp-json\/wp\/v2\/product_tag?post=23307"}],"curies":[{"name":"wp","href":"https:\/\/api.w.org\/{rel}","templated":true}]}}