{"id":23299,"date":"2026-02-04T00:46:40","date_gmt":"2026-02-03T21:46:40","guid":{"rendered":"https:\/\/a-pant.ee\/product\/uglovaya-pila-bosch-gcm-10-s-professional\/"},"modified":"2026-02-22T12:47:11","modified_gmt":"2026-02-22T09:47:11","slug":"uglovaya-pila-bosch-gcm-10-s-professional-korobka","status":"publish","type":"product","link":"https:\/\/a-pant.ee\/ru\/product\/uglovaya-pila-bosch-gcm-10-s-professional-korobka\/","title":{"rendered":"\u0423\u0433\u043b\u043e\u0432\u0430\u044f \u043f\u0438\u043b\u0430 Bosch GCM 10 S Professional + \u043a\u043e\u0440\u043e\u0431\u043a\u0430"},"content":{"rendered":"\n<p> Nurksaag Bosch GCM 10 S Professional + karp\u00a0, heas seisu- ja t\u00f6\u00f6korras! <\/p><p> KIRJELDUS <\/p><p> Toote t\u00fc\u00fcp Ketassaag <\/p><p> Kaubam\u00e4rk Bosch <\/p><p> Mudel GCM 10 GDJ <\/p><p> Pikkus 625 mm <\/p><p> Laius 545 mm <\/p><p> K\u00f5rgus 755 mm <\/p><p> Kaal 29 kg <\/p><p> Toide Elektriv\u00f5rk <\/p><p> V\u00f5imsus 1800 W <\/p><p> Maksimaalne p\u00f6\u00f6rete kiirus minutis 4500 rpm <\/p><p> Ketta l\u00e4bim\u00f5\u00f5t 254 mm <\/p><p> L\u00f5ike s\u00fcgavus nurgaga 45\u00b0 216 mm <\/p><p> L\u00f5ike s\u00fcgavus nurgaga 90\u00b0 305 mm <\/p><p> L\u00f5ike s\u00fcgavuse reguleerimine Jah <\/p><p> P\u00f6\u00f6rlemisnurk 52 &#8212; 60 \u00b0 <\/p><p> Ketta augu l\u00e4bim\u00f5\u00f5t 30 mm <\/p><p> Reguleeritav tugi Jah <\/p><p> Sang transportimiseks Ei <\/p><p> Tooriku klamber Jah <\/p>\n","protected":false},"excerpt":{"rendered":"<p>Nurksaag Bosch GCM 10 S Professional + karp\u00a0, heas seisu- ja t\u00f6\u00f6korras! KIRJELDUS Toote t\u00fc\u00fcp Ketassaag Kaubam\u00e4rk Bosch Mudel GCM 10 GDJ Pikkus 625 mm Laius 545 mm K\u00f5rgus 755 mm Kaal 29 kg Toide Elektriv\u00f5rk V\u00f5imsus 1800 W Maksimaalne p\u00f6\u00f6rete kiirus minutis 4500 rpm Ketta l\u00e4bim\u00f5\u00f5t 254 mm L\u00f5ike s\u00fcgavus nurgaga 45\u00b0 216 mm [&hellip;]<\/p>\n","protected":false},"featured_media":23300,"comment_status":"closed","ping_status":"closed","template":"","meta":{"inline_featured_image":false},"product_brand":[],"product_cat":[230],"product_tag":[],"class_list":{"0":"post-23299","1":"product","2":"type-product","3":"status-publish","4":"has-post-thumbnail","6":"product_cat-czirkulyarnye-pily","7":"product_shipping_class-oversize","8":"pa_asukoht-lasnamae","9":"pa_seisukord-ispolzovano","11":"first","12":"instock","13":"taxable","14":"shipping-taxable","15":"purchasable","16":"product-type-simple"},"_links":{"self":[{"href":"https:\/\/a-pant.ee\/ru\/wp-json\/wp\/v2\/product\/23299","targetHints":{"allow":["GET"]}}],"collection":[{"href":"https:\/\/a-pant.ee\/ru\/wp-json\/wp\/v2\/product"}],"about":[{"href":"https:\/\/a-pant.ee\/ru\/wp-json\/wp\/v2\/types\/product"}],"replies":[{"embeddable":true,"href":"https:\/\/a-pant.ee\/ru\/wp-json\/wp\/v2\/comments?post=23299"}],"wp:featuredmedia":[{"embeddable":true,"href":"https:\/\/a-pant.ee\/ru\/wp-json\/wp\/v2\/media\/23300"}],"wp:attachment":[{"href":"https:\/\/a-pant.ee\/ru\/wp-json\/wp\/v2\/media?parent=23299"}],"wp:term":[{"taxonomy":"product_brand","embeddable":true,"href":"https:\/\/a-pant.ee\/ru\/wp-json\/wp\/v2\/product_brand?post=23299"},{"taxonomy":"product_cat","embeddable":true,"href":"https:\/\/a-pant.ee\/ru\/wp-json\/wp\/v2\/product_cat?post=23299"},{"taxonomy":"product_tag","embeddable":true,"href":"https:\/\/a-pant.ee\/ru\/wp-json\/wp\/v2\/product_tag?post=23299"}],"curies":[{"name":"wp","href":"https:\/\/api.w.org\/{rel}","templated":true}]}}