{"id":23280,"date":"2026-02-04T00:43:19","date_gmt":"2026-02-03T21:43:19","guid":{"rendered":"https:\/\/a-pant.ee\/product\/lazernyj-nivelir-dewalt-dce089g18\/"},"modified":"2026-02-22T12:47:13","modified_gmt":"2026-02-22T09:47:13","slug":"lazernyj-nivelir-dewalt-dce089g18-batareya-5-0-ach","status":"publish","type":"product","link":"https:\/\/a-pant.ee\/ru\/product\/lazernyj-nivelir-dewalt-dce089g18-batareya-5-0-ach\/","title":{"rendered":"\u041b\u0430\u0437\u0435\u0440\u043d\u044b\u0439 \u043d\u0438\u0432\u0435\u043b\u0438\u0440  DeWalt DCE089G18 + \u0431\u0430\u0442\u0430\u0440\u0435\u044f 5.0 \u0410\u0427"},"content":{"rendered":"\n<p> Lasernivelliir DeWalt DCE089G18 + aku 5.0AH\u00a0, heas seisu- ja t\u00f6\u00f6korras! <\/p><p> KIRJELDUS <\/p><p> Laseri klass 2 <\/p><p> Laseri lainepikkus 515 nm <\/p><p> T\u00e4psus \u00b10,3 mm\/m <\/p><p> T\u00f6\u00f6ulatus 30 m <\/p><p> Maksimaalne m\u00f5\u00f5tmiskaugus vastuv\u00f5tjaga 60 m <\/p><p> Laserkiire v\u00e4rvus Roheline <\/p><p> Seadme kinnituskeere 1\/4&#8243; <\/p><p> Kaitseklass IP65 <\/p>\n","protected":false},"excerpt":{"rendered":"<p>Lasernivelliir DeWalt DCE089G18 + aku 5.0AH\u00a0, heas seisu- ja t\u00f6\u00f6korras! KIRJELDUS Laseri klass 2 Laseri lainepikkus 515 nm T\u00e4psus \u00b10,3 mm\/m T\u00f6\u00f6ulatus 30 m Maksimaalne m\u00f5\u00f5tmiskaugus vastuv\u00f5tjaga 60 m Laserkiire v\u00e4rvus Roheline Seadme kinnituskeere 1\/4&#8243; Kaitseklass IP65<\/p>\n","protected":false},"featured_media":23281,"comment_status":"closed","ping_status":"open","template":"","meta":{"inline_featured_image":false},"product_brand":[],"product_cat":[232],"product_tag":[],"class_list":{"0":"post-23280","1":"product","2":"type-product","3":"status-publish","4":"has-post-thumbnail","6":"product_cat-lazernye-niveliry","7":"pa_asukoht-lasnamae","8":"pa_seisukord-ispolzovano","10":"first","11":"instock","12":"taxable","13":"shipping-taxable","14":"purchasable","15":"product-type-simple"},"_links":{"self":[{"href":"https:\/\/a-pant.ee\/ru\/wp-json\/wp\/v2\/product\/23280","targetHints":{"allow":["GET"]}}],"collection":[{"href":"https:\/\/a-pant.ee\/ru\/wp-json\/wp\/v2\/product"}],"about":[{"href":"https:\/\/a-pant.ee\/ru\/wp-json\/wp\/v2\/types\/product"}],"replies":[{"embeddable":true,"href":"https:\/\/a-pant.ee\/ru\/wp-json\/wp\/v2\/comments?post=23280"}],"wp:featuredmedia":[{"embeddable":true,"href":"https:\/\/a-pant.ee\/ru\/wp-json\/wp\/v2\/media\/23281"}],"wp:attachment":[{"href":"https:\/\/a-pant.ee\/ru\/wp-json\/wp\/v2\/media?parent=23280"}],"wp:term":[{"taxonomy":"product_brand","embeddable":true,"href":"https:\/\/a-pant.ee\/ru\/wp-json\/wp\/v2\/product_brand?post=23280"},{"taxonomy":"product_cat","embeddable":true,"href":"https:\/\/a-pant.ee\/ru\/wp-json\/wp\/v2\/product_cat?post=23280"},{"taxonomy":"product_tag","embeddable":true,"href":"https:\/\/a-pant.ee\/ru\/wp-json\/wp\/v2\/product_tag?post=23280"}],"curies":[{"name":"wp","href":"https:\/\/api.w.org\/{rel}","templated":true}]}}