{"id":23224,"date":"2026-02-04T00:43:19","date_gmt":"2026-02-03T21:43:19","guid":{"rendered":"https:\/\/a-pant.ee\/product\/elektrosamokat-blaupunkt-esc808-edition\/"},"modified":"2026-02-22T12:47:12","modified_gmt":"2026-02-22T09:47:12","slug":"elektrosamokat-blaupunkt-esc808-edition-zaryadka-sumka","status":"publish","type":"product","link":"https:\/\/a-pant.ee\/ru\/product\/elektrosamokat-blaupunkt-esc808-edition-zaryadka-sumka\/","title":{"rendered":"\u042d\u043b\u0435\u043a\u0442\u0440\u043e\u0441\u0430\u043c\u043e\u043a\u0430\u0442 Blaupunkt ESC808 Edition + \u0417\u0430\u0440\u044f\u0434\u043a\u0430 + \u0421\u0443\u043c\u043a\u0430"},"content":{"rendered":"\n<p> Elektrit\u00f5ukerattas Blaupunkt ESC808 Edition + Laadija + Kott, heas seisu- ja t\u00f6\u00f6korras! <\/p><p> KIRJELDUS <\/p><p> Maksimaalne kiirus: 25 km\/h <br \/> Maksimaalne koormus: 120 kg <br \/> Kokkupanemine: jah <br \/> Soovitatav p\u00f5rand: mis tahes korrus <br \/> Toote v\u00e4rv: must, valge <br \/> Ehitatud ekraanil: jah <br \/> Ratta tuba: 2 ratast (a) <br \/> Kuvatud parameetrid: aku olek, kiirus <br \/> Ratta t\u00fc\u00fcp: t\u00e4ispuhutavad rattad <br \/> Esirehvi suurus (keiserlik): 21,6 cm (8,5 &#171;) <br \/> Tagumine piduris\u00fcsteem: kettapidur <br \/> Esik\u00fclg: jah <br \/> Kummist k\u00e4ed: jah <br \/> Energia <br \/> Mootori v\u00f5imsus: 350 vatti <br \/> Aku praegune tugevus: 2 a <br \/> Laadimisaeg: 2 tundi <br \/> Aku pinge: 42 V <br \/> Aku laadimise n\u00e4idustus: jah <br \/> Aku: jah <br \/> Eemaldatav aku: jah <br \/> Kaal ja m\u00f5\u00f5tmed <br \/> Laius: 1056 mm <br \/> S\u00fcgavus: 420 mm <br \/> K\u00f5rgus: 1186 mm <br \/> Kaal: 13,5 kg <br \/> Volditud k\u00f5rgus: 45 cm <\/p>\n","protected":false},"excerpt":{"rendered":"<p>Elektrit\u00f5ukerattas Blaupunkt ESC808 Edition + Laadija + Kott, heas seisu- ja t\u00f6\u00f6korras! KIRJELDUS Maksimaalne kiirus: 25 km\/h Maksimaalne koormus: 120 kg Kokkupanemine: jah Soovitatav p\u00f5rand: mis tahes korrus Toote v\u00e4rv: must, valge Ehitatud ekraanil: jah Ratta tuba: 2 ratast (a) Kuvatud parameetrid: aku olek, kiirus Ratta t\u00fc\u00fcp: t\u00e4ispuhutavad rattad Esirehvi suurus (keiserlik): 21,6 cm (8,5 [&hellip;]<\/p>\n","protected":false},"featured_media":23225,"comment_status":"closed","ping_status":"open","template":"","meta":{"inline_featured_image":false},"product_brand":[],"product_cat":[215],"product_tag":[],"class_list":{"0":"post-23224","1":"product","2":"type-product","3":"status-publish","4":"has-post-thumbnail","6":"product_cat-elektricheskie-samokaty","7":"product_shipping_class-oversize","8":"pa_asukoht-mustamae","9":"pa_seisukord-ispolzovano","11":"first","12":"instock","13":"taxable","14":"shipping-taxable","15":"purchasable","16":"product-type-simple"},"_links":{"self":[{"href":"https:\/\/a-pant.ee\/ru\/wp-json\/wp\/v2\/product\/23224","targetHints":{"allow":["GET"]}}],"collection":[{"href":"https:\/\/a-pant.ee\/ru\/wp-json\/wp\/v2\/product"}],"about":[{"href":"https:\/\/a-pant.ee\/ru\/wp-json\/wp\/v2\/types\/product"}],"replies":[{"embeddable":true,"href":"https:\/\/a-pant.ee\/ru\/wp-json\/wp\/v2\/comments?post=23224"}],"wp:featuredmedia":[{"embeddable":true,"href":"https:\/\/a-pant.ee\/ru\/wp-json\/wp\/v2\/media\/23225"}],"wp:attachment":[{"href":"https:\/\/a-pant.ee\/ru\/wp-json\/wp\/v2\/media?parent=23224"}],"wp:term":[{"taxonomy":"product_brand","embeddable":true,"href":"https:\/\/a-pant.ee\/ru\/wp-json\/wp\/v2\/product_brand?post=23224"},{"taxonomy":"product_cat","embeddable":true,"href":"https:\/\/a-pant.ee\/ru\/wp-json\/wp\/v2\/product_cat?post=23224"},{"taxonomy":"product_tag","embeddable":true,"href":"https:\/\/a-pant.ee\/ru\/wp-json\/wp\/v2\/product_tag?post=23224"}],"curies":[{"name":"wp","href":"https:\/\/api.w.org\/{rel}","templated":true}]}}