{"id":23210,"date":"2026-02-04T00:34:36","date_gmt":"2026-02-03T21:34:36","guid":{"rendered":"https:\/\/a-pant.ee\/product\/perforator-einhell-tc-rh-620\/"},"modified":"2026-02-22T12:48:30","modified_gmt":"2026-02-22T09:48:30","slug":"perforator-einhell-tc-rh-620","status":"publish","type":"product","link":"https:\/\/a-pant.ee\/ru\/product\/perforator-einhell-tc-rh-620\/","title":{"rendered":"\u041f\u0435\u0440\u0444\u043e\u0440\u0430\u0442\u043e\u0440 Einhell TC-RH 620"},"content":{"rendered":"\n<p> Puurvasar Einhell TC-RH 620 + kohver\u00a0, heas seisu- ja t\u00f6\u00f6korras! <\/p><p> Maksimaalne l\u00f6\u00f6gij\u00f5ud <br \/> 2,2 J <br \/> Kasseti t\u00fc\u00fcp <br \/> SDS Plus <br \/> Maksimaalne puurimise l\u00e4bim\u00f5\u00f5t (betoon) <br \/> 20 mm <br \/> T\u00f6\u00f6re\u017eiimid <br \/> meiseldamine, puurimine, meiseldamine <br \/> Funktsioonid <br \/> tagasik\u00e4ik, kiiruse reguleerimine <br \/> Disaini omadused <br \/> toitenupu lukk, turvasidur <br \/> L\u00f6\u00f6gisagedus 5200 l\u00f6\u00f6ki \/ min <br \/> pakett <br \/> juhtum <br \/> Kaal <br \/> 2,63 kg <\/p>\n","protected":false},"excerpt":{"rendered":"<p>Puurvasar Einhell TC-RH 620 + kohver\u00a0, heas seisu- ja t\u00f6\u00f6korras! Maksimaalne l\u00f6\u00f6gij\u00f5ud 2,2 J Kasseti t\u00fc\u00fcp SDS Plus Maksimaalne puurimise l\u00e4bim\u00f5\u00f5t (betoon) 20 mm T\u00f6\u00f6re\u017eiimid meiseldamine, puurimine, meiseldamine Funktsioonid tagasik\u00e4ik, kiiruse reguleerimine Disaini omadused toitenupu lukk, turvasidur L\u00f6\u00f6gisagedus 5200 l\u00f6\u00f6ki \/ min pakett juhtum Kaal 2,63 kg<\/p>\n","protected":false},"featured_media":23211,"comment_status":"closed","ping_status":"open","template":"","meta":{"inline_featured_image":false},"product_brand":[],"product_cat":[239],"product_tag":[],"class_list":{"0":"post-23210","1":"product","2":"type-product","3":"status-publish","4":"has-post-thumbnail","6":"product_cat-perforatory-i-dreli","7":"pa_asukoht-mustamae","8":"pa_seisukord-ispolzovano","10":"first","11":"instock","12":"taxable","13":"shipping-taxable","14":"purchasable","15":"product-type-simple"},"_links":{"self":[{"href":"https:\/\/a-pant.ee\/ru\/wp-json\/wp\/v2\/product\/23210","targetHints":{"allow":["GET"]}}],"collection":[{"href":"https:\/\/a-pant.ee\/ru\/wp-json\/wp\/v2\/product"}],"about":[{"href":"https:\/\/a-pant.ee\/ru\/wp-json\/wp\/v2\/types\/product"}],"replies":[{"embeddable":true,"href":"https:\/\/a-pant.ee\/ru\/wp-json\/wp\/v2\/comments?post=23210"}],"wp:featuredmedia":[{"embeddable":true,"href":"https:\/\/a-pant.ee\/ru\/wp-json\/wp\/v2\/media\/23211"}],"wp:attachment":[{"href":"https:\/\/a-pant.ee\/ru\/wp-json\/wp\/v2\/media?parent=23210"}],"wp:term":[{"taxonomy":"product_brand","embeddable":true,"href":"https:\/\/a-pant.ee\/ru\/wp-json\/wp\/v2\/product_brand?post=23210"},{"taxonomy":"product_cat","embeddable":true,"href":"https:\/\/a-pant.ee\/ru\/wp-json\/wp\/v2\/product_cat?post=23210"},{"taxonomy":"product_tag","embeddable":true,"href":"https:\/\/a-pant.ee\/ru\/wp-json\/wp\/v2\/product_tag?post=23210"}],"curies":[{"name":"wp","href":"https:\/\/api.w.org\/{rel}","templated":true}]}}